{"id":1210,"date":"2019-02-09T16:28:16","date_gmt":"2019-02-09T15:28:16","guid":{"rendered":"https:\/\/naturheilzentrum-buchweizenberg.de\/?page_id=1210"},"modified":"2019-03-17T00:00:24","modified_gmt":"2019-03-16T23:00:24","slug":"pneumatron-massage","status":"publish","type":"page","link":"https:\/\/naturheilzentrum-buchweizenberg.de\/es\/therapien\/massage-am-buchweizenberg\/pneumatron-massage\/","title":{"rendered":"Pneumatron-Massage"},"content":{"rendered":"<p>Das Pneumatron-Ger\u00e4t erm\u00f6glicht gleichzeitig eine Massage, ein Schr\u00f6pfen und eine Lymphdrainage. Daher ist diese Massage eine tiefgreifende biologische Hilfe bei allen Muskel-, Sehnen- und Gelenk-Problemen.<\/p>\n<p>Viele Therapeuten am Buchweizenberg geben diese Massage. Sie kann am Ende einer chiropraktischen Therapie oder einzeln als Massage-Einheit genutzt werden.<\/p>\n","protected":false},"excerpt":{"rendered":"<p>Das Pneumatron-Ger\u00e4t erm\u00f6glicht gleichzeitig eine Massage, ein Schr\u00f6pfen und eine Lymphdrainage. Daher ist diese Massage eine tiefgreifende biologische Hilfe bei<\/p>\n","protected":false},"author":1,"featured_media":0,"parent":447,"menu_order":0,"comment_status":"closed","ping_status":"closed","template":"","meta":{"footnotes":""},"class_list":["post-1210","page","type-page","status-publish","hentry"],"translation":{"provider":"WPGlobus","version":"3.0.2","language":"es","enabled_languages":["de","gb","es"],"languages":{"de":{"title":true,"content":true,"excerpt":false},"gb":{"title":false,"content":false,"excerpt":false},"es":{"title":false,"content":false,"excerpt":false}}},"_links":{"self":[{"href":"https:\/\/naturheilzentrum-buchweizenberg.de\/es\/wp-json\/wp\/v2\/pages\/1210","targetHints":{"allow":["GET"]}}],"collection":[{"href":"https:\/\/naturheilzentrum-buchweizenberg.de\/es\/wp-json\/wp\/v2\/pages"}],"about":[{"href":"https:\/\/naturheilzentrum-buchweizenberg.de\/es\/wp-json\/wp\/v2\/types\/page"}],"author":[{"embeddable":true,"href":"https:\/\/naturheilzentrum-buchweizenberg.de\/es\/wp-json\/wp\/v2\/users\/1"}],"replies":[{"embeddable":true,"href":"https:\/\/naturheilzentrum-buchweizenberg.de\/es\/wp-json\/wp\/v2\/comments?post=1210"}],"version-history":[{"count":3,"href":"https:\/\/naturheilzentrum-buchweizenberg.de\/es\/wp-json\/wp\/v2\/pages\/1210\/revisions"}],"predecessor-version":[{"id":2296,"href":"https:\/\/naturheilzentrum-buchweizenberg.de\/es\/wp-json\/wp\/v2\/pages\/1210\/revisions\/2296"}],"up":[{"embeddable":true,"href":"https:\/\/naturheilzentrum-buchweizenberg.de\/es\/wp-json\/wp\/v2\/pages\/447"}],"wp:attachment":[{"href":"https:\/\/naturheilzentrum-buchweizenberg.de\/es\/wp-json\/wp\/v2\/media?parent=1210"}],"curies":[{"name":"wp","href":"https:\/\/api.w.org\/{rel}","templated":true}]}}