{"id":1242,"date":"2019-02-09T16:52:09","date_gmt":"2019-02-09T15:52:09","guid":{"rendered":"https:\/\/naturheilzentrum-buchweizenberg.de\/?page_id=1242"},"modified":"2019-03-16T18:29:22","modified_gmt":"2019-03-16T17:29:22","slug":"magnetresonanz-diagnostik","status":"publish","type":"page","link":"https:\/\/naturheilzentrum-buchweizenberg.de\/es\/therapien\/diagnostik\/magnetresonanz-diagnostik\/","title":{"rendered":"Magnetresonanz-Diagnostik"},"content":{"rendered":"<p><span class=\"xr_s86\"><span class=\"xr_tl xr_s8\">Seit 2005 gibt es in Deutschland die zun\u00e4chst aus Ru\u00dfland stammenden Diagnostiksysteme. Die Russen waren und sind uns in\u00a0<\/span><span class=\"xr_tl xr_s8\">diesem Gebiet weit voraus, allerdings werden in der letzten Zeit direkt bei uns erstaunlich gute Systeme entwickelt.<\/span>\u00a0<span class=\"xr_tl xr_s8\">Das erste System hie\u00df ETASCAN. Wir waren am Buchweizenberg einer der ersten \u00fcberhaupt, die solch ein System bereits 2005\u00a0<\/span><span class=\"xr_tl xr_s8\">eingesetzt haben.<\/span><\/span><\/p>\n<p><span class=\"xr_s86\"><span class=\"xr_tl xr_s8\">Danach kam METASCAN, mit dem der K\u00f6rper des Patienten auf Erkrankungen, Schadstoffe, Bakterien, Viren und Parasiten getestet\u00a0<\/span><span class=\"xr_tl xr_s8\">werden konnte. Das war geradezu grandios und wirkte wie eine kleine Revolution in der Naturheilkunde.<\/span>\u00a0<span class=\"xr_tl xr_s8\">Allerdings blieb die Entwicklung nicht stehen und der Satz von Jean-Claude Alix (2005) \u201eDer Medizinmann der Zukunft wird kein Chemiker mehr sein,\u00a0<\/span><span class=\"xr_tl xr_s8\">sondern ein Physiker.\u201c nimmt immer mehr Gestalt an. Die Physik dr\u00e4ngt in die Medizin mit ihren Beweisen der Quantenphysik. Es gibt\u00a0<\/span><span class=\"xr_tl xr_s8\">hier keinen Platz mehr f\u00fcr Interpretationsm\u00e4rchen. Die \u00c4ra von Virchow, Pasteur und Robert Koch mit ihrer Zellularpathologie ist\u00a0<\/span><span class=\"xr_tl xr_s8\">\u00fcberholt und beendet und f\u00fchrt sich zurzeit selbst ad absurdum. Sie brauchen nur in Ihrer Umgebung die Anzahl der Toten durch\u00a0<\/span><span class=\"xr_tl xr_s8\">Krankheit anzuschauen.<\/span><\/span><\/p>\n<p><span class=\"xr_s86\"><span class=\"xr_tl xr_s8\">Nach METAScan\u00a0 benutzten wir das neue System CyberTrone \u00ae, das f\u00fcr uns wieder ein Schritt nach vorn bedeutete: mit diesem\u00a0<\/span><span class=\"xr_tl xr_s8\">System war es nicht nur m\u00f6glich, die k\u00f6rperlichen Geschehen zu beleuchten, sondern auch psychische Belange.<\/span><\/span><\/p>\n<p><span class=\"xr_s86\"><span class=\"xr_tl xr_s8\">Aber die Technik der Magnetresonanz machte und macht weiter hervorragende Fortschritte. Mittlerweile sind wir mit diesen Verfahren\u00a0<\/span><span class=\"xr_tl xr_s8\">in der Lage, jede Zelle des K\u00f6rpers zu befragen, ob sie in Ordnung ist oder nicht. Dahinter steckt jahrzehntelange Forschung und\u00a0<\/span><span class=\"xr_tl xr_s8\">Pr\u00fcfung von jedem Organgewebe. So haben zum Beispiel in m\u00fchsamer Pionierarbeit Paul Schmidt und Herr Pioch Frequenz-Atlanten\u00a0<\/span><span class=\"xr_tl xr_s8\">erarbeitet, in denen alle Frequenzen des K\u00f6rpers nachzulesen sind.<\/span><\/span><\/p>\n<p><span class=\"xr_s86\"><span class=\"xr_tl xr_s8\">Auch die Arbeiten von Dr. Rife (Zapper) und Robert O. Becker sind in diese Forschung eingeflossen. In der Spitzentechnologie werden diese Verfahren der Quantenphysik bereits seit Jahren angewandt.<\/span><\/span><\/p>\n<p><span class=\"xr_s86\"><span class=\"xr_tl xr_s8\">In der Raumforschung, v.a. in der ehemaligen Sowjetunion, wurden Astronauten w\u00e4hrend ihrer manchmal mehrj\u00e4hrigen\u00a0<\/span><span class=\"xr_tl xr_s8\">Weltallaufenthalte durch die Magnetresonanztechniken t\u00e4glich von der Bodenstation ferngetestet und sogar ferntherapiert.\u00a0<\/span><span class=\"xr_tl xr_s8\">Lustigerweise wurde der Kern dieses Systems von einem deutschen Wissenschaftlerteam etwa um 1930 in seinen Grundz\u00fcgen\u00a0<\/span><span class=\"xr_tl xr_s8\">erdacht. Ebenfalls lustigerweise hat unser Kollege Jean-Claud Alix pers\u00f6nlich seine Diplomarbeit zum Diplom-Informatiker \u00fcber dieses Thema verfa\u00dft. Es soll\u00a0<\/span><span class=\"xr_tl xr_s8\">keinen Zufall geben!!!!<\/span><\/span><\/p>\n<p><span class=\"xr_s86\"><span class=\"xr_tl xr_s8\">Dieses hervorragende nichtinvasive und nicht sch\u00e4digende Testverfahren steht uns heute mit dem Ger\u00e4t TimeWaver\u00ae hier bei uns am\u00a0<\/span><span class=\"xr_tl xr_s8\">Buchweizenberg zur Verf\u00fcgung. So bieten wir eine vollst\u00e4ndige \u00dcberpr\u00fcfung des K\u00f6rpers -Organ f\u00fcr Organ- an. In den Grenzen der\u00a0<\/span><span class=\"xr_tl xr_s8\">Machbarkeit k\u00f6nnen wir sogar zus\u00e4tzlich quasi jede Organbelastung feststellen, egal ob sie durch Chemie, Schwermetalle oder\u00a0<\/span><span class=\"xr_tl xr_s8\">Mikroorganismen entstanden ist. Es ist die Diagnostik der Zukunft, die innerhalb weniger Jahre alle R\u00f6ntgen-, MRT- und\u00a0<\/span><span class=\"xr_tl xr_s8\">Ultraschallger\u00e4te ins Museum bef\u00f6rdern wird\u2026 sie ist schon heute Realit\u00e4t am Buchweizenberg!<\/span><\/span><\/p>\n<p><span class=\"xr_s86\"><span class=\"xr_tl xr_s8\">Allerdings: Wer das bisher letztes Buch \u201eEs geht um Ihr Leben\u201c von Jean-Claude Alix gelesen hat, der wei\u00df, da\u00df Diagnosen nicht wirklich wichtig sind und nicht\u00a0<\/span><span class=\"xr_tl xr_s8\">viel Anderes sind als auf ein St\u00fcck Papier gedruckte Buchstaben.<\/span><\/span><\/p>\n<p><span class=\"xr_s86\"><span class=\"xr_tl xr_s8\">Eine Gruppe von Menschen einigt sich bei ein paar Symptomen auf ein Wort der Diagnose und f\u00fchren ab Diagnosestellung\u00a0<\/span><span class=\"xr_tl xr_s8\">standardisierte Therapien durch, ohne weiter nachzudenken. Das kann keine gute Medizin sein. Diagnosen sind f\u00fcr uns lediglich\u00a0<\/span><span class=\"xr_tl xr_s8\">Hinweise, die immer hinterfragt werden m\u00fcssen.<\/span><\/span><\/p>\n<p><span class=\"xr_s86\"><span class=\"xr_tl xr_s8\">Viel wichtiger ist es, die Verbindung zur der ersten Ursache zu finden, damit die Problematik in ihrer Ganzheit verstanden wird. Heilung\u00a0<\/span><span class=\"xr_tl xr_s8\">bedarf des Verst\u00e4ndnisses. Ohne die Enth\u00fcllung der Ursachen einer Erkrankung kann keine heilbringende Therapie stattfinden.<\/span><\/span><\/p>\n<p><span class=\"xr_s86\"><span class=\"xr_tl xr_s8\">Genau das leistet der TimeWaver . Er gibt uns die M\u00f6glichkeit, im Dialog mit dem Patienten die Ursachen seiner Probleme,\u00a0<\/span><span class=\"xr_tl xr_s8\">wortw\u00f6rtlich, zu entdecken. Dann k\u00f6nnen Sie die Diagnose vergessen.<\/span><\/span><\/p>\n","protected":false},"excerpt":{"rendered":"<p>Seit 2005 gibt es in Deutschland die zun\u00e4chst aus Ru\u00dfland stammenden Diagnostiksysteme. Die Russen waren und sind uns in\u00a0diesem Gebiet<\/p>\n","protected":false},"author":1,"featured_media":0,"parent":458,"menu_order":0,"comment_status":"closed","ping_status":"closed","template":"","meta":{"footnotes":""},"class_list":["post-1242","page","type-page","status-publish","hentry"],"translation":{"provider":"WPGlobus","version":"3.0.2","language":"es","enabled_languages":["de","gb","es"],"languages":{"de":{"title":true,"content":true,"excerpt":false},"gb":{"title":false,"content":false,"excerpt":false},"es":{"title":false,"content":false,"excerpt":false}}},"_links":{"self":[{"href":"https:\/\/naturheilzentrum-buchweizenberg.de\/es\/wp-json\/wp\/v2\/pages\/1242","targetHints":{"allow":["GET"]}}],"collection":[{"href":"https:\/\/naturheilzentrum-buchweizenberg.de\/es\/wp-json\/wp\/v2\/pages"}],"about":[{"href":"https:\/\/naturheilzentrum-buchweizenberg.de\/es\/wp-json\/wp\/v2\/types\/page"}],"author":[{"embeddable":true,"href":"https:\/\/naturheilzentrum-buchweizenberg.de\/es\/wp-json\/wp\/v2\/users\/1"}],"replies":[{"embeddable":true,"href":"https:\/\/naturheilzentrum-buchweizenberg.de\/es\/wp-json\/wp\/v2\/comments?post=1242"}],"version-history":[{"count":3,"href":"https:\/\/naturheilzentrum-buchweizenberg.de\/es\/wp-json\/wp\/v2\/pages\/1242\/revisions"}],"predecessor-version":[{"id":2290,"href":"https:\/\/naturheilzentrum-buchweizenberg.de\/es\/wp-json\/wp\/v2\/pages\/1242\/revisions\/2290"}],"up":[{"embeddable":true,"href":"https:\/\/naturheilzentrum-buchweizenberg.de\/es\/wp-json\/wp\/v2\/pages\/458"}],"wp:attachment":[{"href":"https:\/\/naturheilzentrum-buchweizenberg.de\/es\/wp-json\/wp\/v2\/media?parent=1242"}],"curies":[{"name":"wp","href":"https:\/\/api.w.org\/{rel}","templated":true}]}}