{"id":1254,"date":"2019-02-09T17:01:09","date_gmt":"2019-02-09T16:01:09","guid":{"rendered":"https:\/\/naturheilzentrum-buchweizenberg.de\/?page_id=1254"},"modified":"2019-03-16T18:30:44","modified_gmt":"2019-03-16T17:30:44","slug":"die-blut-untersuchung-nach-prof-enderlein-im-dunkelfeldmikroskop","status":"publish","type":"page","link":"https:\/\/naturheilzentrum-buchweizenberg.de\/es\/therapien\/diagnostik\/die-blut-untersuchung-nach-prof-enderlein-im-dunkelfeldmikroskop\/","title":{"rendered":"Die Blut-Untersuchung nach Prof. Enderlein im Dunkelfeldmikroskop"},"content":{"rendered":"<p>Diese Untersuchung geh\u00f6rt zum Standard-Vorsorgeprogramm unserer Praxis. Das frische Blut wird ohne jegliche Zus\u00e4tze lebend in der Dunkelfeldmikroskopie auf Ver\u00e4nderungen hin untersucht. Somit werden Belastungen fr\u00fchzeitig festgestellt, bzw. deren Abklingen als Therapiekontrolle \u00fcberpr\u00fcft. Das Blut ist das kostbarste Gewebe des K\u00f6rpers, es beinhaltet ALLE Informationen. Wir betrachten insbesondere das rote Blut und damit den lebenswichtigen Sauerstofftransport. Dar\u00fcber hinaus wird bei dieser Untersuchung ein Parameter auf einfache Weise abgesch\u00e4tzt, der sonst nicht zu ermitteln ist: der Grad der \u00dcbers\u00e4uerung im K\u00f6rper. Urinpr\u00fcfungen geben hierf\u00fcr oft gef\u00e4lschte Informationen. Nur mit der Dunkelfeldmikroskopie k\u00f6nnen wir die Kristall- und Filite-Bildung in einem \u00fcbers\u00e4uerten Blut sehen. Das zeigen wir Ihnen an Ihrem Blut.<\/p>\n<p>Die Dunkelfeld-Mikroskopie erm\u00f6glicht eine umfassende pr\u00e4zise Diagnostik.<\/p>\n<p>M\u00f6glichkeiten der Dunkelfeld-Diagnostik:<\/p>\n<ul>\n<li>Beurteilung des Blutmilieus: lebendes Blut ohne Verf\u00e4lschungen durch F\u00e4rben oder Fixieren<\/li>\n<li>Beurteilen des S\u00e4uren-Basen-Haushaltes<\/li>\n<li>Hinweise auf Durchblutungsprobleme<\/li>\n<li>Hinweise auf Entz\u00fcndungen, Infektionen, Allergien und Unvertr\u00e4glichkeiten<\/li>\n<li>Hinweise auf Eisenmangel bzw. Eisenverwertungsst\u00f6rungen<\/li>\n<li>Hinweise auf St\u00f6rungen im Bereich der Leber, Bauchspeicheldr\u00fcse, Schilddr\u00fcse, Nieren, Darm<\/li>\n<li>Hinweise auf St\u00f6rungen im Immunsystem (zellul\u00e4re und regulatorische Abwehr)<\/li>\n<li>Hinweise auf Schadstoffbelastungen<\/li>\n<li>Erkennen von symbiontischen Entgleisungen mit Zuordnung zu den jeweiligen Zykloden<\/li>\n<\/ul>\n<p>Vorteile der Dunkelfeld-Diagnostik<\/p>\n<ul>\n<li>Erkennen von Krankheitstendenzen bevor Laborwerte abweichen<\/li>\n<li>Gute Therapiekontrolle \u2013 nach zielgerichteter Therapie bereits nach ca. 5 Wochen deutliche Blutbildver\u00e4nderungen<\/li>\n<\/ul>\n<p>Auf der Grundlage dieser Diagnostik ist es m\u00f6glich, unabh\u00e4ngig von der Anamnese einen gezielten Behandlungsplan f\u00fcr den Patienten zu erstellen. Bereits nach vier bis sechs Wochen l\u00e4sst sich dann anhand einer erneuten Dunkelfeld-Mikroskopie der Behandlungserfolg darstellen und die weitere therapeutische Vorgehensweise zu planen. Somit ist die Dunkelfeld-Mikroskopie ein unverzichtbares Element f\u00fcr die erfogreiche Behandlung.<\/p>\n","protected":false},"excerpt":{"rendered":"<p>Diese Untersuchung geh\u00f6rt zum Standard-Vorsorgeprogramm unserer Praxis. Das frische Blut wird ohne jegliche Zus\u00e4tze lebend in der Dunkelfeldmikroskopie auf Ver\u00e4nderungen<\/p>\n","protected":false},"author":1,"featured_media":0,"parent":458,"menu_order":0,"comment_status":"closed","ping_status":"closed","template":"","meta":{"footnotes":""},"class_list":["post-1254","page","type-page","status-publish","hentry"],"translation":{"provider":"WPGlobus","version":"3.0.2","language":"es","enabled_languages":["de","gb","es"],"languages":{"de":{"title":true,"content":true,"excerpt":false},"gb":{"title":false,"content":false,"excerpt":false},"es":{"title":false,"content":false,"excerpt":false}}},"_links":{"self":[{"href":"https:\/\/naturheilzentrum-buchweizenberg.de\/es\/wp-json\/wp\/v2\/pages\/1254","targetHints":{"allow":["GET"]}}],"collection":[{"href":"https:\/\/naturheilzentrum-buchweizenberg.de\/es\/wp-json\/wp\/v2\/pages"}],"about":[{"href":"https:\/\/naturheilzentrum-buchweizenberg.de\/es\/wp-json\/wp\/v2\/types\/page"}],"author":[{"embeddable":true,"href":"https:\/\/naturheilzentrum-buchweizenberg.de\/es\/wp-json\/wp\/v2\/users\/1"}],"replies":[{"embeddable":true,"href":"https:\/\/naturheilzentrum-buchweizenberg.de\/es\/wp-json\/wp\/v2\/comments?post=1254"}],"version-history":[{"count":4,"href":"https:\/\/naturheilzentrum-buchweizenberg.de\/es\/wp-json\/wp\/v2\/pages\/1254\/revisions"}],"predecessor-version":[{"id":2285,"href":"https:\/\/naturheilzentrum-buchweizenberg.de\/es\/wp-json\/wp\/v2\/pages\/1254\/revisions\/2285"}],"up":[{"embeddable":true,"href":"https:\/\/naturheilzentrum-buchweizenberg.de\/es\/wp-json\/wp\/v2\/pages\/458"}],"wp:attachment":[{"href":"https:\/\/naturheilzentrum-buchweizenberg.de\/es\/wp-json\/wp\/v2\/media?parent=1254"}],"curies":[{"name":"wp","href":"https:\/\/api.w.org\/{rel}","templated":true}]}}