{"id":1436,"date":"2019-02-16T16:25:20","date_gmt":"2019-02-16T15:25:20","guid":{"rendered":"https:\/\/naturheilzentrum-buchweizenberg.de\/?page_id=1436"},"modified":"2025-08-04T11:49:59","modified_gmt":"2025-08-04T09:49:59","slug":"aromatogramm","status":"publish","type":"page","link":"https:\/\/naturheilzentrum-buchweizenberg.de\/es\/therapien\/diagnostik\/aromatogramm\/","title":{"rendered":"Aromatogramm"},"content":{"rendered":"<p>Die Aromatherapie ist ein Teil der Phytotherapie, welche bei diversen Krankheitsbildern eine immer gr\u00f6\u00dfere Bedeutung erlangt. So werden \u00e4therische \u00d6le bei bakteriellen Infektionen und Mykosen eingesetzt, um diese zu therapieren.<\/p>\n<p>Bei welchen Indikationen ist es sinnvoll, ein Aromatogramm anzufertigen? Welche \u00e4therischen \u00d6le werden f\u00fcr das Aromatogramm eingesetzt?<\/p>\n<p>Das Aromatogramm zeigt Ihnen auf, welche \u00e4therischen \u00d6le gegen den jeweiligen Krankheitserreger wirken. Verwendet werden zum Beispiel Cistrose, Weihrauch, Teebaum, Lavendel und viele mehr. Dabei entfalten Aroma\u00f6le h\u00e4ufig eine gute Wirkung gerade auch gegen schwer zu bek\u00e4mpfende oder Antibiotika-resistente Keime. Zur Erstellung eines Aromatogrammes werden die zu testenden Bakterien und Pilze auf ein N\u00e4hrmedium aufgebracht und Testpl\u00e4ttchen, getr\u00e4nkt mit verschiedenen \u00e4therischen \u00d6len, aufgelegt. Nach 1-2t\u00e4gigem Wachstum der Mikroorganismen wird anhand der Gr\u00f6\u00dfe des Hemmhofes bestimmt, welche \u00e4therischen \u00d6le gegen den Erreger die beste Wirkung zeigen.<\/p>\n<p>Was bedeutet das nun in der Praxis?<\/p>\n<p>Wenn wir im Rahmen einer Beratung oder Behandlung den Eindruck gewinnen, dass eine Behandlung mit \u00e4therischen \u00d6len angezeigt ist, werden wir Sie in diesem Sinne beraten. Um eine entsprechende \u00d6lmischung herstellen lassen zu k\u00f6nnen wird als erstes ein Abstrich in ein spezielles Labor gesandt. Dort wird nun, wie oben beschrieben, ermittelt, gegen welche \u00e4therischen \u00d6le die Erreger besonders sensibel sind. Aufgrund dieser Ergebnisse wird nun in der Apotheke eine entsprechende \u00d6lmischung, Salbe oder Z\u00e4pfchen individuell hergestellt.<\/p>\n<p>In einer Zeit, in der immer mehr Erreger (und auch Pilze) Resistent werden gegen Antibiotika und Antimykotika erscheint diese Methode bestechend einfach und effizient.<\/p>\n","protected":false},"excerpt":{"rendered":"<p>Die Aromatherapie ist ein Teil der Phytotherapie, welche bei diversen Krankheitsbildern eine immer gr\u00f6\u00dfere Bedeutung erlangt. So werden \u00e4therische \u00d6le<\/p>\n","protected":false},"author":1,"featured_media":0,"parent":458,"menu_order":0,"comment_status":"closed","ping_status":"closed","template":"","meta":{"footnotes":""},"class_list":["post-1436","page","type-page","status-publish","hentry"],"translation":{"provider":"WPGlobus","version":"3.0.2","language":"es","enabled_languages":["de","gb","es"],"languages":{"de":{"title":true,"content":true,"excerpt":false},"gb":{"title":false,"content":false,"excerpt":false},"es":{"title":false,"content":false,"excerpt":false}}},"_links":{"self":[{"href":"https:\/\/naturheilzentrum-buchweizenberg.de\/es\/wp-json\/wp\/v2\/pages\/1436","targetHints":{"allow":["GET"]}}],"collection":[{"href":"https:\/\/naturheilzentrum-buchweizenberg.de\/es\/wp-json\/wp\/v2\/pages"}],"about":[{"href":"https:\/\/naturheilzentrum-buchweizenberg.de\/es\/wp-json\/wp\/v2\/types\/page"}],"author":[{"embeddable":true,"href":"https:\/\/naturheilzentrum-buchweizenberg.de\/es\/wp-json\/wp\/v2\/users\/1"}],"replies":[{"embeddable":true,"href":"https:\/\/naturheilzentrum-buchweizenberg.de\/es\/wp-json\/wp\/v2\/comments?post=1436"}],"version-history":[{"count":4,"href":"https:\/\/naturheilzentrum-buchweizenberg.de\/es\/wp-json\/wp\/v2\/pages\/1436\/revisions"}],"predecessor-version":[{"id":4370,"href":"https:\/\/naturheilzentrum-buchweizenberg.de\/es\/wp-json\/wp\/v2\/pages\/1436\/revisions\/4370"}],"up":[{"embeddable":true,"href":"https:\/\/naturheilzentrum-buchweizenberg.de\/es\/wp-json\/wp\/v2\/pages\/458"}],"wp:attachment":[{"href":"https:\/\/naturheilzentrum-buchweizenberg.de\/es\/wp-json\/wp\/v2\/media?parent=1436"}],"curies":[{"name":"wp","href":"https:\/\/api.w.org\/{rel}","templated":true}]}}