{"id":1560,"date":"2019-02-18T14:50:10","date_gmt":"2019-02-18T13:50:10","guid":{"rendered":"https:\/\/naturheilzentrum-buchweizenberg.de\/?page_id=1560"},"modified":"2025-08-04T11:56:04","modified_gmt":"2025-08-04T09:56:04","slug":"beratung","status":"publish","type":"page","link":"https:\/\/naturheilzentrum-buchweizenberg.de\/es\/therapien\/beratung\/","title":{"rendered":"Allgemeine Informationen Naturheilkunde"},"content":{"rendered":"<p>Zu Beginn einer Behandlung ist es f\u00fcr uns als Therapeuten sehr wichtig, Sie als Patient erst einmal kennen zu lernen. Das bedeutet, dass wir nicht nur wissen m\u00f6chten, wo es gerade am meisten weh tut. Uns ist es wichtig, Ihre gesamt Geschichte zu h\u00f6ren und uns aufgrund dessen ein Bild der gesamten Entwicklung bis hin zum jetzigen Beschwerdebild zu machen. Wir suchen die Ursachen f\u00fcr die Erkrankung als Grundlage f\u00fcr unsere Behandlung. Nur wenn man versteht, warum etwas so ist, wie es nun ist, kann man erfolgreich etwas \u00e4ndern.<\/p>\n<p>Warum ist dieses Vorgehen so wichtig?<\/p>\n<p>Jede Krankheit hat eine Vorgeschichte. Unser K\u00f6rper ist so konzipiert, dass er sehr lange &#8220;Kleinigkeiten&#8221; kompensiert. In unserer Vorgeschichte als J\u00e4ger und Sammler war dieser Mechanismus \u00fcberlebenswichtig. Und gerade in der modernen Gesellschaft m\u00fcssen wir ja funktionieren! Wer kann sich schon Kopfschmerzen oder Bauchschmerzen leisten? Wer darf heute noch eine Erk\u00e4ltung oder Schlimmeres auskurieren und dem K\u00f6rper Erholung geben? Nicht einmal ein Kind im Kindergarten kann das. Sp\u00e4stestens am 3. Tag eines Infektes werden die Kleinen dann mit der Antibiotikaflasche unter dem Arm in den Kindergarten geschickt. Der Arzt hat ja gesagt, das ist kein Problem. Wie traurig: In dieser Flasche gibt es kein Kuscheln mit Mama, keine Erholung mit Geschichten vorlesen und dem Gef\u00fchl der Geborgenheit. Und schon gar nicht die Unterst\u00fctzung, die nun der K\u00f6rper und das Immunsystem brauchen, um wieder gesund zu werden. Was bleibt ist eine Defektheilung und eine dauerhafte Schw\u00e4che des Immunsystems und des Darms! Wer glaubt, dass das ohne Folgen bleibt? Der rasante Anstieg von Allergien und chronischen Krankheiten in den letzten Jahrzehnten spricht hier eine deutliche Sprache.<\/p>\n<p>Deshalb ist es uns so wichtig, zu verstehen, warum es bei Ihnen gerade so ist und nicht anders. Kein Mensch ist gleich und reagiert gleich. Nur wenn wir als Therapeuten K\u00f6rper, Geist und Seele bei einem Patienten gleicherma\u00dfen beachten und in unsere Therapie einbeziehen, haben wir eine gute Chance Sie auf dem Weg in die Heilung zu unterst\u00fctzen.<\/p>\n","protected":false},"excerpt":{"rendered":"<p>Zu Beginn einer Behandlung ist es f\u00fcr uns als Therapeuten sehr wichtig, Sie als Patient erst einmal kennen zu lernen.<\/p>\n","protected":false},"author":1,"featured_media":0,"parent":15,"menu_order":0,"comment_status":"closed","ping_status":"closed","template":"","meta":{"footnotes":""},"class_list":["post-1560","page","type-page","status-publish","hentry"],"translation":{"provider":"WPGlobus","version":"3.0.2","language":"es","enabled_languages":["de","gb","es"],"languages":{"de":{"title":true,"content":true,"excerpt":false},"gb":{"title":false,"content":false,"excerpt":false},"es":{"title":false,"content":false,"excerpt":false}}},"_links":{"self":[{"href":"https:\/\/naturheilzentrum-buchweizenberg.de\/es\/wp-json\/wp\/v2\/pages\/1560","targetHints":{"allow":["GET"]}}],"collection":[{"href":"https:\/\/naturheilzentrum-buchweizenberg.de\/es\/wp-json\/wp\/v2\/pages"}],"about":[{"href":"https:\/\/naturheilzentrum-buchweizenberg.de\/es\/wp-json\/wp\/v2\/types\/page"}],"author":[{"embeddable":true,"href":"https:\/\/naturheilzentrum-buchweizenberg.de\/es\/wp-json\/wp\/v2\/users\/1"}],"replies":[{"embeddable":true,"href":"https:\/\/naturheilzentrum-buchweizenberg.de\/es\/wp-json\/wp\/v2\/comments?post=1560"}],"version-history":[{"count":5,"href":"https:\/\/naturheilzentrum-buchweizenberg.de\/es\/wp-json\/wp\/v2\/pages\/1560\/revisions"}],"predecessor-version":[{"id":4373,"href":"https:\/\/naturheilzentrum-buchweizenberg.de\/es\/wp-json\/wp\/v2\/pages\/1560\/revisions\/4373"}],"up":[{"embeddable":true,"href":"https:\/\/naturheilzentrum-buchweizenberg.de\/es\/wp-json\/wp\/v2\/pages\/15"}],"wp:attachment":[{"href":"https:\/\/naturheilzentrum-buchweizenberg.de\/es\/wp-json\/wp\/v2\/media?parent=1560"}],"curies":[{"name":"wp","href":"https:\/\/api.w.org\/{rel}","templated":true}]}}