{"id":1566,"date":"2019-02-18T14:52:02","date_gmt":"2019-02-18T13:52:02","guid":{"rendered":"https:\/\/naturheilzentrum-buchweizenberg.de\/?page_id=1566"},"modified":"2019-03-16T23:58:11","modified_gmt":"2019-03-16T22:58:11","slug":"infusionen","status":"publish","type":"page","link":"https:\/\/naturheilzentrum-buchweizenberg.de\/es\/therapien\/infusionen\/","title":{"rendered":"Infusionen"},"content":{"rendered":"<p>Neben der Ozon-Infusion werden am Buchweizenberg alle Arten von intraven\u00f6sen Infusionen durchgef\u00fchrt. Die parenterale Gabe von Pr\u00e4paraten, also die Gabe von Pr\u00e4paraten unter Umgehung des Verdauungssystems, ist aus verschiedenen Gr\u00fcnden oft der beste Weg im Rahmen einer Behandlung.<\/p>\n<p>Zum einen gibt es Pr\u00e4parate, die \u00fcber das Verdauungssystem ihre Wirksamkeit verlieren, zum anderen hat eine Infusion h\u00e4ufig eine besondere, direkte Wirkung. Die sofortige sp\u00fcrbare Wirkung ist auch f\u00fcr die Patienten ein \u00fcberzeugendes Argument. Zumal der Therapeut hierdurch eine gezielte und kontrollierte Medikamentengabe erzielt.<\/p>\n<p>Am Buchweizenberg setzen wir die Infusionstherapie in vielen Bereichen ein. Sowohl bei akuten Geschehen bei denen eine schnelle Linderung erforderlich ist als auch bei chronischen Erkrankungen bei denen eine dauerhafte medikament\u00f6de Unterst\u00fctzung angezeigt ist.<\/p>\n","protected":false},"excerpt":{"rendered":"<p>Neben der Ozon-Infusion werden am Buchweizenberg alle Arten von intraven\u00f6sen Infusionen durchgef\u00fchrt. Die parenterale Gabe von Pr\u00e4paraten, also die Gabe<\/p>\n","protected":false},"author":1,"featured_media":0,"parent":15,"menu_order":0,"comment_status":"closed","ping_status":"closed","template":"","meta":{"footnotes":""},"class_list":["post-1566","page","type-page","status-publish","hentry"],"translation":{"provider":"WPGlobus","version":"3.0.2","language":"es","enabled_languages":["de","gb","es"],"languages":{"de":{"title":true,"content":true,"excerpt":false},"gb":{"title":false,"content":false,"excerpt":false},"es":{"title":false,"content":false,"excerpt":false}}},"_links":{"self":[{"href":"https:\/\/naturheilzentrum-buchweizenberg.de\/es\/wp-json\/wp\/v2\/pages\/1566","targetHints":{"allow":["GET"]}}],"collection":[{"href":"https:\/\/naturheilzentrum-buchweizenberg.de\/es\/wp-json\/wp\/v2\/pages"}],"about":[{"href":"https:\/\/naturheilzentrum-buchweizenberg.de\/es\/wp-json\/wp\/v2\/types\/page"}],"author":[{"embeddable":true,"href":"https:\/\/naturheilzentrum-buchweizenberg.de\/es\/wp-json\/wp\/v2\/users\/1"}],"replies":[{"embeddable":true,"href":"https:\/\/naturheilzentrum-buchweizenberg.de\/es\/wp-json\/wp\/v2\/comments?post=1566"}],"version-history":[{"count":4,"href":"https:\/\/naturheilzentrum-buchweizenberg.de\/es\/wp-json\/wp\/v2\/pages\/1566\/revisions"}],"predecessor-version":[{"id":2265,"href":"https:\/\/naturheilzentrum-buchweizenberg.de\/es\/wp-json\/wp\/v2\/pages\/1566\/revisions\/2265"}],"up":[{"embeddable":true,"href":"https:\/\/naturheilzentrum-buchweizenberg.de\/es\/wp-json\/wp\/v2\/pages\/15"}],"wp:attachment":[{"href":"https:\/\/naturheilzentrum-buchweizenberg.de\/es\/wp-json\/wp\/v2\/media?parent=1566"}],"curies":[{"name":"wp","href":"https:\/\/api.w.org\/{rel}","templated":true}]}}