{"id":1581,"date":"2019-02-18T14:56:05","date_gmt":"2019-02-18T13:56:05","guid":{"rendered":"https:\/\/naturheilzentrum-buchweizenberg.de\/?page_id=1581"},"modified":"2019-03-17T00:02:28","modified_gmt":"2019-03-16T23:02:28","slug":"myofasziale-triggeruepunkttherapie","status":"publish","type":"page","link":"https:\/\/naturheilzentrum-buchweizenberg.de\/es\/therapien\/myofasziale-triggeruepunkttherapie\/","title":{"rendered":"Myofasziale Triggerpunkttherapie"},"content":{"rendered":"<p>Bei myofaszialen Triggerpunkten handelt es sich um punktuelle Verh\u00e4rtungen in den Muskeln und in den dazugeh\u00f6rigen Muskelfaszien. Sie gelten als die h\u00e4ufigste Ursache von Schmerzen und Funktionsst\u00f6rungen im Bewegungsapparat.<br \/>\nMyofasziale Triggerpunkte werden in aktive und latente Triggerpunkte unterteilt. Aktive Triggerpunkte l\u00f6sen Schmerzen aus, deren Ursachen in ihrer unmittelbaren Umgebung liegen k\u00f6nnen. Ebenso aber k\u00f6nnen diese Schmerzen auch in andere entfernte K\u00f6rperregionen \u00fcbertragen werden. So k\u00f6nnen beispielsweise Triggerpunkte in der tiefen Wadenmuskulatur urs\u00e4chlich f\u00fcr Schmerzen im unteren R\u00fccken sein. Dieser \u00fcbertragene Schmerz ist in der internationalen Literatur als \u201eReferred pain\u201c bekannt. Latente Triggerpunkte k\u00f6nnen \u00fcber mehrere Jahre symptomlos in einem Muskel \u00fcberdauern oder durch bestimmte Ereignisse in aktive Triggerpunkte umgewandelt werden.<\/p>\n<p>Bei der Entstehung von Triggerpunkten spielen unterschiedliche Faktoren eine Rolle. H\u00e4ufig ist es ein Zusammenwirken mehrerer Faktoren. Myofasziale Triggerpunkte haben meist ihre Ursache in k\u00f6rperlicher Fehlbelastung oder \u00dcberlastung. Aber auch psychische Stressfaktoren und falsche Ern\u00e4hrung k\u00f6nnen die Entstehung von myofaszialen Triggerpunkten beg\u00fcnstigen.<br \/>\nTriggerpunkte f\u00fchren zu schmerzhaften Verspannungen und Verk\u00fcrzungen der Muskulatur sowie des umliegenden Bindegewebes. Folgen sind St\u00f6rungen der Funktion, der gesamten Statik und Fehlbelastungen der Gelenke. Langfristig k\u00f6nnen daraus strukturelle Sch\u00e4digungen und vorzeitiger Verschlei\u00df resultieren.<\/p>\n<p>Durch eine medikament\u00f6se Therapie kann das myofasziale Schmerzsyndrom nicht urs\u00e4chlich behandelt werden. Bestenfalls werden dadurch die Symptome gelindert.<\/p>\n<p>Ziel der Therapie myofaszialer Schmerzen ist die Aufl\u00f6sung der Triggerpunkte in Muskeln und Faszien, um die damit einhergehenden Schmerzen, Verspannungen und Verk\u00fcrzungen zu beseitigen. Die Behandlung richtet sich nach der Lokalisation der Triggerpunkte. Durch die exakte Diagnostik und Kombination unterschiedlicher moderner Therapieverfahren lassen sich hervorragende Behandlungsergebnisse erzielen. F\u00fcr jeden Patienten muss ein individuell abgestimmtes Behandlungskonzept erstellt werden.<\/p>\n","protected":false},"excerpt":{"rendered":"<p>Bei myofaszialen Triggerpunkten handelt es sich um punktuelle Verh\u00e4rtungen in den Muskeln und in den dazugeh\u00f6rigen Muskelfaszien. Sie gelten als<\/p>\n","protected":false},"author":1,"featured_media":0,"parent":15,"menu_order":0,"comment_status":"closed","ping_status":"closed","template":"","meta":{"footnotes":""},"class_list":["post-1581","page","type-page","status-publish","hentry"],"translation":{"provider":"WPGlobus","version":"3.0.2","language":"es","enabled_languages":["de","gb","es"],"languages":{"de":{"title":true,"content":true,"excerpt":false},"gb":{"title":false,"content":false,"excerpt":false},"es":{"title":false,"content":false,"excerpt":false}}},"_links":{"self":[{"href":"https:\/\/naturheilzentrum-buchweizenberg.de\/es\/wp-json\/wp\/v2\/pages\/1581","targetHints":{"allow":["GET"]}}],"collection":[{"href":"https:\/\/naturheilzentrum-buchweizenberg.de\/es\/wp-json\/wp\/v2\/pages"}],"about":[{"href":"https:\/\/naturheilzentrum-buchweizenberg.de\/es\/wp-json\/wp\/v2\/types\/page"}],"author":[{"embeddable":true,"href":"https:\/\/naturheilzentrum-buchweizenberg.de\/es\/wp-json\/wp\/v2\/users\/1"}],"replies":[{"embeddable":true,"href":"https:\/\/naturheilzentrum-buchweizenberg.de\/es\/wp-json\/wp\/v2\/comments?post=1581"}],"version-history":[{"count":3,"href":"https:\/\/naturheilzentrum-buchweizenberg.de\/es\/wp-json\/wp\/v2\/pages\/1581\/revisions"}],"predecessor-version":[{"id":2269,"href":"https:\/\/naturheilzentrum-buchweizenberg.de\/es\/wp-json\/wp\/v2\/pages\/1581\/revisions\/2269"}],"up":[{"embeddable":true,"href":"https:\/\/naturheilzentrum-buchweizenberg.de\/es\/wp-json\/wp\/v2\/pages\/15"}],"wp:attachment":[{"href":"https:\/\/naturheilzentrum-buchweizenberg.de\/es\/wp-json\/wp\/v2\/media?parent=1581"}],"curies":[{"name":"wp","href":"https:\/\/api.w.org\/{rel}","templated":true}]}}