{"id":1587,"date":"2019-02-18T14:57:44","date_gmt":"2019-02-18T13:57:44","guid":{"rendered":"https:\/\/naturheilzentrum-buchweizenberg.de\/?page_id=1587"},"modified":"2019-03-17T00:04:54","modified_gmt":"2019-03-16T23:04:54","slug":"tapen","status":"publish","type":"page","link":"https:\/\/naturheilzentrum-buchweizenberg.de\/es\/therapien\/tapen\/","title":{"rendered":"Tapen"},"content":{"rendered":"<div class=\"wpb_column vc_column_container vc_col-sm-6\">\n<div class=\"vc_column-inner\">\n<div class=\"wpb_wrapper\">\n<div class=\"wpb_text_column wpb_content_element \">\n<div class=\"wpb_wrapper\">\n<p>Schon vor ca. 3000 Jahren haben sich alte Kulturen mit der Technik des Verbandanlegens besch\u00e4ftigt, zum Beispiel mit Leinen, das in Harz getr\u00e4nkt\u00a0 und angelegt wurde. Im Laufe der Jahre wurde diese Methode stetig weiterentwickelt, u. a. von Paul Beiersdorf, der bereits 1882 das uns heute bekannte Leukoplast erfand oder dem japanischen Chiropraktiker Kenzo Kase, der vor ca. 30 Jahren ein Pflaster mit elastischen, atmungsaktiven und hautfreundlichen Eigenschaften entwickelte. Der Ursprung der heute angewandten Tapes.<\/p>\n<p>In\u00a0 L\u00e4ndern wie z. B. Amerika und Japan wird das Anlegen eines elastischen, selbstklebenden Verbandes schon lange praktiziert. Auch bei uns wird das so genannte Tapen (auch: Aku-Taping, Dolo-Taping, Kinesio-Taping, Medi-Taping, K-Taping u. a.) immer beliebter. Bei der Behandlung werden ca. 5 cm breite, elastische Baumwollklebeb\u00e4nder unter Zug direkt auf die Haut geklebt. Dabei stehen dem Heilpraktiker \u2013 je nach zugrunde liegender Indikation &#8211; verschiedenfarbige Tapes zur Verf\u00fcgung.\u00a0 Die Behandlung dient der Unterst\u00fctzung geschw\u00e4chter oder gesch\u00e4digter Gelenke, Muskeln, Sehen oder B\u00e4nder, der Durchblutungsf\u00f6rderung und der Schmerzreduktion. Vorbeugend oder behandelnd kommen Tapeb\u00e4nder z. B. nach Verletzungen, bei Erkrankungen oder Abnutzungserscheinungen am Bewegungsapparat, Nervenl\u00e4hmungen etc. zum Einsatz. Das Tapen bewirkt einen positiven Massageeffekt, steigert den Lymphfluss (und f\u00f6rdert somit z. B. den Abbau von H\u00e4matomen (\u201eblauen Flecken\u201c)), wirkt ausgleichend auf den Muskeltonus und regt die Selbstheilungskr\u00e4fte des K\u00f6rpers an.<\/p>\n<\/div>\n<\/div>\n<\/div>\n<\/div>\n<\/div>\n<div class=\"wpb_column vc_column_container vc_col-sm-6\">\n<div class=\"vc_column-inner\">\n<div class=\"wpb_wrapper\">\n<div class=\"wpb_text_column wpb_content_element \">\n<div class=\"wpb_wrapper\">\n<p>Die Therapie l\u00e4sst sich auch sehr gut z. B. mit Akupunktur, Chiropraktik oder Neuraltherapie kombinieren.<\/p>\n<\/div>\n<\/div>\n<\/div>\n<\/div>\n<\/div>\n","protected":false},"excerpt":{"rendered":"<p>Schon vor ca. 3000 Jahren haben sich alte Kulturen mit der Technik des Verbandanlegens besch\u00e4ftigt, zum Beispiel mit Leinen, das<\/p>\n","protected":false},"author":1,"featured_media":0,"parent":15,"menu_order":0,"comment_status":"closed","ping_status":"closed","template":"","meta":{"footnotes":""},"class_list":["post-1587","page","type-page","status-publish","hentry"],"translation":{"provider":"WPGlobus","version":"3.0.2","language":"es","enabled_languages":["de","gb","es"],"languages":{"de":{"title":true,"content":true,"excerpt":false},"gb":{"title":false,"content":false,"excerpt":false},"es":{"title":false,"content":false,"excerpt":false}}},"_links":{"self":[{"href":"https:\/\/naturheilzentrum-buchweizenberg.de\/es\/wp-json\/wp\/v2\/pages\/1587","targetHints":{"allow":["GET"]}}],"collection":[{"href":"https:\/\/naturheilzentrum-buchweizenberg.de\/es\/wp-json\/wp\/v2\/pages"}],"about":[{"href":"https:\/\/naturheilzentrum-buchweizenberg.de\/es\/wp-json\/wp\/v2\/types\/page"}],"author":[{"embeddable":true,"href":"https:\/\/naturheilzentrum-buchweizenberg.de\/es\/wp-json\/wp\/v2\/users\/1"}],"replies":[{"embeddable":true,"href":"https:\/\/naturheilzentrum-buchweizenberg.de\/es\/wp-json\/wp\/v2\/comments?post=1587"}],"version-history":[{"count":3,"href":"https:\/\/naturheilzentrum-buchweizenberg.de\/es\/wp-json\/wp\/v2\/pages\/1587\/revisions"}],"predecessor-version":[{"id":2275,"href":"https:\/\/naturheilzentrum-buchweizenberg.de\/es\/wp-json\/wp\/v2\/pages\/1587\/revisions\/2275"}],"up":[{"embeddable":true,"href":"https:\/\/naturheilzentrum-buchweizenberg.de\/es\/wp-json\/wp\/v2\/pages\/15"}],"wp:attachment":[{"href":"https:\/\/naturheilzentrum-buchweizenberg.de\/es\/wp-json\/wp\/v2\/media?parent=1587"}],"curies":[{"name":"wp","href":"https:\/\/api.w.org\/{rel}","templated":true}]}}