{"id":1643,"date":"2019-02-18T15:45:39","date_gmt":"2019-02-18T14:45:39","guid":{"rendered":"https:\/\/naturheilzentrum-buchweizenberg.de\/?page_id=1643"},"modified":"2019-03-16T18:22:45","modified_gmt":"2019-03-16T17:22:45","slug":"blutegel","status":"publish","type":"page","link":"https:\/\/naturheilzentrum-buchweizenberg.de\/es\/therapien\/blutegel\/","title":{"rendered":"Blutegeltherapie"},"content":{"rendered":"<p>Die Blutegeltherapie hat seit Jahrhunderten nicht nur in Europa Tradition. Nachdem sie einige Zeit in Vergessenheit geraten war findet sie nun wieder verst\u00e4rkt in den naturheilkundlichen Praxen Anwendung. Auch die Schulmedizin, und hier besonders Kliniken mit dem Schwerpunkt Chirurgie, haben die Blutegeltherapie im Bereich der Wundheilung und der entz\u00fcndungshemmenden Anwendung entdeckt.<\/p>\n<p>Das Besondere bei der Blutegeltherapie ist nicht der Blutverlust. Dieser ist im Vergleich zu einer Blutspende eher gering. Vielmehr sind es die therapeutisch wirkenden Substanzen im Sekret des Blutegels die diese Therapie so uners\u00e4tzlich machen.<\/p>\n<p>Die Zusammensetzung des Sekrets ist noch nicht vollst\u00e4ndig erforscht. Zur Zeit kennen wir 14 verschiedene therapeutisch wirksame Substanzen in dem Sekret. Der bekannteste ist sicherlich das gerinnungs- und entz\u00fcndungshemmend wirkende Hirudin. Andere Substanzen im Sekret wirken enzymhemmend, gef\u00e4\u00dferweiternd, schmerzstillend. Das Aufl\u00f6sen von Blutgerinseln und Ablagerungen, das F\u00f6rdern von Heilungsvorg\u00e4ngen im K\u00f6rper und die Wiederherstellung der gesunden Strukturen sind die unsch\u00e4tzbaren Vorteile einer Blutegelbehandlung. Auch wenn Blutegel vorzugsweise lokal am Geschehen angesetzt werden so zirkuliert das in die Wunden gegebene Sekret doch durch den gesamten Kreislauf im K\u00f6rper und wirkt dementsprechend ganz im Gedanken der Naturheilkunde ganzheitlich.<\/p>\n<p>Auch wenn die moderne Forschung noch lange nicht wei\u00df, wie viele und welche Substanzen insgesamt f\u00fcr die erstaunliche Wirkung des Sekrets verantwortlich sind: Die Naturheilkunde ist eine Medizin die auf jahrhunderte bis jahrtausende Erfahrungen basiert. Und die Blutegeltherapie geh\u00f6rt dazu. In der Naturheilkunde m\u00fcssen wir nicht jedes Detail &#8220;wissenschaftlich&#8221; erforschen. Wir wissen die Heilkr\u00e4fte der Natur, in diesem Fall die der Blutegel, zu sch\u00e4tzen und wirsam einzusetzen.<\/p>\n<p>In der Naturheilkunde findet die Blutegeltherapie vor allem Anwendung bei<\/p>\n<ul>\n<li>Krampfadern<\/li>\n<li>Venenentz\u00fcndung<\/li>\n<li>Abszesse, H\u00e4morrhoiden<\/li>\n<li>offene Beine<\/li>\n<li>Arthrose, Arthritis, Gicht<\/li>\n<li>Mittelohrentz\u00fcndung<\/li>\n<li>Wirbels\u00e4ulenbeschwerden<\/li>\n<li>Sehnenscheidenentz\u00fcndung<\/li>\n<li>Verstauchungen, Zerrungen, Prellungen<\/li>\n<li>Schlaganfall<\/li>\n<li>und vieles mehr<\/li>\n<\/ul>\n<p>Die Behandlung mit Blutegeln bedarf einer gewissen Vorbereitung und einer entsprechenden Nachsorge. Auch gilt es, im Vorfeld einer Behandlung zu kl\u00e4ren, ob es tats\u00e4chlich die angezeigte Therapie ist. So ist bei uns am Buchweizenberg ein Beratungsgespr\u00e4ch vor einer Blutegelbehandlung selbstverst\u00e4ndlich.<\/p>\n","protected":false},"excerpt":{"rendered":"<p>Die Blutegeltherapie hat seit Jahrhunderten nicht nur in Europa Tradition. Nachdem sie einige Zeit in Vergessenheit geraten war findet sie<\/p>\n","protected":false},"author":1,"featured_media":0,"parent":15,"menu_order":0,"comment_status":"closed","ping_status":"closed","template":"","meta":{"footnotes":""},"class_list":["post-1643","page","type-page","status-publish","hentry"],"translation":{"provider":"WPGlobus","version":"3.0.2","language":"es","enabled_languages":["de","gb","es"],"languages":{"de":{"title":true,"content":true,"excerpt":false},"gb":{"title":false,"content":false,"excerpt":false},"es":{"title":false,"content":false,"excerpt":false}}},"_links":{"self":[{"href":"https:\/\/naturheilzentrum-buchweizenberg.de\/es\/wp-json\/wp\/v2\/pages\/1643","targetHints":{"allow":["GET"]}}],"collection":[{"href":"https:\/\/naturheilzentrum-buchweizenberg.de\/es\/wp-json\/wp\/v2\/pages"}],"about":[{"href":"https:\/\/naturheilzentrum-buchweizenberg.de\/es\/wp-json\/wp\/v2\/types\/page"}],"author":[{"embeddable":true,"href":"https:\/\/naturheilzentrum-buchweizenberg.de\/es\/wp-json\/wp\/v2\/users\/1"}],"replies":[{"embeddable":true,"href":"https:\/\/naturheilzentrum-buchweizenberg.de\/es\/wp-json\/wp\/v2\/comments?post=1643"}],"version-history":[{"count":4,"href":"https:\/\/naturheilzentrum-buchweizenberg.de\/es\/wp-json\/wp\/v2\/pages\/1643\/revisions"}],"predecessor-version":[{"id":1997,"href":"https:\/\/naturheilzentrum-buchweizenberg.de\/es\/wp-json\/wp\/v2\/pages\/1643\/revisions\/1997"}],"up":[{"embeddable":true,"href":"https:\/\/naturheilzentrum-buchweizenberg.de\/es\/wp-json\/wp\/v2\/pages\/15"}],"wp:attachment":[{"href":"https:\/\/naturheilzentrum-buchweizenberg.de\/es\/wp-json\/wp\/v2\/media?parent=1643"}],"curies":[{"name":"wp","href":"https:\/\/api.w.org\/{rel}","templated":true}]}}