{"id":1856,"date":"2019-03-05T21:27:15","date_gmt":"2019-03-05T20:27:15","guid":{"rendered":"https:\/\/naturheilzentrum-buchweizenberg.de\/?page_id=1856"},"modified":"2019-05-08T09:07:26","modified_gmt":"2019-05-08T07:07:26","slug":"allg-informationen-geist-und-seele","status":"publish","type":"page","link":"https:\/\/naturheilzentrum-buchweizenberg.de\/es\/geist-und-seele\/allg-informationen-geist-und-seele\/","title":{"rendered":"Allgemeine Informationen"},"content":{"rendered":"<p>K\u00f6rper, Geist und Seele kann man nicht trennen!<\/p>\n<p>Nur in einem gesunden K\u00f6rper kann ein gesunder Geist existieren. Umgekehrt gilt diese Weisheit jedoch noch sehr viel mehr. Ein gesunder Geist und eine ausgeglichene Seele sind die Voraussetzungen f\u00fcr einen gesunden K\u00f6rper.<\/p>\n<p>In der Weisheit: &#8220;Die Haut ist der Spiegel der Seele&#8221; steckt mehr als man denkt. \u00dcberhaupt stellt man fest, dass hinter den Spr\u00fcchen unserer Eltern und Gro\u00dfeltern deutlich mehr steckt. Denn was bedeutet es, wenn man sagt &#8220;Dir ist eine Laus \u00fcber die Leber gelaufen&#8221; oder &#8220;Das geht ganz sch\u00f6n an die Nieren&#8221;?<\/p>\n<p>Das\u00a0 bedeutet nichts anderes, als dass man immer schon wusste, dass \u00c4rger oder eine seelische Belastung Auswirkungen auf den K\u00f6rper und seine Organe hat. Es ist nun unsere Aufgabe als Heilpraktiker nach den Ursachen einer Krankheit zu forschen und unseren Patienten einen Weg in die Heilung zu zeigen. So kann es sein, dass erst einmal ein Ereignis &#8220;verdaut&#8221; sein muss bevor die Verdauung sich wieder reguliert oder ein l\u00e4ngst vegangenes Geschehen aufgearbeitet werden muss bevor die immer wiederkehrenden Entz\u00fcndungen der Niere sich beruhigen.<\/p>\n<p>Die Wege der Aufarbeitung k\u00f6nnen sehr verschieden sein. Das therapeutische Gespr\u00e4ch, die Heil-Hypnose oder auch die naturheilkundliche Begleitung sind sicherlich wichtige Elemente in einer solchen Therapie. Eine &#8220;Standard-Therapie&#8221; gibt es in der Naturheilkunde per se nicht, in diesem Bereich im Besonderen nicht! Jeder Patient ist einzigartig und muss seinen individuellen Weg in die Heilung finden. Wir am Buchweizenberg sehen unsere besondere Aufgabe darin, unsere Patienten auf diesem Weg zu begleiten und zu unterst\u00fctzen.<\/p>\n","protected":false},"excerpt":{"rendered":"<p>K\u00f6rper, Geist und Seele kann man nicht trennen! Nur in einem gesunden K\u00f6rper kann ein gesunder Geist existieren. Umgekehrt gilt<\/p>\n","protected":false},"author":1,"featured_media":0,"parent":745,"menu_order":0,"comment_status":"closed","ping_status":"closed","template":"","meta":{"footnotes":""},"class_list":["post-1856","page","type-page","status-publish","hentry"],"translation":{"provider":"WPGlobus","version":"3.0.2","language":"es","enabled_languages":["de","gb","es"],"languages":{"de":{"title":true,"content":true,"excerpt":false},"gb":{"title":false,"content":false,"excerpt":false},"es":{"title":false,"content":false,"excerpt":false}}},"_links":{"self":[{"href":"https:\/\/naturheilzentrum-buchweizenberg.de\/es\/wp-json\/wp\/v2\/pages\/1856","targetHints":{"allow":["GET"]}}],"collection":[{"href":"https:\/\/naturheilzentrum-buchweizenberg.de\/es\/wp-json\/wp\/v2\/pages"}],"about":[{"href":"https:\/\/naturheilzentrum-buchweizenberg.de\/es\/wp-json\/wp\/v2\/types\/page"}],"author":[{"embeddable":true,"href":"https:\/\/naturheilzentrum-buchweizenberg.de\/es\/wp-json\/wp\/v2\/users\/1"}],"replies":[{"embeddable":true,"href":"https:\/\/naturheilzentrum-buchweizenberg.de\/es\/wp-json\/wp\/v2\/comments?post=1856"}],"version-history":[{"count":5,"href":"https:\/\/naturheilzentrum-buchweizenberg.de\/es\/wp-json\/wp\/v2\/pages\/1856\/revisions"}],"predecessor-version":[{"id":2235,"href":"https:\/\/naturheilzentrum-buchweizenberg.de\/es\/wp-json\/wp\/v2\/pages\/1856\/revisions\/2235"}],"up":[{"embeddable":true,"href":"https:\/\/naturheilzentrum-buchweizenberg.de\/es\/wp-json\/wp\/v2\/pages\/745"}],"wp:attachment":[{"href":"https:\/\/naturheilzentrum-buchweizenberg.de\/es\/wp-json\/wp\/v2\/media?parent=1856"}],"curies":[{"name":"wp","href":"https:\/\/api.w.org\/{rel}","templated":true}]}}