{"id":3020,"date":"2020-02-16T18:22:35","date_gmt":"2020-02-16T17:22:35","guid":{"rendered":"https:\/\/naturheilzentrum-buchweizenberg.de\/?page_id=3020"},"modified":"2022-03-06T11:21:50","modified_gmt":"2022-03-06T10:21:50","slug":"unsere-preise","status":"publish","type":"page","link":"https:\/\/naturheilzentrum-buchweizenberg.de\/es\/unsere-preise\/","title":{"rendered":"Unsere Preise"},"content":{"rendered":"<p>Liebe Patientinnen und Patienten,<\/p>\n<p>im Folgenden haben wir einige Behandlungen mit Preisen f\u00fcr Sie aufgelistet. Bei der Vielzahl unserer Behandlungsm\u00f6glichkeiten k\u00f6nnen wir leider nicht alle Preise hier angeben. Gerne k\u00f6nnen Sie diese telefonisch oder per Mail bei uns erfragen.<\/p>\n<p>Leider werden wir immer wieder mit Preiserh\u00f6hungen in den verschiedenen Bereichen (Verbrauchsmaterialien und Produkte) konfrontiert und m\u00fcssen die Preise zur Kostendeckung ggf. etwas anheben.<\/p>\n<p>Beratung (Anamnese, Befund, Behandlungsplan) &#8211; Dauer ca. 1 Std. &#8211; \u20ac 91<\/p>\n<p>Beratung inkl. Dunkelfeld-Diagnostik &#8211;\u00a0 Dauer ca. 1 Stunde\u00a0 &#8211; \u20ac 121<\/p>\n<p>Beratung inkl. Dunkelfeld-Diagnostik &#8211; Folge, bzw. Nachuntersuchung &#8211; Dauer ca. 1 Stunde &#8211; \u20ac 100<\/p>\n<p>Time-Waver Diagnostik Dauer ca. 1 Stunde &#8211; \u20ac 101<\/p>\n<p>Bioresonanz, Erstbehandlung ca. 1 Std. &#8211; \u20ac 125<\/p>\n<p>Bioresonanz, Folgebehandlung je nach Aufwand &#8211; \u20ac 40 &#8211; 60<\/p>\n<p>Colon-Hydro-Therapie Behandlung &#8211; Dauer ca. 1 Stunde &#8211; \u20ac 89<\/p>\n<p>Chiropraktische Behandlung nach der Buchweizenberg Methode &#8211; Dauer ca. 1 Stunde &#8211; \u20ac 92<\/p>\n<p>Chiropraktische Behandlung nach der Buchweizenberg Methode f\u00fcr Kinder &#8211; Dauer ca. 1 Stunde &#8211; \u20ac 71<\/p>\n<p>Osteopathische Behandlung &#8211; Dauer ca. 1 Stunde &#8211; \u20ac 86<\/p>\n<p>Aderlass Buchweizenberg (nach Hildegard von Bingen &#8211; inkl. Fr\u00fchst\u00fcck) &#8211; \u20ac 70<\/p>\n<p>Ionen-Fu\u00dfbad (Fu\u00df-Detox) &#8211; \u20ac 37<\/p>\n<p>Iris Diagnose &#8211; \u20ac 41<\/p>\n<p>Massage (30 Minuten) &#8211; \u20ac 43<\/p>\n","protected":false},"excerpt":{"rendered":"<p>Liebe Patientinnen und Patienten, im Folgenden haben wir einige Behandlungen mit Preisen f\u00fcr Sie aufgelistet. Bei der Vielzahl unserer Behandlungsm\u00f6glichkeiten<\/p>\n","protected":false},"author":3,"featured_media":0,"parent":0,"menu_order":0,"comment_status":"closed","ping_status":"closed","template":"","meta":{"footnotes":""},"class_list":["post-3020","page","type-page","status-publish","hentry"],"translation":{"provider":"WPGlobus","version":"3.0.2","language":"es","enabled_languages":["de","gb","es"],"languages":{"de":{"title":true,"content":true,"excerpt":false},"gb":{"title":false,"content":false,"excerpt":false},"es":{"title":false,"content":false,"excerpt":false}}},"_links":{"self":[{"href":"https:\/\/naturheilzentrum-buchweizenberg.de\/es\/wp-json\/wp\/v2\/pages\/3020","targetHints":{"allow":["GET"]}}],"collection":[{"href":"https:\/\/naturheilzentrum-buchweizenberg.de\/es\/wp-json\/wp\/v2\/pages"}],"about":[{"href":"https:\/\/naturheilzentrum-buchweizenberg.de\/es\/wp-json\/wp\/v2\/types\/page"}],"author":[{"embeddable":true,"href":"https:\/\/naturheilzentrum-buchweizenberg.de\/es\/wp-json\/wp\/v2\/users\/3"}],"replies":[{"embeddable":true,"href":"https:\/\/naturheilzentrum-buchweizenberg.de\/es\/wp-json\/wp\/v2\/comments?post=3020"}],"version-history":[{"count":10,"href":"https:\/\/naturheilzentrum-buchweizenberg.de\/es\/wp-json\/wp\/v2\/pages\/3020\/revisions"}],"predecessor-version":[{"id":3655,"href":"https:\/\/naturheilzentrum-buchweizenberg.de\/es\/wp-json\/wp\/v2\/pages\/3020\/revisions\/3655"}],"wp:attachment":[{"href":"https:\/\/naturheilzentrum-buchweizenberg.de\/es\/wp-json\/wp\/v2\/media?parent=3020"}],"curies":[{"name":"wp","href":"https:\/\/api.w.org\/{rel}","templated":true}]}}