{"id":3212,"date":"2020-08-21T21:17:02","date_gmt":"2020-08-21T19:17:02","guid":{"rendered":"https:\/\/naturheilzentrum-buchweizenberg.de\/?page_id=3212"},"modified":"2022-10-06T17:55:43","modified_gmt":"2022-10-06T15:55:43","slug":"paulchen-2","status":"publish","type":"page","link":"https:\/\/naturheilzentrum-buchweizenberg.de\/es\/unser-team\/paulchen-2\/","title":{"rendered":"Paulchen"},"content":{"rendered":"<p>Paul(chen), Labrador, geb. 24.09.2019,<br \/>\nist seit dem 22.11.2019 am Buchweizenberg.<br \/>\nSeit dem 13.11.2021 ist Paulchen nun ausgebildeter Therapiebegleithund und hat in dem ersten Jahr seiner &#8220;Berufst\u00e4tigkeit&#8221; schon die Therapie von einigen Patienten tatkr\u00e4ftig und erfolgreich unterst\u00fctzt. Doch wie bei uns Therapeuten, ist bei Paulchen nach der Abschlusspr\u00fcfung das Lernen nicht zu Ende. Er muss kontinuierlich weiter an seinen F\u00e4higkeiten arbeiten und das auch jedes Jahr in einer erneuten Pr\u00fcfung wieder unter Beweis stellen.<\/p>\n<figure id=\"attachment_3214\" aria-describedby=\"caption-attachment-3214\" style=\"width: 300px\" class=\"wp-caption alignnone\"><a href=\"https:\/\/naturheilzentrum-buchweizenberg.de\/wp-content\/uploads\/2020\/08\/Paulchen_2020_08-scaled.jpg\"><img loading=\"lazy\" decoding=\"async\" class=\"wp-image-3214 size-medium\" src=\"https:\/\/naturheilzentrum-buchweizenberg.de\/wp-content\/uploads\/2020\/08\/Paulchen_2020_08-300x279.jpg\" alt=\"Paulchen August 2020\" width=\"300\" height=\"279\" srcset=\"https:\/\/naturheilzentrum-buchweizenberg.de\/wp-content\/uploads\/2020\/08\/Paulchen_2020_08-300x279.jpg 300w, https:\/\/naturheilzentrum-buchweizenberg.de\/wp-content\/uploads\/2020\/08\/Paulchen_2020_08-1024x952.jpg 1024w, https:\/\/naturheilzentrum-buchweizenberg.de\/wp-content\/uploads\/2020\/08\/Paulchen_2020_08-768x714.jpg 768w, https:\/\/naturheilzentrum-buchweizenberg.de\/wp-content\/uploads\/2020\/08\/Paulchen_2020_08-1536x1427.jpg 1536w, https:\/\/naturheilzentrum-buchweizenberg.de\/wp-content\/uploads\/2020\/08\/Paulchen_2020_08-2048x1903.jpg 2048w\" sizes=\"auto, (max-width: 300px) 100vw, 300px\" \/><\/a><figcaption id=\"caption-attachment-3214\" class=\"wp-caption-text\">Paulchen August 2020<\/figcaption><\/figure>\n<p><a href=\"https:\/\/naturheilzentrum-buchweizenberg.de\/wp-content\/uploads\/2021\/06\/Paul_Garten1.jpg\"><img loading=\"lazy\" decoding=\"async\" class=\"alignnone size-medium wp-image-3483\" src=\"https:\/\/naturheilzentrum-buchweizenberg.de\/wp-content\/uploads\/2021\/06\/Paul_Garten1-262x300.jpg\" alt=\"\" width=\"262\" height=\"300\" srcset=\"https:\/\/naturheilzentrum-buchweizenberg.de\/wp-content\/uploads\/2021\/06\/Paul_Garten1-262x300.jpg 262w, https:\/\/naturheilzentrum-buchweizenberg.de\/wp-content\/uploads\/2021\/06\/Paul_Garten1-893x1024.jpg 893w, https:\/\/naturheilzentrum-buchweizenberg.de\/wp-content\/uploads\/2021\/06\/Paul_Garten1-768x881.jpg 768w, https:\/\/naturheilzentrum-buchweizenberg.de\/wp-content\/uploads\/2021\/06\/Paul_Garten1-1339x1536.jpg 1339w, https:\/\/naturheilzentrum-buchweizenberg.de\/wp-content\/uploads\/2021\/06\/Paul_Garten1-1786x2048.jpg 1786w\" sizes=\"auto, (max-width: 262px) 100vw, 262px\" \/><\/a><\/p>\n<p><a href=\"https:\/\/naturheilzentrum-buchweizenberg.de\/wp-content\/uploads\/2021\/06\/Paul_Garten3-scaled.jpg\"><img loading=\"lazy\" decoding=\"async\" class=\"alignnone size-medium wp-image-3482\" src=\"https:\/\/naturheilzentrum-buchweizenberg.de\/wp-content\/uploads\/2021\/06\/Paul_Garten3-300x300.jpg\" alt=\"\" width=\"300\" height=\"300\" srcset=\"https:\/\/naturheilzentrum-buchweizenberg.de\/wp-content\/uploads\/2021\/06\/Paul_Garten3-300x300.jpg 300w, https:\/\/naturheilzentrum-buchweizenberg.de\/wp-content\/uploads\/2021\/06\/Paul_Garten3-1024x1024.jpg 1024w, https:\/\/naturheilzentrum-buchweizenberg.de\/wp-content\/uploads\/2021\/06\/Paul_Garten3-150x150.jpg 150w, https:\/\/naturheilzentrum-buchweizenberg.de\/wp-content\/uploads\/2021\/06\/Paul_Garten3-768x768.jpg 768w, https:\/\/naturheilzentrum-buchweizenberg.de\/wp-content\/uploads\/2021\/06\/Paul_Garten3-1536x1536.jpg 1536w, https:\/\/naturheilzentrum-buchweizenberg.de\/wp-content\/uploads\/2021\/06\/Paul_Garten3-2048x2048.jpg 2048w\" sizes=\"auto, (max-width: 300px) 100vw, 300px\" \/><\/a><\/p>\n<p><a href=\"https:\/\/naturheilzentrum-buchweizenberg.de\/wp-content\/uploads\/2021\/06\/Paul_Garten2-scaled.jpg\"><img loading=\"lazy\" decoding=\"async\" class=\"alignnone size-medium wp-image-3481\" src=\"https:\/\/naturheilzentrum-buchweizenberg.de\/wp-content\/uploads\/2021\/06\/Paul_Garten2-221x300.jpg\" alt=\"\" width=\"221\" height=\"300\" srcset=\"https:\/\/naturheilzentrum-buchweizenberg.de\/wp-content\/uploads\/2021\/06\/Paul_Garten2-221x300.jpg 221w, https:\/\/naturheilzentrum-buchweizenberg.de\/wp-content\/uploads\/2021\/06\/Paul_Garten2-755x1024.jpg 755w, https:\/\/naturheilzentrum-buchweizenberg.de\/wp-content\/uploads\/2021\/06\/Paul_Garten2-768x1042.jpg 768w, https:\/\/naturheilzentrum-buchweizenberg.de\/wp-content\/uploads\/2021\/06\/Paul_Garten2-1132x1536.jpg 1132w, https:\/\/naturheilzentrum-buchweizenberg.de\/wp-content\/uploads\/2021\/06\/Paul_Garten2-1510x2048.jpg 1510w, https:\/\/naturheilzentrum-buchweizenberg.de\/wp-content\/uploads\/2021\/06\/Paul_Garten2-scaled.jpg 1887w\" sizes=\"auto, (max-width: 221px) 100vw, 221px\" \/><\/a><\/p>\n<p>Paulchen Juni 2021<\/p>\n","protected":false},"excerpt":{"rendered":"<p>Paul(chen), Labrador, geb. 24.09.2019, ist seit dem 22.11.2019 am Buchweizenberg. Seit dem 13.11.2021 ist Paulchen nun ausgebildeter Therapiebegleithund und hat<\/p>\n","protected":false},"author":3,"featured_media":0,"parent":369,"menu_order":0,"comment_status":"closed","ping_status":"closed","template":"","meta":{"footnotes":""},"class_list":["post-3212","page","type-page","status-publish","hentry"],"translation":{"provider":"WPGlobus","version":"3.0.2","language":"es","enabled_languages":["de","gb","es"],"languages":{"de":{"title":true,"content":true,"excerpt":false},"gb":{"title":false,"content":false,"excerpt":false},"es":{"title":false,"content":false,"excerpt":false}}},"_links":{"self":[{"href":"https:\/\/naturheilzentrum-buchweizenberg.de\/es\/wp-json\/wp\/v2\/pages\/3212","targetHints":{"allow":["GET"]}}],"collection":[{"href":"https:\/\/naturheilzentrum-buchweizenberg.de\/es\/wp-json\/wp\/v2\/pages"}],"about":[{"href":"https:\/\/naturheilzentrum-buchweizenberg.de\/es\/wp-json\/wp\/v2\/types\/page"}],"author":[{"embeddable":true,"href":"https:\/\/naturheilzentrum-buchweizenberg.de\/es\/wp-json\/wp\/v2\/users\/3"}],"replies":[{"embeddable":true,"href":"https:\/\/naturheilzentrum-buchweizenberg.de\/es\/wp-json\/wp\/v2\/comments?post=3212"}],"version-history":[{"count":5,"href":"https:\/\/naturheilzentrum-buchweizenberg.de\/es\/wp-json\/wp\/v2\/pages\/3212\/revisions"}],"predecessor-version":[{"id":3793,"href":"https:\/\/naturheilzentrum-buchweizenberg.de\/es\/wp-json\/wp\/v2\/pages\/3212\/revisions\/3793"}],"up":[{"embeddable":true,"href":"https:\/\/naturheilzentrum-buchweizenberg.de\/es\/wp-json\/wp\/v2\/pages\/369"}],"wp:attachment":[{"href":"https:\/\/naturheilzentrum-buchweizenberg.de\/es\/wp-json\/wp\/v2\/media?parent=3212"}],"curies":[{"name":"wp","href":"https:\/\/api.w.org\/{rel}","templated":true}]}}