{"id":3741,"date":"2022-04-17T15:57:35","date_gmt":"2022-04-17T13:57:35","guid":{"rendered":"https:\/\/naturheilzentrum-buchweizenberg.de\/?page_id=3741"},"modified":"2022-10-06T17:32:15","modified_gmt":"2022-10-06T15:32:15","slug":"abnehmberatung-und-gewichtscoaching","status":"publish","type":"page","link":"https:\/\/naturheilzentrum-buchweizenberg.de\/es\/abnehmberatung-und-gewichtscoaching\/","title":{"rendered":"Abnehmberatung und Gewichtscoaching"},"content":{"rendered":"<p>Im Naturheilzentrum Buchweizenberg bekommen Sie die Unterst\u00fctzung die notwendig ist, um auf gesunde Weise eine dauerhafte Gewichtsreduktion zu erzielen. Dies kann man mit einer langfristigen Ern\u00e4hrungsumstellung ohne JoJo Effekt erreichen, Intervallfasten und Basenfasten eignen sich unter anderem sehr gut dazu. \u00a0Wir erarbeiten gemeinsam ein Konzept, das aus ausgew\u00e4hlten Nahrungsmitteln, Bewegung und Entspannung besteht. Sie lernen durch Intuitives Essen, Hunger-und S\u00e4ttigungsgef\u00fchle neu zu definieren.<\/p>\n","protected":false},"excerpt":{"rendered":"<p>Im Naturheilzentrum Buchweizenberg bekommen Sie die Unterst\u00fctzung die notwendig ist, um auf gesunde Weise eine dauerhafte Gewichtsreduktion zu erzielen. Dies<\/p>\n","protected":false},"author":1,"featured_media":0,"parent":0,"menu_order":0,"comment_status":"closed","ping_status":"closed","template":"","meta":{"footnotes":""},"class_list":["post-3741","page","type-page","status-publish","hentry"],"translation":{"provider":"WPGlobus","version":"3.0.2","language":"es","enabled_languages":["de","gb","es"],"languages":{"de":{"title":true,"content":true,"excerpt":false},"gb":{"title":false,"content":false,"excerpt":false},"es":{"title":false,"content":false,"excerpt":false}}},"_links":{"self":[{"href":"https:\/\/naturheilzentrum-buchweizenberg.de\/es\/wp-json\/wp\/v2\/pages\/3741","targetHints":{"allow":["GET"]}}],"collection":[{"href":"https:\/\/naturheilzentrum-buchweizenberg.de\/es\/wp-json\/wp\/v2\/pages"}],"about":[{"href":"https:\/\/naturheilzentrum-buchweizenberg.de\/es\/wp-json\/wp\/v2\/types\/page"}],"author":[{"embeddable":true,"href":"https:\/\/naturheilzentrum-buchweizenberg.de\/es\/wp-json\/wp\/v2\/users\/1"}],"replies":[{"embeddable":true,"href":"https:\/\/naturheilzentrum-buchweizenberg.de\/es\/wp-json\/wp\/v2\/comments?post=3741"}],"version-history":[{"count":2,"href":"https:\/\/naturheilzentrum-buchweizenberg.de\/es\/wp-json\/wp\/v2\/pages\/3741\/revisions"}],"predecessor-version":[{"id":3783,"href":"https:\/\/naturheilzentrum-buchweizenberg.de\/es\/wp-json\/wp\/v2\/pages\/3741\/revisions\/3783"}],"wp:attachment":[{"href":"https:\/\/naturheilzentrum-buchweizenberg.de\/es\/wp-json\/wp\/v2\/media?parent=3741"}],"curies":[{"name":"wp","href":"https:\/\/api.w.org\/{rel}","templated":true}]}}