{"id":3814,"date":"2022-12-21T18:35:10","date_gmt":"2022-12-21T17:35:10","guid":{"rendered":"https:\/\/naturheilzentrum-buchweizenberg.de\/?page_id=3814"},"modified":"2023-01-19T17:06:50","modified_gmt":"2023-01-19T16:06:50","slug":"tinnitus-und-hoersturz","status":"publish","type":"page","link":"https:\/\/naturheilzentrum-buchweizenberg.de\/es\/tinnitus-und-hoersturz\/","title":{"rendered":"Tinnitus und H\u00f6rsturz"},"content":{"rendered":"<p><strong>Alt werden \/ gesund bleiben<\/strong><\/p>\n<p><strong>Tipps vom Heilpraktiker <\/strong><\/p>\n<p><strong>\u00a0<\/strong><\/p>\n<p><strong>Tinnitus ? H\u00f6rsturz?<\/strong><\/p>\n<p><strong>\u00a0<\/strong><\/p>\n<p><strong>Bitte machen Sie:<\/strong><\/p>\n<ul>\n<li><strong>Ein paar Basen-Infusions-Therapien am Buchweizenberg mit Pr\u00e4paraten zur Durchblutungsf\u00f6rderung und Vitamin-B-Komplex . <\/strong><\/li>\n<\/ul>\n<p><strong>\u00a0<\/strong><strong>Dazu nehmen Sie speziell f\u00fcr Sie ausgesuchte Pr\u00e4parate der Hom\u00f6opathie:<\/strong><\/p>\n<ul>\n<li><strong>Buchweizenberg 207 \u201ezerebrale Durchblutung\u201c<\/strong><\/li>\n<li><strong>Buchweizenberg 230 \u201einnere Ruhe\u201c<\/strong><\/li>\n<\/ul>\n<ul>\n<li><strong>Und eventuell Akupunktur und eine osteopathische Behandlung<\/strong><\/li>\n<\/ul>\n<p><strong>\u00a0<\/strong><\/p>\n<p><strong>Lassen Sie sich von uns diesbez\u00fcglich beraten<\/strong><\/p>\n<p><strong>\u00a0<\/strong><\/p>\n<p><strong>Termine unter 0212-6500 300<\/strong><\/p>\n<p><strong>\u00a0<\/strong><\/p>\n<p><strong>Alle \u201eBuchweizenberg-Produkte\u201c bekommen Sie in unserer Praxis<\/strong><\/p>\n","protected":false},"excerpt":{"rendered":"<p>Alt werden \/ gesund bleiben Tipps vom Heilpraktiker \u00a0 Tinnitus ? H\u00f6rsturz? \u00a0 Bitte machen Sie: Ein paar Basen-Infusions-Therapien am<\/p>\n","protected":false},"author":1,"featured_media":0,"parent":0,"menu_order":0,"comment_status":"closed","ping_status":"closed","template":"","meta":{"footnotes":""},"class_list":["post-3814","page","type-page","status-publish","hentry"],"translation":{"provider":"WPGlobus","version":"3.0.2","language":"es","enabled_languages":["de","gb","es"],"languages":{"de":{"title":true,"content":true,"excerpt":false},"gb":{"title":false,"content":false,"excerpt":false},"es":{"title":false,"content":false,"excerpt":false}}},"_links":{"self":[{"href":"https:\/\/naturheilzentrum-buchweizenberg.de\/es\/wp-json\/wp\/v2\/pages\/3814","targetHints":{"allow":["GET"]}}],"collection":[{"href":"https:\/\/naturheilzentrum-buchweizenberg.de\/es\/wp-json\/wp\/v2\/pages"}],"about":[{"href":"https:\/\/naturheilzentrum-buchweizenberg.de\/es\/wp-json\/wp\/v2\/types\/page"}],"author":[{"embeddable":true,"href":"https:\/\/naturheilzentrum-buchweizenberg.de\/es\/wp-json\/wp\/v2\/users\/1"}],"replies":[{"embeddable":true,"href":"https:\/\/naturheilzentrum-buchweizenberg.de\/es\/wp-json\/wp\/v2\/comments?post=3814"}],"version-history":[{"count":2,"href":"https:\/\/naturheilzentrum-buchweizenberg.de\/es\/wp-json\/wp\/v2\/pages\/3814\/revisions"}],"predecessor-version":[{"id":3882,"href":"https:\/\/naturheilzentrum-buchweizenberg.de\/es\/wp-json\/wp\/v2\/pages\/3814\/revisions\/3882"}],"wp:attachment":[{"href":"https:\/\/naturheilzentrum-buchweizenberg.de\/es\/wp-json\/wp\/v2\/media?parent=3814"}],"curies":[{"name":"wp","href":"https:\/\/api.w.org\/{rel}","templated":true}]}}