{"id":3817,"date":"2022-12-21T18:36:20","date_gmt":"2022-12-21T17:36:20","guid":{"rendered":"https:\/\/naturheilzentrum-buchweizenberg.de\/?page_id=3817"},"modified":"2023-01-19T17:05:38","modified_gmt":"2023-01-19T16:05:38","slug":"ruecken-und-gelenkschmerzen","status":"publish","type":"page","link":"https:\/\/naturheilzentrum-buchweizenberg.de\/es\/ruecken-und-gelenkschmerzen\/","title":{"rendered":"R\u00fccken- und Gelenkschmerzen"},"content":{"rendered":"<p><strong>Begleit-Therapie bei R\u00fccken- und Gelenkschmerzen<\/strong><\/p>\n<p>Schmerzen, die von der Wirbels\u00e4ule ausgehend sollten zun\u00e4chst chiropraktisch oder osteopathisch behandelt werden, damit die <strong>mechanische Ursache<\/strong> behoben wird und die Nerven wieder freier werden.<\/p>\n<p>F\u00fcr eine langfristig stabile Lage sollte man zus\u00e4tzlich den Stoffwechsel der Knochen, Knorpel und Nerven verbessern. Hierf\u00fcr k\u00f6nnen Sie als betroffener zu Hause sehr viel tun.<\/p>\n<p><strong><em><u>\u00dcbers\u00e4uerung<\/u><\/em><\/strong><\/p>\n<p>Viele Gelenkschmerzen gehen mit einer chronischen \u00dcbers\u00e4uerung einher. Hier muss die Ern\u00e4hrung -wenigstens kurm\u00e4\u00dfig- angepasst werden. Wir beraten Sie in der Praxis gerne zu diesem Thema.<\/p>\n<p>Eine kurzfristige Ents\u00e4uerung mit unserem <strong>Merlin\u00b4s Pulver<\/strong> ist dringend anzuraten.<\/p>\n<p><strong><em><u>Knorpel-Aufbau:<\/u><\/em><\/strong><\/p>\n<p>In meiner Praxis hat sich die Knorpel-Regeneration durch Basen- und Hydroxyprolininfusionen bestens bew\u00e4hrt.<\/p>\n<p>F\u00fcr die Therapie zu Hause k\u00f6nnen Sie bei uns Freie Beweglichkeit von Aureolus kaufen. Es\u00a0 verbessert die Beweglichkeit und die Belastbarkeit in den Gelenke und ents\u00e4uert. Sie nehmen kurm\u00e4\u00dfig t\u00e4glich 1 Me\u00dfl\u00f6ffel Pulver in ca. 0,1 Liter Wasser ein. Damit werden die Schmerzzust\u00e4nde vermindert.<\/p>\n<p><strong><em><u>Knochen-Aufbau:<\/u><\/em><\/strong><\/p>\n<p>Die goldene Regel hei\u00dft: Bewegung, Bewegung und nochmals Bewegung, aber am Anfang bitte quasi ohne Belastung. Schwimmen, Chi-gong, Tai-Chi und Yoga sind Beispiele daf\u00fcr. Pilates und Wirbels\u00e4ulengymnastik werden daher hier am Naturheilzentrum Buchweizenberg angeboten.<\/p>\n<h1>Nerven<\/h1>\n<p>F\u00fcr die gezielte Unterst\u00fctzung der Nerven sind die B-Vitamine besonders wichtig. Allerdings bevorzuge ich \u2013wenn schon- Vitaminpr\u00e4parate, die ein komplettes Spektrum liefern, da viele dieser Stoffe nur gemeinsam gut wirksam sind. Daher bieten wir kurm\u00e4\u00dfig Infusionen mit einem Vitamin-B-Komplex an.<\/p>\n<p>Am liebsten ist mir allerdings immer noch der Verzicht von\u00a0 Nahrungszus\u00e4tzen zugunsten von frisch gepressten Gem\u00fcses\u00e4ften nach Breu\u00df. Daf\u00fcr ist der OSCAR-Entsafter die schonendste Herstellungsmethode.<\/p>\n<p>Alles Gute, herzlichst Ihre Heike Fischbach<\/p>\n","protected":false},"excerpt":{"rendered":"<p>Begleit-Therapie bei R\u00fccken- und Gelenkschmerzen Schmerzen, die von der Wirbels\u00e4ule ausgehend sollten zun\u00e4chst chiropraktisch oder osteopathisch behandelt werden, damit die<\/p>\n","protected":false},"author":1,"featured_media":0,"parent":0,"menu_order":0,"comment_status":"closed","ping_status":"closed","template":"","meta":{"footnotes":""},"class_list":["post-3817","page","type-page","status-publish","hentry"],"translation":{"provider":"WPGlobus","version":"3.0.2","language":"es","enabled_languages":["de","gb","es"],"languages":{"de":{"title":true,"content":true,"excerpt":false},"gb":{"title":false,"content":false,"excerpt":false},"es":{"title":false,"content":false,"excerpt":false}}},"_links":{"self":[{"href":"https:\/\/naturheilzentrum-buchweizenberg.de\/es\/wp-json\/wp\/v2\/pages\/3817","targetHints":{"allow":["GET"]}}],"collection":[{"href":"https:\/\/naturheilzentrum-buchweizenberg.de\/es\/wp-json\/wp\/v2\/pages"}],"about":[{"href":"https:\/\/naturheilzentrum-buchweizenberg.de\/es\/wp-json\/wp\/v2\/types\/page"}],"author":[{"embeddable":true,"href":"https:\/\/naturheilzentrum-buchweizenberg.de\/es\/wp-json\/wp\/v2\/users\/1"}],"replies":[{"embeddable":true,"href":"https:\/\/naturheilzentrum-buchweizenberg.de\/es\/wp-json\/wp\/v2\/comments?post=3817"}],"version-history":[{"count":3,"href":"https:\/\/naturheilzentrum-buchweizenberg.de\/es\/wp-json\/wp\/v2\/pages\/3817\/revisions"}],"predecessor-version":[{"id":3880,"href":"https:\/\/naturheilzentrum-buchweizenberg.de\/es\/wp-json\/wp\/v2\/pages\/3817\/revisions\/3880"}],"wp:attachment":[{"href":"https:\/\/naturheilzentrum-buchweizenberg.de\/es\/wp-json\/wp\/v2\/media?parent=3817"}],"curies":[{"name":"wp","href":"https:\/\/api.w.org\/{rel}","templated":true}]}}