{"id":4201,"date":"2024-10-03T13:48:32","date_gmt":"2024-10-03T11:48:32","guid":{"rendered":"https:\/\/naturheilzentrum-buchweizenberg.de\/?page_id=4201"},"modified":"2024-10-10T08:21:56","modified_gmt":"2024-10-10T06:21:56","slug":"die-macht-der-mikroben","status":"publish","type":"page","link":"https:\/\/naturheilzentrum-buchweizenberg.de\/es\/alt-werden-gesund-bleiben\/die-macht-der-mikroben\/","title":{"rendered":"Die Macht der Mikroben"},"content":{"rendered":"<p>Die Macht der Mikroben ist der Titel einer Sendung in Arte vom 08.10.2024. Der Untertitel lautet: Wie keimfrei uns krank macht. Schuld an der\u00a0 Zunahme von Allergien ist die mangelnde Vielfalt der Mikroben in unserer zunehmend keimfreien Umwelt.<\/p>\n<p>Diese Sendung sollte Pflichtprogramm f\u00fcr alle Menschen, und vor allem \u00c4rzte, sein.<\/p>\n<p>Das Fazit dieser Sendung best\u00e4tigt ausnahmslos unsere \u00dcberzeugung, dass falsche Ern\u00e4hrung, zu viel Hygiene und das Ignorieren des nat\u00fcrlichen Mikrobioms zur gesundheitlichen Katastrophe f\u00fchrt.<\/p>\n<p>Seit den 60er Jahren sehen wir wie Allergien, Hautprobleme und Asthma auf dem Vormarsch sind. Und die einzige Antwort der Medizin und Wissenschaft bisher war der &#8220;Kampf&#8221; gegen Erreger mit dem Ergebnis, dass die Menschen nur um so mehr krank wurden. Der Darm, das Mikrobiom des Menschen und seine Ern\u00e4hrung spielen dabei bisher keine Rolle. Wir Heilpraktiker, die sich schon sehr lange mit diesem Thema besch\u00e4ftigen, werden bel\u00e4chelt und ignoriert.<\/p>\n<p>Mit dieser Sendung wird unsere Arbeit und \u00dcberzeugung vorbehaltlos best\u00e4tigt!<\/p>\n","protected":false},"excerpt":{"rendered":"<p>Die Macht der Mikroben ist der Titel einer Sendung in Arte vom 08.10.2024. Der Untertitel lautet: Wie keimfrei uns krank<\/p>\n","protected":false},"author":1,"featured_media":0,"parent":3809,"menu_order":0,"comment_status":"closed","ping_status":"closed","template":"","meta":{"footnotes":""},"class_list":["post-4201","page","type-page","status-publish","hentry"],"translation":{"provider":"WPGlobus","version":"3.0.2","language":"es","enabled_languages":["de","gb","es"],"languages":{"de":{"title":true,"content":true,"excerpt":false},"gb":{"title":false,"content":false,"excerpt":false},"es":{"title":false,"content":false,"excerpt":false}}},"_links":{"self":[{"href":"https:\/\/naturheilzentrum-buchweizenberg.de\/es\/wp-json\/wp\/v2\/pages\/4201","targetHints":{"allow":["GET"]}}],"collection":[{"href":"https:\/\/naturheilzentrum-buchweizenberg.de\/es\/wp-json\/wp\/v2\/pages"}],"about":[{"href":"https:\/\/naturheilzentrum-buchweizenberg.de\/es\/wp-json\/wp\/v2\/types\/page"}],"author":[{"embeddable":true,"href":"https:\/\/naturheilzentrum-buchweizenberg.de\/es\/wp-json\/wp\/v2\/users\/1"}],"replies":[{"embeddable":true,"href":"https:\/\/naturheilzentrum-buchweizenberg.de\/es\/wp-json\/wp\/v2\/comments?post=4201"}],"version-history":[{"count":3,"href":"https:\/\/naturheilzentrum-buchweizenberg.de\/es\/wp-json\/wp\/v2\/pages\/4201\/revisions"}],"predecessor-version":[{"id":4323,"href":"https:\/\/naturheilzentrum-buchweizenberg.de\/es\/wp-json\/wp\/v2\/pages\/4201\/revisions\/4323"}],"up":[{"embeddable":true,"href":"https:\/\/naturheilzentrum-buchweizenberg.de\/es\/wp-json\/wp\/v2\/pages\/3809"}],"wp:attachment":[{"href":"https:\/\/naturheilzentrum-buchweizenberg.de\/es\/wp-json\/wp\/v2\/media?parent=4201"}],"curies":[{"name":"wp","href":"https:\/\/api.w.org\/{rel}","templated":true}]}}