{"id":437,"date":"2018-12-09T22:18:19","date_gmt":"2018-12-09T21:18:19","guid":{"rendered":"https:\/\/naturheilzentrum-buchweizenberg.de\/?page_id=437"},"modified":"2019-03-05T21:07:29","modified_gmt":"2019-03-05T20:07:29","slug":"akupunktur","status":"publish","type":"page","link":"https:\/\/naturheilzentrum-buchweizenberg.de\/es\/therapien\/akupunktur\/","title":{"rendered":"Akupunktur"},"content":{"rendered":"<h2>TCM<\/h2>\n<p>Die Akupunktur gr\u00fcndet auf den Grunds\u00e4tzen der Traditionellen Chinesischen Medizin (TCM) und ist eine seit mehr als 2000 Jahren bew\u00e4hrte medizinische Heilweise zur Behandlung unterschiedlichster Erkrankungen.<\/p>\n<p>Auch in der westlichen Schulmedizin wird die Akupunktur inzwischen in ihrer Wirksamkeit anerkannt und entsprechend in kleinen Teilbereichen angewandt.<\/p>\n<p>Akupunktur regt die Selbstheilungskr\u00e4fte des K\u00f6rpers an und tr\u00e4gt als ganzheitliche Therapie zur seelischen und k\u00f6rperlichen Gesundheit bei. Akupunktur erg\u00e4nzt andere Therapien optimal und eignet sich als Diagnosemethode bei unklaren Beschwerden.<\/p>\n<p><strong>Indikationen, z.B.:<\/strong><\/p>\n<p>\u2022 Schmerzbehandlung im Bewegungsapparat<br \/>\n\u2022 Migr\u00e4ne und Schwindel<br \/>\n\u2022 Augenproblemen<br \/>\n\u2022 Herz-Kreislauf-Stoffwechsel-Erkrankungen<br \/>\n\u2022 Allergien, z.B. Heuschnupfen<br \/>\n\u2022 Psychische Problematiken<\/p>\n<p>Individuell kann die K\u00f6rperakupunktur mit vielen der anderen Naturheilverfahren, die im Naturheilzentrum Buchweizenberg angeboten werden, kombiniert werden.<\/p>\n<h1>Yamamoto Neue Sch\u00e4del Akupunktur<\/h1>\n<p><strong>Y<\/strong>amamoto\u00a0<strong>N<\/strong>ew\u00a0<strong>S<\/strong>calp\u00a0<strong>A<\/strong>cupuncture ist ein neues, eigenst\u00e4ndiges, medizinisches Therapieverfahren, das sich von der Traditionellen Chinesischen Akupunktur vollkommen unterscheidet.<br \/>\nDr. Toshikatsu Yamamoto (Chirurg, An\u00e4sthesist, Gyn\u00e4kologe) hat dieses Verfahren vor circa 30 Jahren entdeckt und stetig weiterentwickelt.<\/p>\n<p>Dr. Yamamoto wurde in den USA und in Deutschland ausgebildet, heute leitet er ein gro\u00dfes neurologisches REHA-Zentrum in S\u00fcdjapan. In dieser Klinik behandeln er und seine Mitarbeiter nicht nur\u00a0<strong>schwere neurologische Erkrankungen mit gro\u00dfem Erfolg, sondern auch alle Formen von akuten und chronischen Schmerzsyndromen der Wirbels\u00e4ule und der Extremit\u00e4ten sowie Erkrankungen innerer Organe und des Gef\u00e4\u00dfsystems.<\/strong><\/p>\n<p><strong>YNSA<\/strong>\u00a0ist ein einfaches und zugleich sehr komplexes, diagnostisches und therapeutisches Verfahren, das prim\u00e4r am Kopf ausgef\u00fchrt wird. F\u00fcr die Diagnose und Erfolgskontrolle wird zus\u00e4tzlich die japanische \u201eBauch-Diagnostik\u201c (Abdominal-Diagnostik) benutzt.<\/p>\n<p>Mehr als 60 Prozent der Patienten berichten bereits bei der ersten Behandlung \u00fcber einen deutlichen R\u00fcckgang der Beschwerden. Seit \u00fcber zehn Jahren ist YNSA ein wirksamer Baustein in der Anwendung kombinierter Akupunkturverfahren. In Argentinien wird es f\u00fcr die \u00e4rztliche Ausbildung Pflichtfach.<\/p>\n","protected":false},"excerpt":{"rendered":"<p>TCM Die Akupunktur gr\u00fcndet auf den Grunds\u00e4tzen der Traditionellen Chinesischen Medizin (TCM) und ist eine seit mehr als 2000 Jahren<\/p>\n","protected":false},"author":1,"featured_media":0,"parent":15,"menu_order":2010,"comment_status":"closed","ping_status":"closed","template":"","meta":{"footnotes":""},"class_list":["post-437","page","type-page","status-publish","hentry"],"translation":{"provider":"WPGlobus","version":"3.0.2","language":"es","enabled_languages":["de","gb","es"],"languages":{"de":{"title":true,"content":true,"excerpt":false},"gb":{"title":false,"content":false,"excerpt":false},"es":{"title":false,"content":false,"excerpt":false}}},"_links":{"self":[{"href":"https:\/\/naturheilzentrum-buchweizenberg.de\/es\/wp-json\/wp\/v2\/pages\/437","targetHints":{"allow":["GET"]}}],"collection":[{"href":"https:\/\/naturheilzentrum-buchweizenberg.de\/es\/wp-json\/wp\/v2\/pages"}],"about":[{"href":"https:\/\/naturheilzentrum-buchweizenberg.de\/es\/wp-json\/wp\/v2\/types\/page"}],"author":[{"embeddable":true,"href":"https:\/\/naturheilzentrum-buchweizenberg.de\/es\/wp-json\/wp\/v2\/users\/1"}],"replies":[{"embeddable":true,"href":"https:\/\/naturheilzentrum-buchweizenberg.de\/es\/wp-json\/wp\/v2\/comments?post=437"}],"version-history":[{"count":5,"href":"https:\/\/naturheilzentrum-buchweizenberg.de\/es\/wp-json\/wp\/v2\/pages\/437\/revisions"}],"predecessor-version":[{"id":2278,"href":"https:\/\/naturheilzentrum-buchweizenberg.de\/es\/wp-json\/wp\/v2\/pages\/437\/revisions\/2278"}],"up":[{"embeddable":true,"href":"https:\/\/naturheilzentrum-buchweizenberg.de\/es\/wp-json\/wp\/v2\/pages\/15"}],"wp:attachment":[{"href":"https:\/\/naturheilzentrum-buchweizenberg.de\/es\/wp-json\/wp\/v2\/media?parent=437"}],"curies":[{"name":"wp","href":"https:\/\/api.w.org\/{rel}","templated":true}]}}