{"id":449,"date":"2018-12-09T22:29:38","date_gmt":"2018-12-09T21:29:38","guid":{"rendered":"https:\/\/naturheilzentrum-buchweizenberg.de\/?page_id=449"},"modified":"2019-03-04T13:01:43","modified_gmt":"2019-03-04T12:01:43","slug":"ausleitungsverfahren","status":"publish","type":"page","link":"https:\/\/naturheilzentrum-buchweizenberg.de\/es\/therapien\/ausleitungsverfahren\/","title":{"rendered":"Ausleitungsverfahren"},"content":{"rendered":"<p>Es ist eine Tatsache, dass unsere Umwelt regelrecht immer mehr vergiftet wird. Diese Vergiftung tragen wir auch in uns. Das Hygiene-Institut der Stadt Bochum beispielsweise hat im Blut scheinbar gesund wirkender Menschen \u00fcber 60 Schadstoffe festgestellt. Hinzu kommt inzwischen die nicht zu untersch\u00e4tzende Gefahr durch Kunststoff-Nanopartikel die wir mit dem Trinkwasser und der Nahrung aufnehmen.<\/p>\n<p>Eine wirksame Entgiftung ist schlicht und einfach die Voraussetzung zur Gesunderhaltung bzw. zur Genesung.<\/p>\n<p><strong>Ausleitung \u00fcber den Darm: Die Colon-Hydro-Therapie<\/strong><\/p>\n<p>\u201cDer Tod sitzt im Darm\u201d postulierte bereits Anfang des 20. Jahrhunderts Dr. med. Franz Xaver Mayr (1875 \u2013 1965), nach dem die \u201cF. X. Mayr\u201d-Kuren benannt sind. Er erkannte schon damals, dass St\u00f6rungen des Magen-Darm-Trakts die Ursache f\u00fcr zahllose Zivilisationskrankheiten bilden. Halten Sie Ihren Darm sauber, k\u00f6nnen Sie kaum krank werden! So einfach ist die Natur des menschlichen K\u00f6rpers angelegt. Die Colon-Hydro-Therapie stellt neben der tiereiwei\u00dflosen Di\u00e4t die beste Entgiftungsm\u00f6glichkeit \u00fcberhaupt dar. Am Buchweizenberg k\u00f6nnen wir das mit \u00fcber 25 Jahren an Erfahrung und vielen tausend Patienten, die in dem Naturheilzentrum behandelt wurden, best\u00e4tigen.\u00a0 Die Geschichte von Dr. Norman Walker, der aus gesundheitlichen Gr\u00fcnden mit 60 Jahren in Fr\u00fchrente geschickt wurde und der dann durch vegane, lebendige Ern\u00e4hrung und ausgiebige Anwendung der Colon-Hydro-Therapie 116 Jahre alt wurde, ist nur ein faszinierendes Bespiel. Tun Sie sich was Gutes an und vergessen sie die Theoretiker, die keine Ahnung von Medizin haben. Ausf\u00fchrliche Informationen zur Colon-Hydro-Therapie finden Sie in dem Buch \u201cEs geht um Ihren Darm\u201d von dem Gr\u00fcnder des Naturheilzentrums Buchweizenberg: Jean-Claude Alix.<\/p>\n<p><strong>Ausleitungen \u00fcber die F\u00fc\u00dfe bei Schwermetall-Belastungen<\/strong><\/p>\n<p>Hierbei handelt es sich um eine scheinbar harmlose Behandlungsmethode, denn die F\u00fc\u00dfe werden einfach drei\u00dfig Minuten in Salzwasser gehalten. Ein schwacher galvanischer Strom sorgt f\u00fcr die Anziehung der Metall-Ionen durch die Haut aus den Fu\u00dfsohlen heraus. Es ist erstaunlich, wieviel \u201cDreck\u201d so aus dem K\u00f6rper herausgefischt werden kann. Experten vergleichen die Wirkung dieser Therapie mit der der Chelat-Therapie ohne deren m\u00f6glichen Nebenwirkungen. In der Praxis l\u00e4sst sich beobachten, dass Krebs-Patienten oft ganz besonders mit Schwermetallen belastet sind und im Laufe der Behandlungsreihe immer \u201csauberer\u201d wurden. Menschen, die sich vorbildlich vegan ern\u00e4hren und sich dazu noch k\u00f6rperlich bet\u00e4tigen, bringen dagegen kaum Aussonderungen hervor. Das ist der t\u00e4gliche Beweis, dass diese Therapie eine hervorragende Wirkung aufweist. In der letzten Zeit benutzen wir in der Praxis besondere Elektroden aus Zink. Sie haben den Vorteil, dass sie vor allem das hochgiftige Amalgam, sprich Quecksilber, ausleiten. Daf\u00fcr sind sie allerdings nicht \u201cf\u00e4rbend\u201d, so dass man eben die Menge an Ausleitung mit dem Auge nicht mehr erfassen aber durchaus noch riechen kann. Das Ger\u00e4t, mit dem wir diese Therapie durchf\u00fchren, ist ein ganz besonderes \u2013 deswegen sagen wir nicht nur \u201cFu\u00df-Detox\u201d, sondern \u201cIonen-Fu\u00df-Bad\u201d dazu. Es vereint ein Radionik-System, ein Bio-Resonanz-System und ein Fu\u00df-Detox-System in einem Ger\u00e4t (siehe hierzu: www-puredetox.de).<\/p>\n<p><strong>Ausleitungen \u00fcber Leber und Galle<\/strong><\/p>\n<p>Die Leber reinigt das Blut und leitet dessen Abf\u00e4lle \u00fcber die Galle, vermischt in die Gallenfl\u00fcssigkeit, zur Entsorgung weiter. Funktioniert dieser Abfluss nicht reibungslos, so gibt es einen f\u00fcr die Verschlackung des K\u00f6rpergewebes gef\u00e4hrlichen R\u00fcckstau. Daher ist es eminent wichtig, die Leber und die Gallenwege einmal pro Jahr zu \u201creinigen\u201d. Das machten bereits alle alten Kulturen. Wie man eine Ausleitung \u00fcber Leber und Galle durchf\u00fchrt, k\u00f6nnen Sie in dem Buch \u201cEs geht um Ihren Darm\u201d von Jean-Claude Alix nachlesen. Zus\u00e4tzlich k\u00f6nnen Sie in unserer Praxis altbew\u00e4hrte Entgiftungskuren erhalten, die auf Basis der Pflanzenheilkunde durchgef\u00fchrt werden und extrem effektiv sind. \u00dcbrigens: Heutzutage ist es weit weniger der Alkoholkonsum, der unserer Leber schadet. Weitaus intensiver erfolgt eine Lebervergiftung mittlerweile durch chemische Belastungen und vor allem durch chemische Medikamente!<\/p>\n<p>Dar\u00fcber hinaus bieten wir die Blutegel-Therapie (besonders bei ven\u00f6sem Stau in den Beinen), auch in Verbindung mit der Magnetfeld-Therapie nach Dr. Ludwig und\/oder der Ozon-Sauerstoff-Therapie an.<\/p>\n<p>Auch der Aderlass nach Hildegard von Bingen, das Schr\u00f6pfen und viele andere Methoden k\u00f6nnen wir unseren Patienten anbieten.<\/p>\n<p>Ausleitung und Reinigung unseres K\u00f6rpers sind am Buchweizenberg ein selbstverst\u00e4ndlicher Teil jeder Therapie. Denn ohne die Befreieung und Reinigung der Gewebe kann kein K\u00f6rper gesundwerden und bleiben.<\/p>\n","protected":false},"excerpt":{"rendered":"<p>Es ist eine Tatsache, dass unsere Umwelt regelrecht immer mehr vergiftet wird. Diese Vergiftung tragen wir auch in uns. Das<\/p>\n","protected":false},"author":1,"featured_media":0,"parent":15,"menu_order":2020,"comment_status":"closed","ping_status":"closed","template":"","meta":{"footnotes":""},"class_list":["post-449","page","type-page","status-publish","hentry"],"translation":{"provider":"WPGlobus","version":"3.0.2","language":"es","enabled_languages":["de","gb","es"],"languages":{"de":{"title":true,"content":true,"excerpt":false},"gb":{"title":false,"content":false,"excerpt":false},"es":{"title":false,"content":false,"excerpt":false}}},"_links":{"self":[{"href":"https:\/\/naturheilzentrum-buchweizenberg.de\/es\/wp-json\/wp\/v2\/pages\/449","targetHints":{"allow":["GET"]}}],"collection":[{"href":"https:\/\/naturheilzentrum-buchweizenberg.de\/es\/wp-json\/wp\/v2\/pages"}],"about":[{"href":"https:\/\/naturheilzentrum-buchweizenberg.de\/es\/wp-json\/wp\/v2\/types\/page"}],"author":[{"embeddable":true,"href":"https:\/\/naturheilzentrum-buchweizenberg.de\/es\/wp-json\/wp\/v2\/users\/1"}],"replies":[{"embeddable":true,"href":"https:\/\/naturheilzentrum-buchweizenberg.de\/es\/wp-json\/wp\/v2\/comments?post=449"}],"version-history":[{"count":4,"href":"https:\/\/naturheilzentrum-buchweizenberg.de\/es\/wp-json\/wp\/v2\/pages\/449\/revisions"}],"predecessor-version":[{"id":1807,"href":"https:\/\/naturheilzentrum-buchweizenberg.de\/es\/wp-json\/wp\/v2\/pages\/449\/revisions\/1807"}],"up":[{"embeddable":true,"href":"https:\/\/naturheilzentrum-buchweizenberg.de\/es\/wp-json\/wp\/v2\/pages\/15"}],"wp:attachment":[{"href":"https:\/\/naturheilzentrum-buchweizenberg.de\/es\/wp-json\/wp\/v2\/media?parent=449"}],"curies":[{"name":"wp","href":"https:\/\/api.w.org\/{rel}","templated":true}]}}