{"id":452,"date":"2018-12-09T22:30:07","date_gmt":"2018-12-09T21:30:07","guid":{"rendered":"https:\/\/naturheilzentrum-buchweizenberg.de\/?page_id=452"},"modified":"2019-02-12T10:57:13","modified_gmt":"2019-02-12T09:57:13","slug":"chiropraktik","status":"publish","type":"page","link":"https:\/\/naturheilzentrum-buchweizenberg.de\/es\/therapien\/chiropraktik\/","title":{"rendered":"Chiropraktik"},"content":{"rendered":"<p>Gute Chiropraktik ist eine sanfte manuelle Therapie, mit deren Hilfe Knochenfehlstellungen des Skeletts korrigiert werden k\u00f6nnen. Im Naturheilzentrum Buchweizenberg wird nicht \u201ceingerenkt\u201d, sondern sanft reponiert, das hei\u00dft \u201cwieder in Position gebracht\u201d. Die Grundz\u00fcge dieser wunderbaren Therapie, Chiropraktik nach der Methode Buchweizenberg, basieren auf der Chiropraktik nach Dr. Ackermann in Stockholm.<\/p>\n<p>Dazu sind im Laufe der Jahre viele weitere Erkenntnisse gekommen. Diese sanfte Chiropraktik ist eine risikoarme Methode, die es sogar erlaubt, \u201c\u00e4ltere Osteoporose-Patienten\u201d zu behandeln. Derzeit sind wir im Naturheilzentrum Buchweizenberg vier Therapeuten, die die Art der Chiropraktik anwenden.<\/p>\n<p>Aber Vorsicht: Chiropraktik und Chiropraktik sind oft zwei Paar Schuhe!!!<\/p>\n<p>Wir wissen alle, dass Probleme der Wirbels\u00e4ule das Leben unertr\u00e4glich machen k\u00f6nnen. Wir sprechen von der \u201cVolks- Seuche\u201d R\u00fcckenschmerzen. Beckenschiefstellungen beispielsweise ziehen Fehlbelastungen nach sich und f\u00fchren dadurch zu einem \u00fcberh\u00f6hten Gelenkverschlei\u00df. Nicht nur sp\u00e4tere Knie-Operationen und H\u00fcftgelenk-Prothesen k\u00f6nnten vielen Menschen durch die Chiropraktik erspart bleiben, sondern auch immer wiederkehrende R\u00fcckenschmerzen und Hexensch\u00fcsse. Einseitige Knie und H\u00fcftschmerzen haben \u2013 resultierend durch 25 Jahre Erfahrung \u2013 nur eine einzige Ursache: Die Fehlstellung des Beckens! Daher sind alle Injektionstherapien mit Schmerzmitteln, Kortison und dergleichen keine kausalen Therapien. Sie k\u00f6nnen langfristig nicht helfen und das kann jeder in seiner Umgebung an der Anzahl der Leute mit eingesetzten Prothesen sehen. Es geht aber nicht NUR um Hexensch\u00fcsse und Schiefh\u00e4lse, sondern sehr oft um aus Schiefstellungen erwachsene Einschr\u00e4nkungen der Organfunktionen aufgrund von Nervenkompressionen. Unz\u00e4hlige H\u00f6rprobleme, Herzschmerzen, Darmprobleme, Sexualprobleme, um nur einige Indikationen zu nennen, stehen fast immer in direktem Zusammenhang mit Wirbelfehlstellungen. Diese Erfahrung finden wir in der Praxis immer wieder best\u00e4tigt. Die Regulierung der Wirbels\u00e4ule und die dadurch erreichte Entlastung der Spinalnerven sorgen f\u00fcr eine bessere Funktion des Gesamtorganismus. Daher ist die Chiropraktik als eine grundlegende Therapie anzusehen. Unser Rat: Lassen Sie einmal pro Jahr Ihre Wirbels\u00e4ule \u00fcberpr\u00fcfen. Damit werden viele \u201cl\u00e4stige Wehwehchen\u201d fr\u00fchzeitig behoben \u2013 oder k\u00f6nnen erst gar nicht entstehen. \u00dcber die zahlreichen Probleme, die entstehen, wenn die Wirbels\u00e4ule sich nicht in ihrer Idealposition befindet, finden Sie eingehende Informationen in dem Buch \u201cEs geht um Ihre Knochen\u201d. Dort finden Sie auch die Erkl\u00e4rung f\u00fcr die Ursache weiterer Knochen- bzw. Gelenk-Probleme wie etwa Hallux Vagus, Morbus Bechterew, Gicht, Tennis-Arm und vieles mehr\u2026. und deren doch so einfache, nat\u00fcrliche Behandlung.<\/p>\n","protected":false},"excerpt":{"rendered":"<p>Gute Chiropraktik ist eine sanfte manuelle Therapie, mit deren Hilfe Knochenfehlstellungen des Skeletts korrigiert werden k\u00f6nnen. Im Naturheilzentrum Buchweizenberg wird<\/p>\n","protected":false},"author":1,"featured_media":0,"parent":15,"menu_order":2030,"comment_status":"closed","ping_status":"closed","template":"","meta":{"footnotes":""},"class_list":["post-452","page","type-page","status-publish","hentry"],"translation":{"provider":"WPGlobus","version":"3.0.2","language":"es","enabled_languages":["de","gb","es"],"languages":{"de":{"title":true,"content":true,"excerpt":false},"gb":{"title":false,"content":false,"excerpt":false},"es":{"title":false,"content":false,"excerpt":false}}},"_links":{"self":[{"href":"https:\/\/naturheilzentrum-buchweizenberg.de\/es\/wp-json\/wp\/v2\/pages\/452","targetHints":{"allow":["GET"]}}],"collection":[{"href":"https:\/\/naturheilzentrum-buchweizenberg.de\/es\/wp-json\/wp\/v2\/pages"}],"about":[{"href":"https:\/\/naturheilzentrum-buchweizenberg.de\/es\/wp-json\/wp\/v2\/types\/page"}],"author":[{"embeddable":true,"href":"https:\/\/naturheilzentrum-buchweizenberg.de\/es\/wp-json\/wp\/v2\/users\/1"}],"replies":[{"embeddable":true,"href":"https:\/\/naturheilzentrum-buchweizenberg.de\/es\/wp-json\/wp\/v2\/comments?post=452"}],"version-history":[{"count":4,"href":"https:\/\/naturheilzentrum-buchweizenberg.de\/es\/wp-json\/wp\/v2\/pages\/452\/revisions"}],"predecessor-version":[{"id":2279,"href":"https:\/\/naturheilzentrum-buchweizenberg.de\/es\/wp-json\/wp\/v2\/pages\/452\/revisions\/2279"}],"up":[{"embeddable":true,"href":"https:\/\/naturheilzentrum-buchweizenberg.de\/es\/wp-json\/wp\/v2\/pages\/15"}],"wp:attachment":[{"href":"https:\/\/naturheilzentrum-buchweizenberg.de\/es\/wp-json\/wp\/v2\/media?parent=452"}],"curies":[{"name":"wp","href":"https:\/\/api.w.org\/{rel}","templated":true}]}}