{"id":455,"date":"2018-12-09T22:32:54","date_gmt":"2018-12-09T21:32:54","guid":{"rendered":"https:\/\/naturheilzentrum-buchweizenberg.de\/?page_id=455"},"modified":"2019-02-20T13:41:16","modified_gmt":"2019-02-20T12:41:16","slug":"colon-hydrotherapie","status":"publish","type":"page","link":"https:\/\/naturheilzentrum-buchweizenberg.de\/es\/therapien\/colon-hydrotherapie\/","title":{"rendered":"Colon-Hydrotherapie"},"content":{"rendered":"<div class=\"gdl-page-item\">\n<div class=\"gdl-page-content\">\n<h2>\u201cDer Tod sitzt im Darm\u201d!<\/h2>\n<p>Dieser alte Spruch ist heute aktueller denn je. Unsere moderne Lebensart belastet unseren Darm so massiv, da\u00df er immer \u00f6fter erkrankt. Es entstehen dadurch nicht nur leichte Darmprobleme (wie V\u00f6llegef\u00fchl, Bl\u00e4hungen, Verstopfung..) und schwerwiegendere Verdauungsprobleme (Darmentz\u00fcndungen wie Morbus Crohn, Colitis ulcerosa,\u2026), sondern auch m\u00f6glicherweise direkt ganz andere Erkrankungen au\u00dferhalb des Darmes, wie Hautkrankheiten (Allergien, Ekzeme, Dermatosen..), Lungenprobleme (Asthma bronchiale), Gelenkprobleme (Arthritis, Arthrose\u2026) bis hin zu psychischen Entgleisungen und nicht zuletzt Krebs.<\/p>\n<p>Die Colon-Hydrotherapie kann einerseits sehr wirkungsvoll zur Krankheitbek\u00e4mpfung eingesetzt werden (u.a. auch bei Pilz-Befall des Darmes), andererseits gl\u00fccklicherweise zur Vorbeugung, denn sie ist unserer Meinung nach die beste Entgiftung \u00fcberhaupt.<\/p>\n<p>F\u00fcr diese Vorbeugung reicht in der Regel eine erste Serie von 6 Behandlungen und eine anschlie\u00dfende halbj\u00e4hrige Therapie (Fr\u00fchjahr und Herbst) mit je 4 Behandlungen, die durch eine medikament\u00f6se biologische Ents\u00e4uerung und Darmaufbautherapie erg\u00e4nzt wird.<\/p>\n<p>Dr. Normann Walker ist der Begr\u00fcnder der COLON-Hydrotherapie in ihrer heutigen Form. Er starb v\u00f6llig gesund im zarten Alter von 116 Jahren an den Folgen eines Fahrrad-Unfalles. Dabei war er \u201cfit wie ein Turnschuh\u201d, denn er hatte gerade sein letztes Buch \u201cEinfache Gewichtskontrolle\u201d verfa\u00dft. An solchen Leuten kann man getrost Beispiel nehmen. Sie schw\u00e4tzen keine unsinnigen Parolen, sondern leben es vor. Wir versuchen es auch.<\/p>\n<p>Tiefere Informationen zum \u201cDarmgeschehen\u201d und unz\u00e4hlige Tipps zum Gesundwerden bzw. Gesundbleiben k\u00f6nnen Sie aus dem Buch \u201cEs geht um Ihren Darm\u201d von Jean-Claude Alix im Spurbuch-Verlag entnehmen.<\/p>\n<\/div>\n<\/div>\n<div class=\"col-lg-12 col-md-12 \">\n<div class=\"message-box-wrapper blue\">\n<div class=\"message-box-content\">\n<p style=\"text-align: center;\">\n<\/div>\n<\/div>\n<\/div>\n","protected":false},"excerpt":{"rendered":"<p>\u201cDer Tod sitzt im Darm\u201d! Dieser alte Spruch ist heute aktueller denn je. Unsere moderne Lebensart belastet unseren Darm so<\/p>\n","protected":false},"author":1,"featured_media":0,"parent":15,"menu_order":2040,"comment_status":"closed","ping_status":"closed","template":"","meta":{"footnotes":""},"class_list":["post-455","page","type-page","status-publish","hentry"],"translation":{"provider":"WPGlobus","version":"3.0.2","language":"es","enabled_languages":["de","gb","es"],"languages":{"de":{"title":true,"content":true,"excerpt":false},"gb":{"title":false,"content":false,"excerpt":false},"es":{"title":false,"content":false,"excerpt":false}}},"_links":{"self":[{"href":"https:\/\/naturheilzentrum-buchweizenberg.de\/es\/wp-json\/wp\/v2\/pages\/455","targetHints":{"allow":["GET"]}}],"collection":[{"href":"https:\/\/naturheilzentrum-buchweizenberg.de\/es\/wp-json\/wp\/v2\/pages"}],"about":[{"href":"https:\/\/naturheilzentrum-buchweizenberg.de\/es\/wp-json\/wp\/v2\/types\/page"}],"author":[{"embeddable":true,"href":"https:\/\/naturheilzentrum-buchweizenberg.de\/es\/wp-json\/wp\/v2\/users\/1"}],"replies":[{"embeddable":true,"href":"https:\/\/naturheilzentrum-buchweizenberg.de\/es\/wp-json\/wp\/v2\/comments?post=455"}],"version-history":[{"count":4,"href":"https:\/\/naturheilzentrum-buchweizenberg.de\/es\/wp-json\/wp\/v2\/pages\/455\/revisions"}],"predecessor-version":[{"id":2280,"href":"https:\/\/naturheilzentrum-buchweizenberg.de\/es\/wp-json\/wp\/v2\/pages\/455\/revisions\/2280"}],"up":[{"embeddable":true,"href":"https:\/\/naturheilzentrum-buchweizenberg.de\/es\/wp-json\/wp\/v2\/pages\/15"}],"wp:attachment":[{"href":"https:\/\/naturheilzentrum-buchweizenberg.de\/es\/wp-json\/wp\/v2\/media?parent=455"}],"curies":[{"name":"wp","href":"https:\/\/api.w.org\/{rel}","templated":true}]}}