{"id":461,"date":"2018-12-09T22:35:43","date_gmt":"2018-12-09T21:35:43","guid":{"rendered":"https:\/\/naturheilzentrum-buchweizenberg.de\/?page_id=461"},"modified":"2019-02-16T15:08:06","modified_gmt":"2019-02-16T14:08:06","slug":"fuss-pure-detox","status":"publish","type":"page","link":"https:\/\/naturheilzentrum-buchweizenberg.de\/es\/therapien\/fuss-pure-detox\/","title":{"rendered":"Fu\u00df Pure-Detox"},"content":{"rendered":"<div class=\"gdl-page-item\">\n<div class=\"gdl-page-content\">\n<p>Es ist eine Tatsache, da\u00df unsere Umwelt regelrecht immer mehr vergiftet wird. Diese Vergiftung tragen wir auch in uns. Das Hygiene-Institut der Stadt Bochum hat im Blut scheinbar gesund wirkender Menschen \u00fcber 60 Schadstoffe festgestellt.<\/p>\n<p><b>Entgiftung ist schlicht und einfach die Voraussetzung zur Genesung.<\/b><\/p>\n<p>Ausleitungen \u00fcber die F\u00fc\u00dfe bei Schwermetall-Belastungen<\/p>\n<p>Es handelt sich um eine scheinbar harmlose Behandlungsmethode. Die F\u00fc\u00dfe werden einfach in Salzwasser 30 Minuten gelassen. Ein schwacher galvanischer Strom sorgt f\u00fcr die Anziehung der Metall-Ionen durch die Haut der Fu\u00dfsohle. Es ist erstaunlich wieviel \u201cDreck\u201d aus dem K\u00f6rper herausgefischt wird. Experten vergleichen die Wirkung dieser Therapie mit der der Chelat-Therapie jedoch ohne die Nebenwirkungen der Chelat-Therapie. Wir konnten beobachten, da\u00df Krebs- Patienten am Anfang besonders belastet sind und im Laufe der Behandlungsreihe immer \u201csauberer\u201d wurden. Man kann auch beobachten, da\u00df Menschen, die sich vorbilddlich vegan ern\u00e4hren und sich dazu noch k\u00f6rperlich bet\u00e4tigen kaum Aussonderungen hervorbringen. Das ist f\u00fcr uns der t\u00e4gliche Beweis, da\u00df diese Therapie eine hervorragende Wirkung aufweist. In der letzten Zeit benutzen wir besondere Elektroden aus Zink. Sie haben den Vorteil, da\u00df sie besonders Amalgam sprich Quecksilber ausleiten , daf\u00fcr sind sie allerdings nicht \u201cf\u00e4rbend\u201d so da\u00df man eben die Menge an Ausleitung sichtlich nicht mehr erfassen kann. Man kann es allerdings deutlich riechen. Das Ger\u00e4t, mit dem wir diese Therapie durchf\u00fchren, ist ein ganz besonderes. Deswegen sagen wir nicht nur \u201cFu\u00df-Pure-Detox\u201d, sondern \u201cIonen-Fu\u00df-Bad\u201d. Es vereint ein Radionik-System, ein Bio-Resonanz-System und ein Fu\u00df-Detox in einem Ger\u00e4t. Weitere Informationen zum Ger\u00e4t \u201cAionos\u201d finden Sie unter www.puredetox.de.<\/p>\n<\/div>\n<\/div>\n<div class=\"col-lg-12 col-md-12 \">\n<div class=\"message-box-wrapper blue\">\n<div class=\"message-box-content\">\n<p style=\"text-align: center;\">\n<\/div>\n<\/div>\n<\/div>\n","protected":false},"excerpt":{"rendered":"<p>Es ist eine Tatsache, da\u00df unsere Umwelt regelrecht immer mehr vergiftet wird. Diese Vergiftung tragen wir auch in uns. Das<\/p>\n","protected":false},"author":1,"featured_media":0,"parent":15,"menu_order":2060,"comment_status":"closed","ping_status":"closed","template":"","meta":{"footnotes":""},"class_list":["post-461","page","type-page","status-publish","hentry"],"translation":{"provider":"WPGlobus","version":"3.0.2","language":"es","enabled_languages":["de","gb","es"],"languages":{"de":{"title":true,"content":true,"excerpt":false},"gb":{"title":false,"content":false,"excerpt":false},"es":{"title":false,"content":false,"excerpt":false}}},"_links":{"self":[{"href":"https:\/\/naturheilzentrum-buchweizenberg.de\/es\/wp-json\/wp\/v2\/pages\/461","targetHints":{"allow":["GET"]}}],"collection":[{"href":"https:\/\/naturheilzentrum-buchweizenberg.de\/es\/wp-json\/wp\/v2\/pages"}],"about":[{"href":"https:\/\/naturheilzentrum-buchweizenberg.de\/es\/wp-json\/wp\/v2\/types\/page"}],"author":[{"embeddable":true,"href":"https:\/\/naturheilzentrum-buchweizenberg.de\/es\/wp-json\/wp\/v2\/users\/1"}],"replies":[{"embeddable":true,"href":"https:\/\/naturheilzentrum-buchweizenberg.de\/es\/wp-json\/wp\/v2\/comments?post=461"}],"version-history":[{"count":3,"href":"https:\/\/naturheilzentrum-buchweizenberg.de\/es\/wp-json\/wp\/v2\/pages\/461\/revisions"}],"predecessor-version":[{"id":2291,"href":"https:\/\/naturheilzentrum-buchweizenberg.de\/es\/wp-json\/wp\/v2\/pages\/461\/revisions\/2291"}],"up":[{"embeddable":true,"href":"https:\/\/naturheilzentrum-buchweizenberg.de\/es\/wp-json\/wp\/v2\/pages\/15"}],"wp:attachment":[{"href":"https:\/\/naturheilzentrum-buchweizenberg.de\/es\/wp-json\/wp\/v2\/media?parent=461"}],"curies":[{"name":"wp","href":"https:\/\/api.w.org\/{rel}","templated":true}]}}