{"id":477,"date":"2018-12-09T22:40:53","date_gmt":"2018-12-09T21:40:53","guid":{"rendered":"https:\/\/naturheilzentrum-buchweizenberg.de\/?page_id=477"},"modified":"2019-02-17T10:57:20","modified_gmt":"2019-02-17T09:57:20","slug":"pulsierendes-schroepfen-ppt","status":"publish","type":"page","link":"https:\/\/naturheilzentrum-buchweizenberg.de\/es\/therapien\/pulsierendes-schroepfen-ppt\/","title":{"rendered":"Pulsierendes Schr\u00f6pfen (PPT)"},"content":{"rendered":"<div class=\"gdl-page-item\">\n<div class=\"gdl-page-content\">\n<h2>Pulsierendes Schr\u00f6pfen (PPT \u2013 pulsierende Pneumatische Therapie)<\/h2>\n<p>Im Dezember 2002 haben wir im Naturheilzentrum Buchweizenberg das Pneumatron-Ger\u00e4t f\u00fcr die PPT, die pulsierende pneumatische Therapie, angeschafft.<\/p>\n<p>Die PPT ist gleichzeitig eine Lymphdrainage, ein Schr\u00f6pfen und eine tiefe Massage. Sie ist daher die bisher sanfteste und wirkungsvollste Methode Ihr Gewebe in Schwingung \u2013 und in Schwung \u2013 zu bringen. Das gesamte Gewebe wird w\u00e4hrend der Behandlung gut durchblutet und regeneriert, die Zellneubildung wird angeregt und die sogenannte Matrix neu geordnet. Dazu kommt es zu einer erh\u00f6hten Stoffwechselwirkung, sogar Fettzellen werden aufgespalten.<\/p>\n<p>Das Ger\u00e4t erzeugt pulsierende Saugwellen, die mit 200 Impulsen in der Minute Ihr Gewebe lockern. Durch pulsierende Wechselwirkung von Unterdruck und athmosph\u00e4rischem Druck wird das Gewebe in Schwingungen gebracht. Unter Mitwirkung des erh\u00f6hten kapillaren Blutvolumens (Sauerstoffmenge) werden die Zellen aktiver und der osmotische Druck wird positiv beeinflu\u00dft. Die Pulsationen l\u00f6sen Verklebungen im Gewebe und verbessern die Sauerstoff- Versorgung, der aktivierte Lymphflu\u00df transportiert die gel\u00f6sten Schlacken sofort ab.<\/p>\n<p>Urspr\u00fcnglich als Erg\u00e4nzung zur chiropraktischen Behandlung gedacht, hat diese Therapie innerhalb weniger Wochen auch in ganz anderen Bereichen einen festen Platz eingenommen. So benutzen wir die pneumatische Pulsationstherapie auf Wunsch auch w\u00e4hrend der Colon-Hydro-Therapie f\u00fcr eine sanfte Bauch-Massage.<\/p>\n<p>Neben der Anwendung im medizinischen Bereich bietet Ihnen das Pneumatron eine Reihe von M\u00f6glichkeiten im Bereich von Sch\u00f6nheit und Wohlbefinden. Durch die Arbeitsweise des Ger\u00e4tes wird zun\u00e4chst die Muskulatur und das Gewebe gelockert, Verklebungen und Verschlackungen k\u00f6nnen sich l\u00f6sen. Das Ergebnis: Zellen, Blutstrom, Lymphe und Gewebe werden aktiviert, gekr\u00e4ftigt und gewinnen an Elastizit\u00e4t. Das Ergebnis ist gesundes, rosiges Gewebe von Kopf bis Fu\u00df. Die pneumatische Pulsationstherapie wird mit deutlichem Erfolg im Naturheilzentrum Buchweizenberg auch als angenehme medizinische Massage, bei Lymphstau (u.a. nach Brust-OP) und zur Narbenbehandlung eingesetzt. Sie kann sehr sanft reguliert werden und eignet sich sehr gut sogar f\u00fcr Gesichtsmassage.<\/p>\n<p>Der Effekt der Befreiung und gesteigerten Versorgung des Gewebes ist u.a. eine Gewebestraffung mit sehr positiven sichtbaren Erfolgen z.B. bei der Cellulite-Behandlung, Bruststraffung, zur Verminderung von Schwangerschaftsstreifen und zur Faltengl\u00e4ttung.<\/p>\n<p>Eine Wohltat mit positiven medizinischen Effekten!<\/p>\n<\/div>\n<\/div>\n<div class=\"col-lg-12 col-md-12 \">\n<div class=\"message-box-wrapper blue\">\n<div class=\"message-box-content\">\n<p style=\"text-align: center;\">\n<\/div>\n<\/div>\n<\/div>\n","protected":false},"excerpt":{"rendered":"<p>Pulsierendes Schr\u00f6pfen (PPT \u2013 pulsierende Pneumatische Therapie) Im Dezember 2002 haben wir im Naturheilzentrum Buchweizenberg das Pneumatron-Ger\u00e4t f\u00fcr die PPT,<\/p>\n","protected":false},"author":1,"featured_media":0,"parent":15,"menu_order":2130,"comment_status":"closed","ping_status":"closed","template":"","meta":{"footnotes":""},"class_list":["post-477","page","type-page","status-publish","hentry"],"translation":{"provider":"WPGlobus","version":"3.0.2","language":"es","enabled_languages":["de","gb","es"],"languages":{"de":{"title":true,"content":true,"excerpt":false},"gb":{"title":false,"content":false,"excerpt":false},"es":{"title":false,"content":false,"excerpt":false}}},"_links":{"self":[{"href":"https:\/\/naturheilzentrum-buchweizenberg.de\/es\/wp-json\/wp\/v2\/pages\/477","targetHints":{"allow":["GET"]}}],"collection":[{"href":"https:\/\/naturheilzentrum-buchweizenberg.de\/es\/wp-json\/wp\/v2\/pages"}],"about":[{"href":"https:\/\/naturheilzentrum-buchweizenberg.de\/es\/wp-json\/wp\/v2\/types\/page"}],"author":[{"embeddable":true,"href":"https:\/\/naturheilzentrum-buchweizenberg.de\/es\/wp-json\/wp\/v2\/users\/1"}],"replies":[{"embeddable":true,"href":"https:\/\/naturheilzentrum-buchweizenberg.de\/es\/wp-json\/wp\/v2\/comments?post=477"}],"version-history":[{"count":3,"href":"https:\/\/naturheilzentrum-buchweizenberg.de\/es\/wp-json\/wp\/v2\/pages\/477\/revisions"}],"predecessor-version":[{"id":2301,"href":"https:\/\/naturheilzentrum-buchweizenberg.de\/es\/wp-json\/wp\/v2\/pages\/477\/revisions\/2301"}],"up":[{"embeddable":true,"href":"https:\/\/naturheilzentrum-buchweizenberg.de\/es\/wp-json\/wp\/v2\/pages\/15"}],"wp:attachment":[{"href":"https:\/\/naturheilzentrum-buchweizenberg.de\/es\/wp-json\/wp\/v2\/media?parent=477"}],"curies":[{"name":"wp","href":"https:\/\/api.w.org\/{rel}","templated":true}]}}