{"id":587,"date":"2018-12-16T21:38:07","date_gmt":"2018-12-16T20:38:07","guid":{"rendered":"https:\/\/naturheilzentrum-buchweizenberg.de\/?page_id=587"},"modified":"2019-04-22T14:45:08","modified_gmt":"2019-04-22T12:45:08","slug":"stoffwechsel","status":"publish","type":"page","link":"https:\/\/naturheilzentrum-buchweizenberg.de\/es\/partner\/therapeuten\/stoffwechsel\/","title":{"rendered":"Therapeuten &#8211; Stoffwechsel"},"content":{"rendered":"<h2>Nach der Buchweizenberg-Methode<\/h2>\n<p>Alle Kolleginnen und Kollegen auf diese Liste haben mindestens eine \u201cStoffwechsel\u201d-Ausbildung im Hause Buchweizenberg erfolgreich absolviert.<\/p>\n<p>Nachfolgend finden Sie Therapeutinnen und Therapeuten in Ihrer N\u00e4he f\u00fcr alle Probleme des Darmes, der Leber, der \u00dcbers\u00e4uerung und deren Folgen als Stoffwechselentgleisung bzw. Zivilisations-Erkrankungen.<\/p>\n<p>Jean-Claude Alix<\/p>\n<p>Alle aufgelistete Kollegen\/Kolleginnen haben uns ihre Einwilligung gem\u00e4\u00df DSGVO 25. Mai 2018 gegeben<\/p>\n<p>Diese Einwilligung kann nat\u00fcrlich jederzeit m\u00fcndlich oder schriftlich widerrufen werden. Der Widerruf ist zu richten an: Naturheilzentrum Buchweizenberg, Buchweizenberg 32, 42699 SOLINGEN oder per E-Mail an <a href=\"mailto:info@naturheilzentrum-buchweizenberg.de\">info@naturheilzentrum-buchweizenberg.de<\/a><\/p>\n\n<table id=\"tablepress-2\" class=\"tablepress tablepress-id-2\">\n<thead>\n<tr class=\"row-1\">\n\t<th class=\"column-1\">Name<\/th><th class=\"column-2\">Anschrift<\/th><th class=\"column-3\">Land<\/th><th class=\"column-4\">PLZ<\/th><th class=\"column-5\">Ort<\/th><th class=\"column-6\">Telefon<\/th><th class=\"column-7\">E-Mail<\/th><th class=\"column-8\">Webseite<\/th><th class=\"column-9\">Therapien<\/th>\n<\/tr>\n<\/thead>\n<tbody class=\"row-striping row-hover\">\n<tr class=\"row-2\">\n\t<td class=\"column-1\">Geidel-Peck Karla<\/td><td class=\"column-2\">Feldfichten 48      <\/td><td class=\"column-3\">D<\/td><td class=\"column-4\">14532<\/td><td class=\"column-5\">Kleinmachnow<\/td><td class=\"column-6\">0178 551 6223<\/td><td class=\"column-7\">empfang@naturheilpraxis-in-kleinmachnow.de<\/td><td class=\"column-8\">http:\/\/www.naturheilpraxis-in-kleinmachnow.de<\/td><td class=\"column-9\">Therapien: u.a. Ozon-Sauerstoff-Therapie<\/td>\n<\/tr>\n<tr class=\"row-3\">\n\t<td class=\"column-1\">Grossmann Brigitte<\/td><td class=\"column-2\">Basdorferstr. 33<\/td><td class=\"column-3\">D<\/td><td class=\"column-4\">16321<\/td><td class=\"column-5\">Bernau<\/td><td class=\"column-6\">0151-17401746<\/td><td class=\"column-7\">brigitte-grossmann@gmx.de<\/td><td class=\"column-8\">www.brigitte-grossmann.de<\/td><td class=\"column-9\">Therapien: u.a. Colon-Hydro-Therapie<\/td>\n<\/tr>\n<tr class=\"row-4\">\n\t<td class=\"column-1\">Franziska Neuenroth<\/td><td class=\"column-2\">Dorfstr. 5b<\/td><td class=\"column-3\">D<\/td><td class=\"column-4\">37318<\/td><td class=\"column-5\">Asbach<\/td><td class=\"column-6\">036087 \/ 97856<\/td><td class=\"column-7\">franziska.neuenroth@googlemail.com <\/td><td class=\"column-8\">https:\/\/www.hp-neuenroth.de<\/td><td class=\"column-9\"><\/td>\n<\/tr>\n<tr class=\"row-5\">\n\t<td class=\"column-1\">Vorbau-Konzak Heike<\/td><td class=\"column-2\">Dahlienweg 22<\/td><td class=\"column-3\">D<\/td><td class=\"column-4\">40468<\/td><td class=\"column-5\">D\u00fcsseldorf<\/td><td class=\"column-6\">0211-41652353 oder 0176-56654992<\/td><td class=\"column-7\">info@duesseldorf-heilpraktikerin.de<\/td><td class=\"column-8\">www.duesseldorf-heilpraktikerin.de<\/td><td class=\"column-9\"><\/td>\n<\/tr>\n<tr class=\"row-6\">\n\t<td class=\"column-1\">Silke Rathert<\/td><td class=\"column-2\">Sebastianusstr. 8<\/td><td class=\"column-3\">D<\/td><td class=\"column-4\">41460<\/td><td class=\"column-5\">Neuss<\/td><td class=\"column-6\">02131-1786316<\/td><td class=\"column-7\">s.rathert@hp-rathert.de<\/td><td class=\"column-8\">www.hp-rathert.de<\/td><td class=\"column-9\">Therapien u.a. Colon-Hydro-Therapie, Infusionen, Ausleitungsverfahren, Phytotherapie<\/td>\n<\/tr>\n<tr class=\"row-7\">\n\t<td class=\"column-1\">Columbus Mike<\/td><td class=\"column-2\">Gl\u00fcck-Auf-Str. 21<\/td><td class=\"column-3\">D<\/td><td class=\"column-4\">46284<\/td><td class=\"column-5\">Dorsten<\/td><td class=\"column-6\">02362-793026<\/td><td class=\"column-7\">praxiscolumbus@gmail.com<\/td><td class=\"column-8\">https:\/\/www.naturheilpraxis-columbus.de\/<\/td><td class=\"column-9\"><\/td>\n<\/tr>\n<tr class=\"row-8\">\n\t<td class=\"column-1\">Anette Lehnigk<\/td><td class=\"column-2\">Friesenstr. 50<\/td><td class=\"column-3\">D<\/td><td class=\"column-4\">50670<\/td><td class=\"column-5\">K\u00f6ln<\/td><td class=\"column-6\">0221-29499297 oder 0171-7048585<\/td><td class=\"column-7\">info@heilpraktiker-lehnigk.de<\/td><td class=\"column-8\">www.heilpraktiker-lehnigk.de<\/td><td class=\"column-9\">Therapien u. a. Colon-Hydro-Therapie, Ozon-Sauerstoff-Therapie, Blutegel<\/td>\n<\/tr>\n<tr class=\"row-9\">\n\t<td class=\"column-1\">Eckers Petra<\/td><td class=\"column-2\">Hubertusstra\u00dfe 10<\/td><td class=\"column-3\">D<\/td><td class=\"column-4\">54636<\/td><td class=\"column-5\">Dahlem<\/td><td class=\"column-6\">06562-931211<\/td><td class=\"column-7\">info@naturheilpraxis-eckers.de<\/td><td class=\"column-8\">www.naturheilpraxis-eckers.de<\/td><td class=\"column-9\"><\/td>\n<\/tr>\n<tr class=\"row-10\">\n\t<td class=\"column-1\">Jungbluth Angela<\/td><td class=\"column-2\">Oberstweiler 2<\/td><td class=\"column-3\">D<\/td><td class=\"column-4\">55743<\/td><td class=\"column-5\">Idar-Oberstein<\/td><td class=\"column-6\">06781-981818<\/td><td class=\"column-7\">info@physio-care.de<\/td><td class=\"column-8\">www.physio-care.de<\/td><td class=\"column-9\">Therapien: u.a. Basen-Infusionen, Neural-Therapie nach Huneke<\/td>\n<\/tr>\n<tr class=\"row-11\">\n\t<td class=\"column-1\">Christine M. Amrhein<\/td><td class=\"column-2\">Oberstr. 151<\/td><td class=\"column-3\">D<\/td><td class=\"column-4\">56154<\/td><td class=\"column-5\">Boppard<\/td><td class=\"column-6\">0160-96 40 11 37<\/td><td class=\"column-7\">hp-amrhein@t-online.de<\/td><td class=\"column-8\"><\/td><td class=\"column-9\"> Therapien u.a.: Chiropraktik, Presselmassage, Shiatsu<\/td>\n<\/tr>\n<tr class=\"row-12\">\n\t<td class=\"column-1\">Ballmann-Tack Andrea<\/td><td class=\"column-2\">Galgenfeld 40 a<\/td><td class=\"column-3\">D<\/td><td class=\"column-4\">61389<\/td><td class=\"column-5\">Schmitten<\/td><td class=\"column-6\">06084-9020<\/td><td class=\"column-7\">a.ballmann-tack@web.de<\/td><td class=\"column-8\">www.naturheilpraxis-ballmann-tack.de<\/td><td class=\"column-9\">Therapien: u.a. Ozon-Sauerstoff-Therapie<\/td>\n<\/tr>\n<tr class=\"row-13\">\n\t<td class=\"column-1\">Palberg Anke<\/td><td class=\"column-2\">Ringstr. 13<\/td><td class=\"column-3\">D<\/td><td class=\"column-4\">64832<\/td><td class=\"column-5\">Babenhausen<\/td><td class=\"column-6\">06073-7258517<\/td><td class=\"column-7\">anke.palberg@gmail.com<\/td><td class=\"column-8\">www.praxis.palberg.eu<\/td><td class=\"column-9\"><\/td>\n<\/tr>\n<tr class=\"row-14\">\n\t<td class=\"column-1\">H\u00e4ffner Kirsten Maria<\/td><td class=\"column-2\">Sandhofer Stra\u00dfe 275<\/td><td class=\"column-3\">D<\/td><td class=\"column-4\">68307<\/td><td class=\"column-5\">Mannheim<\/td><td class=\"column-6\">0621-76089916<\/td><td class=\"column-7\">ki@kmh-heilpraxis.de<\/td><td class=\"column-8\">www.kmh-heilpraxis.de<\/td><td class=\"column-9\">Therapien: u.a. Neural-Therapie nach Huneke<\/td>\n<\/tr>\n<tr class=\"row-15\">\n\t<td class=\"column-1\">Watzal Alexandra<\/td><td class=\"column-2\">Hohe Steige 16<\/td><td class=\"column-3\">D<\/td><td class=\"column-4\">74706<\/td><td class=\"column-5\">Osterburken<\/td><td class=\"column-6\">06291-646610<\/td><td class=\"column-7\">a.watzal@t-online.de<\/td><td class=\"column-8\">www.watzal-heilpraktikerin.de<\/td><td class=\"column-9\"><\/td>\n<\/tr>\n<tr class=\"row-16\">\n\t<td class=\"column-1\">Eggeringhaus Claudia<\/td><td class=\"column-2\">Baaderstr.12<\/td><td class=\"column-3\">D<\/td><td class=\"column-4\">80469<\/td><td class=\"column-5\">M\u00fcnchen<\/td><td class=\"column-6\">0177-2731027<\/td><td class=\"column-7\">info@heilpraktiker-eggeringhaus.de<\/td><td class=\"column-8\"><\/td><td class=\"column-9\">Therapien u. a.:Colon-Hydro-Therapie, Infusionen, Neuraltherapie<\/td>\n<\/tr>\n<tr class=\"row-17\">\n\t<td class=\"column-1\">Barth Gudrun<\/td><td class=\"column-2\">St.Wolfgangstr.10<\/td><td class=\"column-3\">A<\/td><td class=\"column-4\">4160<\/td><td class=\"column-5\">Schl\u00e4gl<\/td><td class=\"column-6\">0043-664-1675969<\/td><td class=\"column-7\">gudrun.barth@intrago.at<\/td><td class=\"column-8\"><\/td><td class=\"column-9\"><\/td>\n<\/tr>\n<tr class=\"row-18\">\n\t<td class=\"column-1\">Anne Faulborn \u0096 Naturheilpraxis Faulborn<\/td><td class=\"column-2\">Sch\u00fctzenmattstrasse 39<\/td><td class=\"column-3\">CH<\/td><td class=\"column-4\">4051<\/td><td class=\"column-5\">Basel<\/td><td class=\"column-6\">+41 61 2713279<\/td><td class=\"column-7\">info@praxis-faulborn.ch<\/td><td class=\"column-8\">http:\/\/www.praxis-faulborn.ch<\/td><td class=\"column-9\">Ganzheitliche Darmgesundheit und Traditionelle Europ\u00e4ische Naturheilkunde<\/td>\n<\/tr>\n<\/tbody>\n<\/table>\n<!-- #tablepress-2 from cache -->\n","protected":false},"excerpt":{"rendered":"<p>Nach der Buchweizenberg-Methode Alle Kolleginnen und Kollegen auf diese Liste haben mindestens eine \u201cStoffwechsel\u201d-Ausbildung im Hause Buchweizenberg erfolgreich absolviert. Nachfolgend<\/p>\n","protected":false},"author":1,"featured_media":0,"parent":574,"menu_order":4220,"comment_status":"closed","ping_status":"closed","template":"template-fullwidth.php","meta":{"footnotes":""},"class_list":["post-587","page","type-page","status-publish","hentry"],"translation":{"provider":"WPGlobus","version":"3.0.2","language":"es","enabled_languages":["de","gb","es"],"languages":{"de":{"title":true,"content":true,"excerpt":false},"gb":{"title":false,"content":false,"excerpt":false},"es":{"title":false,"content":false,"excerpt":false}}},"_links":{"self":[{"href":"https:\/\/naturheilzentrum-buchweizenberg.de\/es\/wp-json\/wp\/v2\/pages\/587","targetHints":{"allow":["GET"]}}],"collection":[{"href":"https:\/\/naturheilzentrum-buchweizenberg.de\/es\/wp-json\/wp\/v2\/pages"}],"about":[{"href":"https:\/\/naturheilzentrum-buchweizenberg.de\/es\/wp-json\/wp\/v2\/types\/page"}],"author":[{"embeddable":true,"href":"https:\/\/naturheilzentrum-buchweizenberg.de\/es\/wp-json\/wp\/v2\/users\/1"}],"replies":[{"embeddable":true,"href":"https:\/\/naturheilzentrum-buchweizenberg.de\/es\/wp-json\/wp\/v2\/comments?post=587"}],"version-history":[{"count":7,"href":"https:\/\/naturheilzentrum-buchweizenberg.de\/es\/wp-json\/wp\/v2\/pages\/587\/revisions"}],"predecessor-version":[{"id":2212,"href":"https:\/\/naturheilzentrum-buchweizenberg.de\/es\/wp-json\/wp\/v2\/pages\/587\/revisions\/2212"}],"up":[{"embeddable":true,"href":"https:\/\/naturheilzentrum-buchweizenberg.de\/es\/wp-json\/wp\/v2\/pages\/574"}],"wp:attachment":[{"href":"https:\/\/naturheilzentrum-buchweizenberg.de\/es\/wp-json\/wp\/v2\/media?parent=587"}],"curies":[{"name":"wp","href":"https:\/\/api.w.org\/{rel}","templated":true}]}}