{"id":745,"date":"2018-12-31T13:55:08","date_gmt":"2018-12-31T12:55:08","guid":{"rendered":"https:\/\/naturheilzentrum-buchweizenberg.de\/?page_id=745"},"modified":"2026-05-01T12:58:26","modified_gmt":"2026-05-01T10:58:26","slug":"geist-und-seele","status":"publish","type":"page","link":"https:\/\/naturheilzentrum-buchweizenberg.de\/es\/geist-und-seele\/","title":{"rendered":"K\u00f6rper, Geist und Seele"},"content":{"rendered":"<h2><a href=\"https:\/\/naturheilzentrum-buchweizenberg.de\/allg-informationen-geist-und-seele\/\">Allgemeine Informationen<\/a><\/h2>\n<h2><a href=\"https:\/\/naturheilzentrum-buchweizenberg.de\/geist-und-seele\/ernaehrungsberatung\/\">Ern\u00e4hrungs- und Gesundheitsberatung<\/a><\/h2>\n<h2><a href=\"https:\/\/naturheilzentrum-buchweizenberg.de\/geist-und-seele\/fasten\/\">Fasten<\/a><\/h2>\n<h2><a href=\"https:\/\/naturheilzentrum-buchweizenberg.de\/abnehmberatung-und-gewichtscoaching\/\">Abnehmberatung und Gewichtscoaching<\/a><\/h2>\n<h2><a href=\"https:\/\/naturheilzentrum-buchweizenberg.de\/therapien\/gespraechsfuehrung-nach-rogers\/\">Gespr\u00e4chsf\u00fchrung nach Rogers<\/a><\/h2>\n","protected":false},"excerpt":{"rendered":"<p>Allgemeine Informationen Ern\u00e4hrungs- und Gesundheitsberatung Fasten Abnehmberatung und Gewichtscoaching Gespr\u00e4chsf\u00fchrung nach Rogers<\/p>\n","protected":false},"author":1,"featured_media":0,"parent":0,"menu_order":100,"comment_status":"closed","ping_status":"closed","template":"","meta":{"footnotes":""},"class_list":["post-745","page","type-page","status-publish","hentry"],"translation":{"provider":"WPGlobus","version":"3.0.2","language":"es","enabled_languages":["de","gb","es"],"languages":{"de":{"title":true,"content":true,"excerpt":false},"gb":{"title":false,"content":false,"excerpt":false},"es":{"title":false,"content":false,"excerpt":false}}},"_links":{"self":[{"href":"https:\/\/naturheilzentrum-buchweizenberg.de\/es\/wp-json\/wp\/v2\/pages\/745","targetHints":{"allow":["GET"]}}],"collection":[{"href":"https:\/\/naturheilzentrum-buchweizenberg.de\/es\/wp-json\/wp\/v2\/pages"}],"about":[{"href":"https:\/\/naturheilzentrum-buchweizenberg.de\/es\/wp-json\/wp\/v2\/types\/page"}],"author":[{"embeddable":true,"href":"https:\/\/naturheilzentrum-buchweizenberg.de\/es\/wp-json\/wp\/v2\/users\/1"}],"replies":[{"embeddable":true,"href":"https:\/\/naturheilzentrum-buchweizenberg.de\/es\/wp-json\/wp\/v2\/comments?post=745"}],"version-history":[{"count":16,"href":"https:\/\/naturheilzentrum-buchweizenberg.de\/es\/wp-json\/wp\/v2\/pages\/745\/revisions"}],"predecessor-version":[{"id":4441,"href":"https:\/\/naturheilzentrum-buchweizenberg.de\/es\/wp-json\/wp\/v2\/pages\/745\/revisions\/4441"}],"wp:attachment":[{"href":"https:\/\/naturheilzentrum-buchweizenberg.de\/es\/wp-json\/wp\/v2\/media?parent=745"}],"curies":[{"name":"wp","href":"https:\/\/api.w.org\/{rel}","templated":true}]}}