{"id":840,"date":"2019-01-08T20:04:57","date_gmt":"2019-01-08T19:04:57","guid":{"rendered":"https:\/\/naturheilzentrum-buchweizenberg.de\/?page_id=840"},"modified":"2025-06-05T14:27:57","modified_gmt":"2025-06-05T12:27:57","slug":"anreise-uebernachtung","status":"publish","type":"page","link":"https:\/\/naturheilzentrum-buchweizenberg.de\/es\/partner\/anreise-uebernachtung\/","title":{"rendered":"Anreise \/ \u00dcbernachtung"},"content":{"rendered":"<h2><span class=\"xr_s0\"><span class=\"xr_tl xr_s50\"><span class=\"xr_s64\">Anreise<\/span><\/span><\/span><\/h2>\n<h3><span class=\"xr_s0\"><span class=\"xr_tl xr_s41\"><span class=\"xr_s47\">Mit dem Auto: <\/span><\/span><\/span><\/h3>\n<p><span class=\"xr_s0\"> <span class=\"xr_tl xr_s41\"><span class=\"xr_s4\">A3, Abfahrt Solingen\/Wiescheid, von dort ben\u00f6tigen Sie etwa 10 Minuten \u2013 nach der Ausfahrt links auf die B229. Nach dem Ortseingangsschild Solingen an der n\u00e4chsten Gabelung links halten und damit die B229 verlassen. Geradeaus weiter. Nach der 70-Zone an der n\u00e4chsten Kreuzung rechts auf die L288 (vor Autohaus Schiefer). An der n\u00e4chsten Ampel links auf die Viehbachtalstra\u00dfe und direkt an der ersten Abfahrt runter Richtung SG-Merscheid \/ SG-Aufderh\u00f6he. Danach rechts auf Friedenstr. An der ersten Ampelkreuzung links abbiegen, dann befindet sich das Naturheilzentrum direkt auf der linken Seite.<br \/>\n<\/span><\/span><\/span><\/p>\n<h3><span class=\"xr_s0\"><span class=\"xr_tl xr_s41\"><span class=\"xr_s47\">Mit dem Zug: <\/span><\/span><\/span><\/h3>\n<p><span class=\"xr_s0\"><span class=\"xr_tl xr_s4\">In Solingen Hbf (der Bahnhof liegt mitten in Solingen-Ohligs) halten Z\u00fcge des Regionalverkehrs wie auch ICs und ICEs. <\/span> <span class=\"xr_tl xr_s4\">Von dort k\u00f6nnen Sie:<\/span><\/span><\/p>\n<p><span class=\"xr_s0\"><span class=\"xr_tl xr_s4\">Mit der Buslinie 681 (Richtung H\u00e4sten) bis zur Haltestelle Merscheid, dort in den Bus 693 (Richtung Aufderh\u00f6he) umsteigen und bis zur Haltestelle Am Fr\u00fchling fahren. Von dort aus sind es noch 3 Minuten Fu\u00dfweg <\/span><\/span><\/p>\n<p><span class=\"xr_s0\"><span class=\"xr_tl xr_s4\">oder<\/span><\/span><\/p>\n<p><span class=\"xr_s0\"><span class=\"xr_tl xr_s4\">Mit der Buslinie 681 (Richtung H\u00e4sten) bis zur Haltestelle Merscheid fahren. Von dort sind es 16 Minuten Fu\u00dfweg <\/span><\/span><\/p>\n<p><span class=\"xr_s0\"><span class=\"xr_tl xr_s4\">Alternativ mit der Buslinie 694 (Richtung Aufderh\u00f6he) bis zur Haltestelle Riefnacken fahren und dann sind es 10 Minuten Fu\u00dfweg.<\/span><\/span><\/p>\n<p><span class=\"xr_s0\"><span class=\"xr_tl xr_s41\"><span class=\"xr_s4\">\u00a0<\/span><\/span><\/span><\/p>\n<h3><span class=\"xr_s0\"><span class=\"xr_tl xr_s41\"><span class=\"xr_s47\">Mit dem Flugzeug:<\/span><\/span><\/span><\/h3>\n<p><span class=\"xr_s0\"><span class=\"xr_tl xr_s4\">Am praktischsten ist die Anreise \u00fcber D\u00fcsseldorf (DUS). Von dort k\u00f6nnen Sie direkt mit der S 1 nach Solingen Hbf <\/span> <span class=\"xr_tl xr_s4\">fahren (35min). Von Solingen Hbf gelangen Sie wie<\/span><span class=\"xr_tl xr_s41\"><span class=\"xr_s4\"> oben beschrieben mit dem Bus und zu Fu\u00df zu uns.<\/span><\/span> <span class=\"xr_tl xr_s4\">Gut erreichbar sind au\u00dferdem die Flugh\u00e4fen K\u00f6ln\/Bonn (CGN) und Dortmund (DTM), Weiterfahrt dann mit dem Zug <\/span> <span class=\"xr_tl xr_s41\"><span class=\"xr_s4\">nach Solingen Hbf.<\/span><\/span><\/span><\/p>\n<h2><span class=\"xr_s0\"><span class=\"xr_tl\"><span class=\"xr_s64\">\u00dcbernachtungsm\u00f6glichkeiten<\/span><\/span><\/span><\/h2>\n<p><span class=\"xr_s0\"><span class=\"xr_tl xr_s4\">Durch die N\u00e4he zu den Messest\u00e4dten K\u00f6ln und D\u00fcsseldorf gibt es zahlreiche \u00dcbernachtungsm\u00f6glichkeiten. Einige <\/span> <span class=\"xr_tl xr_s41\"><span class=\"xr_s4\">Beispiele finden Sie unten aufgef\u00fchrt.\u00a0 <\/span><\/span> <span class=\"xr_tl xr_s4\">In Solingen, Langenfeld, Hilden, Haan, Leichlingen, Wuppertal, D\u00fcsseldorf, Leverkusen und K\u00f6ln sind Sie in unserer <\/span> <span class=\"xr_tl xr_s41\"><span class=\"xr_s4\">N\u00e4he.<\/span><\/span><\/span><\/p>\n<p><span class=\"xr_s0\"><span class=\"xr_tl xr_s41\"><span class=\"xr_s47\">Ferienwohnung am Buchweizenberg 16-18<\/span><\/span>, 42699 Solingen-Ohligs<br \/>\nmit zwei Schlafzimmern, Fr\u00fchst\u00fcck m\u00f6glich<br \/>\nFam. R\u00f6dder<span class=\"xr_tl xr_s41\"><span class=\"xr_s4\">, <\/span><\/span>Tel. 0172-9718420<br \/>\n<span class=\"xr_tl xr_s41\"><span class=\"xr_s4\">e-mail: michaelsolingen@arcor.de<\/span><\/span><\/span><\/p>\n<hr \/>\n<p>Apartmenthaus Lorbach<br \/>\nAngelika Lorbach-Pochlatko<br \/>\nBogenstra\u00dfe 4<br \/>\n42697 Solingen<br \/>\nwww.apartmenthaus-lorbach.de<br \/>\nTel. 0172-2469266<br \/>\nemail: angelika.lorbach@arcor.de<\/p>\n<hr \/>\n<p><span class=\"xr_s0\"><span class=\"xr_tl xr_s41\"><span class=\"xr_s47\">Pension Holtwick<\/span><\/span><br \/>\n<span class=\"xr_tl xr_s41\"><span class=\"xr_s4\">Tiefenbruchstr. 84<\/span><\/span><br \/>\n40764 Langenfeld-Wiescheid<br \/>\nwww.pensionholtwick.de; 0212-60891<\/span><\/p>\n<hr \/>\n<p><span class=\"xr_s0\"><span class=\"xr_tl xr_s41\"><span class=\"xr_s47\">Die Hotelalternative<\/span><\/span><br \/>\n<span class=\"xr_tl xr_s41\"><span class=\"xr_s4\">Apartments<br \/>\n<\/span><\/span> <span class=\"xr_tl xr_s41\"><span class=\"xr_s4\">Erika &amp; Michael Treiber, D\u00fcsseldorfer Stra\u00dfe, 42697 Solingen-Ohligs<\/span><\/span><br \/>\n<span class=\"xr_tl xr_s41\"><span class=\"xr_s4\">www.diehotelalternative.de; 0212-77979<\/span><\/span><\/span><\/p>\n<hr \/>\n<p><span class=\"xr_s0\"><span class=\"xr_tl xr_s41\"><span class=\"xr_s47\">Apartment im Gr\u00fcnen<\/span><\/span><br \/>\n<span class=\"xr_tl xr_s41\"><span class=\"xr_s4\">Apartment (ab 23 \u20ac)<\/span><\/span><br \/>\n<span class=\"xr_tl xr_s41\"><span class=\"xr_s4\">Claudia Hoffmann; Schnitterter Weg 34; 42697 Solingen-Ohligs<\/span><\/span><br \/>\n<span class=\"xr_tl xr_s41\"><span class=\"xr_s4\">www.hoffmann-solingen.messezimmer.com; 0212-2332174<\/span><\/span><\/span><\/p>\n<hr \/>\n<p><span class=\"xr_s0\"><span class=\"xr_tl xr_s41\"><span class=\"xr_s47\">G\u00e4stezimmer Solingen<\/span><\/span><br \/>\n<span class=\"xr_tl xr_s41\"><span class=\"xr_s4\">Ferienwohnung\u00a0 2-4 Personen (ab 59 \u20ac)<\/span><\/span><\/span><\/p>\n<p><span class=\"xr_s0\">Mindestaufenthalt 3 N\u00e4chte<\/span><\/p>\n<p><span class=\"xr_s0\"><span class=\"xr_tl xr_s41\"><span class=\"xr_s4\">Kerstin Rossbacher, K\u00e4rntener Stra\u00dfe 21, 42697 Solingen-Ohligs<\/span><\/span><br \/>\n<span class=\"xr_tl xr_s41\"><span class=\"xr_s4\">www.gaestezimmer-solingen.de; 0172-1576453<\/span><\/span><\/span><\/p>\n<hr \/>\n<p><span class=\"xr_s0\"><span class=\"xr_tl xr_s41\"><span class=\"xr_s47\">KEMPE Komfortplus Hotel<br \/>\n<\/span><\/span> <span class=\"xr_tl xr_s41\"><span class=\"xr_s4\">EZ (Standardzimmer Wochenende 55\u20ac, Komfort 65 \u20ac), DZ<\/span><\/span><br \/>\n<span class=\"xr_tl xr_s41\"><span class=\"xr_s4\">Caspersbroicher Weg 3, 42697 Solingen-Ohligs<\/span><\/span><br \/>\n<span class=\"xr_tl xr_s41\"><span class=\"xr_s4\">www.kempe-komfort-hotel.de; Tel. 0212-23530<\/span><\/span><\/span><\/p>\n<hr \/>\n<p><span class=\"xr_s0\"><span class=\"xr_tl xr_s41\"><span class=\"xr_s47\">Landhaus Schmalzgrube<\/span><\/span><br \/>\n<span class=\"xr_tl xr_s41\"><span class=\"xr_s4\">EZ (ab 45 \u20ac ), DZ<\/span><\/span><br \/>\n<span class=\"xr_tl xr_s41\"><span class=\"xr_s4\">Mangenberger Stra\u00dfe 356-360, 42655 Solingen<\/span><\/span><br \/>\n<span class=\"xr_tl xr_s41\"><span class=\"xr_s4\">www.landhaus-schmalzgrube.com; 0212-222460<\/span><\/span><\/span><\/p>\n<hr \/>\n<p><span class=\"xr_s0\"><span class=\"xr_tl xr_s41\"><span class=\"xr_s47\">Ferienwohnung A. und P. Uellendahl<\/span><\/span><\/span><span class=\"xr_s0\"><br \/>\nSedanstra\u00dfe 1, 42719 Solingen, Entfernung ca. 3 Km<br \/>\nwww.fewo-solingen-wald.de; Tel. 0177 8811233 \u00a0 \u00a0 \u00a0 \u00a0 \u00a0 \u00a0 \u00a0 \u00a0 \u00a0\u00a0 \u00a0\u00a0\u00a0\u00a0\u00a0\u00a0\u00a0\u00a0\u00a0\u00a0\u00a0<\/span><\/p>\n<hr \/>\n<p><span class=\"xr_s0\"><span class=\"xr_tl xr_s41\"><span class=\"xr_s47\">Lohmann\u00b4s Kapeller Hof<\/span><\/span><br \/>\n<span class=\"xr_tl xr_s41\"><span class=\"xr_s4\">EZ (ab 79 \u20ac), DZ<\/span><\/span><br \/>\n<span class=\"xr_tl xr_s41\"><span class=\"xr_s4\">Kapeller Weg 1, 40764 Langenfeld<\/span><\/span><br \/>\n<span class=\"xr_tl xr_s4\">www.kapeller-hof.de; 02173-394648-0<\/span><\/span><\/p>\n","protected":false},"excerpt":{"rendered":"<p>Anreise Mit dem Auto: A3, Abfahrt Solingen\/Wiescheid, von dort ben\u00f6tigen Sie etwa 10 Minuten \u2013 nach der Ausfahrt links auf<\/p>\n","protected":false},"author":1,"featured_media":0,"parent":571,"menu_order":0,"comment_status":"closed","ping_status":"closed","template":"","meta":{"footnotes":""},"class_list":["post-840","page","type-page","status-publish","hentry"],"translation":{"provider":"WPGlobus","version":"3.0.2","language":"es","enabled_languages":["de","gb","es"],"languages":{"de":{"title":true,"content":true,"excerpt":false},"gb":{"title":false,"content":false,"excerpt":false},"es":{"title":false,"content":false,"excerpt":false}}},"_links":{"self":[{"href":"https:\/\/naturheilzentrum-buchweizenberg.de\/es\/wp-json\/wp\/v2\/pages\/840","targetHints":{"allow":["GET"]}}],"collection":[{"href":"https:\/\/naturheilzentrum-buchweizenberg.de\/es\/wp-json\/wp\/v2\/pages"}],"about":[{"href":"https:\/\/naturheilzentrum-buchweizenberg.de\/es\/wp-json\/wp\/v2\/types\/page"}],"author":[{"embeddable":true,"href":"https:\/\/naturheilzentrum-buchweizenberg.de\/es\/wp-json\/wp\/v2\/users\/1"}],"replies":[{"embeddable":true,"href":"https:\/\/naturheilzentrum-buchweizenberg.de\/es\/wp-json\/wp\/v2\/comments?post=840"}],"version-history":[{"count":10,"href":"https:\/\/naturheilzentrum-buchweizenberg.de\/es\/wp-json\/wp\/v2\/pages\/840\/revisions"}],"predecessor-version":[{"id":4349,"href":"https:\/\/naturheilzentrum-buchweizenberg.de\/es\/wp-json\/wp\/v2\/pages\/840\/revisions\/4349"}],"up":[{"embeddable":true,"href":"https:\/\/naturheilzentrum-buchweizenberg.de\/es\/wp-json\/wp\/v2\/pages\/571"}],"wp:attachment":[{"href":"https:\/\/naturheilzentrum-buchweizenberg.de\/es\/wp-json\/wp\/v2\/media?parent=840"}],"curies":[{"name":"wp","href":"https:\/\/api.w.org\/{rel}","templated":true}]}}