{"id":1223,"date":"2019-02-09T16:37:34","date_gmt":"2019-02-09T15:37:34","guid":{"rendered":"https:\/\/naturheilzentrum-buchweizenberg.de\/?page_id=1223"},"modified":"2019-03-17T00:01:26","modified_gmt":"2019-03-16T23:01:26","slug":"dorn-breuss-massage","status":"publish","type":"page","link":"https:\/\/naturheilzentrum-buchweizenberg.de\/gb\/therapien\/massage-am-buchweizenberg\/dorn-breuss-massage\/","title":{"rendered":"Breu\u00df \u2013 Massage"},"content":{"rendered":"<p>Massagen nach Breu\u00df bedienen sich sanfter Techniken, um das L\u00f6sen von Blockaden besonders im Wirbelbereich zu unterst\u00fctzen und Gelenken und Bandscheiben wieder die erforderliche Freiheit zu geben. H\u00e4ufig wird die Breu\u00df-Massage vorbereitend zu einer Dorn-Therapie oder chiropraktischen Behandlung angewandt. Aber auch als alleinige Massage kann sie Blockaden vorbeugen und den Bandscheiben Entlastung geben.<\/p>\n","protected":false},"excerpt":{"rendered":"<p>Massagen nach Breu\u00df bedienen sich sanfter Techniken, um das L\u00f6sen von Blockaden besonders im Wirbelbereich zu unterst\u00fctzen und Gelenken und<\/p>\n","protected":false},"author":1,"featured_media":0,"parent":447,"menu_order":0,"comment_status":"closed","ping_status":"closed","template":"","meta":{"footnotes":""},"class_list":["post-1223","page","type-page","status-publish","hentry"],"translation":{"provider":"WPGlobus","version":"3.0.2","language":"gb","enabled_languages":["de","gb","es"],"languages":{"de":{"title":true,"content":true,"excerpt":false},"gb":{"title":false,"content":false,"excerpt":false},"es":{"title":false,"content":false,"excerpt":false}}},"_links":{"self":[{"href":"https:\/\/naturheilzentrum-buchweizenberg.de\/gb\/wp-json\/wp\/v2\/pages\/1223","targetHints":{"allow":["GET"]}}],"collection":[{"href":"https:\/\/naturheilzentrum-buchweizenberg.de\/gb\/wp-json\/wp\/v2\/pages"}],"about":[{"href":"https:\/\/naturheilzentrum-buchweizenberg.de\/gb\/wp-json\/wp\/v2\/types\/page"}],"author":[{"embeddable":true,"href":"https:\/\/naturheilzentrum-buchweizenberg.de\/gb\/wp-json\/wp\/v2\/users\/1"}],"replies":[{"embeddable":true,"href":"https:\/\/naturheilzentrum-buchweizenberg.de\/gb\/wp-json\/wp\/v2\/comments?post=1223"}],"version-history":[{"count":4,"href":"https:\/\/naturheilzentrum-buchweizenberg.de\/gb\/wp-json\/wp\/v2\/pages\/1223\/revisions"}],"predecessor-version":[{"id":2297,"href":"https:\/\/naturheilzentrum-buchweizenberg.de\/gb\/wp-json\/wp\/v2\/pages\/1223\/revisions\/2297"}],"up":[{"embeddable":true,"href":"https:\/\/naturheilzentrum-buchweizenberg.de\/gb\/wp-json\/wp\/v2\/pages\/447"}],"wp:attachment":[{"href":"https:\/\/naturheilzentrum-buchweizenberg.de\/gb\/wp-json\/wp\/v2\/media?parent=1223"}],"curies":[{"name":"wp","href":"https:\/\/api.w.org\/{rel}","templated":true}]}}