{"id":1229,"date":"2019-02-09T16:44:22","date_gmt":"2019-02-09T15:44:22","guid":{"rendered":"https:\/\/naturheilzentrum-buchweizenberg.de\/?page_id=1229"},"modified":"2019-03-16T18:28:05","modified_gmt":"2019-03-16T17:28:05","slug":"allgemeine-informationen","status":"publish","type":"page","link":"https:\/\/naturheilzentrum-buchweizenberg.de\/gb\/therapien\/diagnostik\/allgemeine-informationen\/","title":{"rendered":"Diagnostik am Buchweizenberg"},"content":{"rendered":"<p>Apparative Diagnostik gibt uns Hinweise und dient zur Verlaufskontrolle w\u00e4hrend der Therapie, aber sie ersetzt niemals das Gespr\u00e4ch zwischen Therapeut und Ratsuchendem. Im Mittelpunkt steht der Mensch mit seinen subjektiven Symptomen und mit dem \u201cHintergrund\u201d seiner Lebensgeschichte. Im Rahmen unserer Kr\u00e4fte und Kenntnisse bem\u00fchen wir uns ihn ganzheitlich wahrzunehmen.<\/p>\n<p>Auch darf man nicht vergessen, da\u00df die teure Diagnostik der offiziellen Medizin nur eine einfache quantitative Diagnostik ist. Die Ergebnisse mu\u00df der Arzt mit seinem Wissen DEUTEN. Es handelt sich also um eine subjektive Interpretation. Das gilt f\u00fcr Blutwerte und ganz besonders f\u00fcr alle R\u00f6ntgen und CTs und MRTs. Nun k\u00f6nnen Sie diese Ergebnisse nehmen und mehrere \u00c4rzte fragen. Sie werden viele Deutungen bekommen, die oft sehr unterschiedlich sind. Das ist eine der gro\u00dfen Schw\u00e4chen der offiziellen Medizin.<\/p>\n<p>In der Naturheilkunde wurde seit jehher Diagnostik durchgef\u00fchrt.<br \/>\nDie Iris- und Augendiagnose wird von vielen Therapeuten seit mehreren Jahrhunderten durchgef\u00fchrt. Sie wurde sehr bel\u00e4chelt. Allerdings liefert sie dem fachkundigen Therapeuten innerhalb weniger Minuten erstaunlich exakte Hinweise \u00fcber die Geschehnisse im K\u00f6rper. Und der Anatom Dr. Lange hat 1954 nachgewiesen, dass \u00fcber das Ganglion Ziliare die Iris mit allen Organen des K\u00f6rpers verbunden ist. Also sollte man diese Diagnostik nicht bel\u00e4cheln, sondern eifrig seine Wissensl\u00fccken schlie\u00dfen.<\/p>\n<p>Die alten chinesischen Meister und unser verstorbener Kollege Bach schauten sich die Zunge des Patienten an, um Informationen \u00fcber den Stoffwechsel zu erhalten.<\/p>\n<p>Die Fu\u00dfreflex-Diagnose ist auch ein interessante M\u00f6glichkeit gute Hinweise \u00fcber Ungereimtheiten zu bekommen.<\/p>\n<p>Der erfahrene Therapeut wei\u00df allerdings oft mit einem Blick ins Gesicht des Patienten wo die Schwachpunkte liegen. Das nennt man Pathophysiognomie. Schulmedizinische \u00c4rzte mit theoretischem Wissen aus der Retorte der Universit\u00e4ten k\u00f6nnen sich so etwas meist gar nicht mal vorstellen.<\/p>\n<p>Der K\u00f6rper ist ein Hologramm. In jedem Teil reflektiert sich das Gesamte.<\/p>\n<p>Am Buchweizenberg haben wir sehr viele Diagnostikverfahren gelernt und wenden sie an, so da\u00df eine gro\u00dfe Erfahrung in diesen Methoden bei uns besteht mit denen wir die Gesamtheit der Diagnostik abdecken k\u00f6nnen.<\/p>\n","protected":false},"excerpt":{"rendered":"<p>Apparative Diagnostik gibt uns Hinweise und dient zur Verlaufskontrolle w\u00e4hrend der Therapie, aber sie ersetzt niemals das Gespr\u00e4ch zwischen Therapeut<\/p>\n","protected":false},"author":1,"featured_media":0,"parent":458,"menu_order":0,"comment_status":"closed","ping_status":"closed","template":"","meta":{"footnotes":""},"class_list":["post-1229","page","type-page","status-publish","hentry"],"translation":{"provider":"WPGlobus","version":"3.0.2","language":"gb","enabled_languages":["de","gb","es"],"languages":{"de":{"title":true,"content":true,"excerpt":false},"gb":{"title":false,"content":false,"excerpt":false},"es":{"title":false,"content":false,"excerpt":false}}},"_links":{"self":[{"href":"https:\/\/naturheilzentrum-buchweizenberg.de\/gb\/wp-json\/wp\/v2\/pages\/1229","targetHints":{"allow":["GET"]}}],"collection":[{"href":"https:\/\/naturheilzentrum-buchweizenberg.de\/gb\/wp-json\/wp\/v2\/pages"}],"about":[{"href":"https:\/\/naturheilzentrum-buchweizenberg.de\/gb\/wp-json\/wp\/v2\/types\/page"}],"author":[{"embeddable":true,"href":"https:\/\/naturheilzentrum-buchweizenberg.de\/gb\/wp-json\/wp\/v2\/users\/1"}],"replies":[{"embeddable":true,"href":"https:\/\/naturheilzentrum-buchweizenberg.de\/gb\/wp-json\/wp\/v2\/comments?post=1229"}],"version-history":[{"count":4,"href":"https:\/\/naturheilzentrum-buchweizenberg.de\/gb\/wp-json\/wp\/v2\/pages\/1229\/revisions"}],"predecessor-version":[{"id":2284,"href":"https:\/\/naturheilzentrum-buchweizenberg.de\/gb\/wp-json\/wp\/v2\/pages\/1229\/revisions\/2284"}],"up":[{"embeddable":true,"href":"https:\/\/naturheilzentrum-buchweizenberg.de\/gb\/wp-json\/wp\/v2\/pages\/458"}],"wp:attachment":[{"href":"https:\/\/naturheilzentrum-buchweizenberg.de\/gb\/wp-json\/wp\/v2\/media?parent=1229"}],"curies":[{"name":"wp","href":"https:\/\/api.w.org\/{rel}","templated":true}]}}