{"id":1301,"date":"2019-02-11T10:03:35","date_gmt":"2019-02-11T09:03:35","guid":{"rendered":"https:\/\/naturheilzentrum-buchweizenberg.de\/?page_id=1301"},"modified":"2019-03-16T18:24:49","modified_gmt":"2019-03-16T17:24:49","slug":"craniosacrale-therapie","status":"publish","type":"page","link":"https:\/\/naturheilzentrum-buchweizenberg.de\/gb\/therapien\/craniosacrale-therapie\/","title":{"rendered":"Cranio-sacrale Therapie"},"content":{"rendered":"<p>Cranio-sacrale Therapie ist eine feine tiefgreifende K\u00f6rperarbeit die auf allen Ebenen des menschlichen Seins ausgleichend und harmonisierend wirkt. Sie ist eine alternativmedizinische manuelle Behandlungsform, die ihre Urspr\u00fcnge in der Osteopathie hat.<br \/>\nBegr\u00fcndet wurde die \u201eCranio-sacrale Osteopathie\u201c von dem amerikanischen Arzt William Garner Sutherland D.O. (1873 \u2013 1954). Er war ein Sch\u00fcler Andrew Taylor Stills (1828 \u2013 1917), dem Begr\u00fcnder der Osteopathie. Der Name \u201eCraniosacrale Therapie\u201c wurde in den 70er Jahren des letzten Jahrhunderts vom amerikanischen Osteopathen Dr. John E. Upledger (geb. 1931) gepr\u00e4gt.<\/p>\n<p>Der Cranio-sacral-Therapeut arbeitet meist nur mit einem Druck von 2 \u2013 20 Gramm. Er l\u00f6st durch sanfte Techniken haupts\u00e4chlich diejenigen Hindernisse im System, die zu stark sind, um von den normalen, sich selbst korrigierenden physiologischen Kr\u00e4ften \u00fcberwunden werden zu k\u00f6nnen. Mit anderen Worten verst\u00e4rkt er die autoregulierenden Kr\u00e4fte dieses Systems. Somit k\u00f6nnen keine schwerwiegenden Fehler gemacht bzw. unerw\u00fcnschte Nebenwirkungen verursacht werden. Das \u201eCSS\u201c entscheidet selbst, wie Korrekturen ins System integriert werden.<br \/>\nDer Behandler ertastet mit einf\u00fchlsamen Ber\u00fchrungen verschiedene Stellen des K\u00f6rpers, bewertet das System und erh\u00e4lt somit Informationen \u00fcber Harmonie, Gleichm\u00e4\u00dfigkeit und Qualit\u00e4t der Bewegung im \u201eCSS\u201c. Am besten sind diese Bewegungen am Kopf (Cranium) und am Kreuzbein (Sacrum) zu sp\u00fcren, da dort die Membranen, die den Liquor cerebrospinalis\u00a0enthalten, direkt ansetzen.<\/p>\n<p>Die \u201eCranio-sacrale Therapie\u201c ist eine ganzheitliche Heilmethode. Mit ihr wird nicht versucht an Symptomen herumzudoktern, sondern die Ursache einer Erkrankung zu beheben. In ihrer verbl\u00fcffenden und pr\u00e4zisen Einfachheit der Techniken, dem respekt-, und liebevollem Ansatz sowie psychosomatischem Verst\u00e4ndnis von Gesundheit wirkt cranio-sacrale Therapie auf den ganzen Menschen ein. Ihr Ziel ist die Funktion des physiologischen Systems zu normalisieren und da es bei dieser Therapie keine unerw\u00fcnschten Begleiterscheinungen gibt, ist sie fast nie kontraindiziert.<\/p>\n","protected":false},"excerpt":{"rendered":"<p>Cranio-sacrale Therapie ist eine feine tiefgreifende K\u00f6rperarbeit die auf allen Ebenen des menschlichen Seins ausgleichend und harmonisierend wirkt. Sie ist<\/p>\n","protected":false},"author":1,"featured_media":0,"parent":15,"menu_order":0,"comment_status":"closed","ping_status":"closed","template":"","meta":{"footnotes":""},"class_list":["post-1301","page","type-page","status-publish","hentry"],"translation":{"provider":"WPGlobus","version":"3.0.2","language":"gb","enabled_languages":["de","gb","es"],"languages":{"de":{"title":true,"content":true,"excerpt":false},"gb":{"title":false,"content":false,"excerpt":false},"es":{"title":false,"content":false,"excerpt":false}}},"_links":{"self":[{"href":"https:\/\/naturheilzentrum-buchweizenberg.de\/gb\/wp-json\/wp\/v2\/pages\/1301","targetHints":{"allow":["GET"]}}],"collection":[{"href":"https:\/\/naturheilzentrum-buchweizenberg.de\/gb\/wp-json\/wp\/v2\/pages"}],"about":[{"href":"https:\/\/naturheilzentrum-buchweizenberg.de\/gb\/wp-json\/wp\/v2\/types\/page"}],"author":[{"embeddable":true,"href":"https:\/\/naturheilzentrum-buchweizenberg.de\/gb\/wp-json\/wp\/v2\/users\/1"}],"replies":[{"embeddable":true,"href":"https:\/\/naturheilzentrum-buchweizenberg.de\/gb\/wp-json\/wp\/v2\/comments?post=1301"}],"version-history":[{"count":4,"href":"https:\/\/naturheilzentrum-buchweizenberg.de\/gb\/wp-json\/wp\/v2\/pages\/1301\/revisions"}],"predecessor-version":[{"id":1813,"href":"https:\/\/naturheilzentrum-buchweizenberg.de\/gb\/wp-json\/wp\/v2\/pages\/1301\/revisions\/1813"}],"up":[{"embeddable":true,"href":"https:\/\/naturheilzentrum-buchweizenberg.de\/gb\/wp-json\/wp\/v2\/pages\/15"}],"wp:attachment":[{"href":"https:\/\/naturheilzentrum-buchweizenberg.de\/gb\/wp-json\/wp\/v2\/media?parent=1301"}],"curies":[{"name":"wp","href":"https:\/\/api.w.org\/{rel}","templated":true}]}}