{"id":1307,"date":"2019-02-11T10:06:27","date_gmt":"2019-02-11T09:06:27","guid":{"rendered":"https:\/\/naturheilzentrum-buchweizenberg.de\/?page_id=1307"},"modified":"2019-03-17T17:04:30","modified_gmt":"2019-03-17T16:04:30","slug":"osteopathie","status":"publish","type":"page","link":"https:\/\/naturheilzentrum-buchweizenberg.de\/gb\/bewegungsapparat-2\/osteopathie\/","title":{"rendered":"Osteopathie"},"content":{"rendered":"<p>Die Osteopathie ist eine Heilkunde, die von der Annahme ausgeht, dass der K\u00f6rper selbst in der Lage ist sich zu regulieren. Voraussetzung daf\u00fcr ist, dass alle Strukturen gut beweglich und somit auch gut versorgt sind. Das Prinzip der Osteopathie bezieht sich so zum einen auf die Beweglichkeit des K\u00f6rpers in seiner Gesamtheit, zum anderen auf die Eigenbewegungen der Gewebe, der einzelnen K\u00f6rperteile und Organsysteme sowie deren Zusammenspiel. Jedes K\u00f6rperteil, jedes Organ ben\u00f6tigt zum optimalen Funktionieren Bewegungsfreiheit. Ist die Beweglichkeit eingeschr\u00e4nkt, entstehen aus Sicht der Osteopathie zun\u00e4chst Gewebespannungen und darauf folgend Funktionsst\u00f6rungen. Die Summe dieser Fehlfunktionen kann der Organismus irgendwann nicht mehr kompensieren &#8211; es entstehen Beschwerden. In der osteopathischen Behandlung wird das Gewebe des ganzen K\u00f6rpers untersucht um etwaige Bewegungseinschr\u00e4nkungen aufzusp\u00fcren um dann zu behandeln. Dabei wird auf den Patienten bezogen behandelt, d.h. der Patient wird als Einheit von K\u00f6rper, Geist und Seele, gepr\u00e4gt durch sein individuelles Umfeld, betrachtet.<\/p>\n<p>Andrew Taylor Still begr\u00fcndete 1874 die Osteopathie. Die Osteopathie ist eine manuelle Behandlungsmethode, welche die Funktionen der Organe, des Nervensystems und des Bewegungsapparates korrigiert und Einfluss auf die Psyche nimmt. Dem entsprechend wird die Osteopathie in drei Bereiche eingeteilt: Die viszerale Osteopathie umfasst die Untersuchung und Behandlung der inneren Organe und deren Blut-, Lymph- und Nervensystem. Z.B. k\u00f6nnen R\u00fccken- oder Schulterschmerzen ein Hinweis auf Funktionsst\u00f6rungen innerer Organe sein und umgekehrt.<\/p>\n<p>Die craniosakrale Osteopathie umfasst die Behandlung des zentralen Nervensystems, die Hirn- und R\u00fcckenmarksh\u00e4ute, das dazugeh\u00f6rige Hirnwasser (=Liquor) sowie die Bewegung der Sch\u00e4delknochen, der Gesichtsknochen, des Kiefers und des Kreuzbeines. Auch traumatische Erlebnisse k\u00f6nnen therapiert bzw. aufgel\u00f6st werden.<\/p>\n<p>Die parietale Osteopathie beinhaltet die Behandlung des \u00a0Bewegungsapparates, vornehmlich die Knochen, Muskeln, B\u00e4nder und die Gelenke der Extremit\u00e4ten. Ein bedeutender Aspekt der parietalen Osteopathie ist die Behandlung der Faszien. Faszien sind ein Teil des Bindegewebes und bilden komplexe Verbindungen zwischen allen anatomischen Strukturen und dem psycho-emotionalen Ausdruck. Sie sind im ganzen K\u00f6rper und \u00a0in jedem System zu finden:<\/p>\n<p>Aufgrund ihrer multifunktionalen Eigenschaften (eine eigene Motorik, Reaktionen auf humorale Vorg\u00e4nge, Informationfluss, Beeinflussung des S\u00e4ure-Basen-Haushaltes, Speicherorgan f\u00fcr Stoffwechselendprodukte) sind Faszien die Basis einer osteopathischen Behandlung und die ideale Erg\u00e4nzung einer chiropraktischen Behandlung um einen langfristigen Behandlungserfolg zu gew\u00e4hrleisten.<\/p>\n<p>In der osteopathischen Behandlung am Buchweizenberg heben wir mit verschiedenen sanften aber sehr tief wirkenden Techniken die Spannungen im faszialen Gewebe auf. Dadurch erreichen wir, dass Muskeln wieder ihre physiologische Funktion erf\u00fcllen k\u00f6nnen, Nerven ihre Funktion ohne Irritationen erf\u00fcllen k\u00f6nnen, das Gef\u00e4\u00dfsystem die Durchblutung in die feinsten Kapillare gew\u00e4hrleisten kann, die Organe durch ihre freie Beweglichkeit ihre volle Funktionst\u00fcchtigkeit erhalten, um und in dem Bauchraum alle Organe (z.B. D\u00fcnn- und Dickdarm, Leber)alle f\u00fcr die Gesundheit erforderlichen Aufgaben erf\u00fcllen k\u00f6nnen, Skelett , Wirbels\u00e4ule\u00a0 und Gelenke durch ihre freie Beweglichkeit die Fortbewegung und die funktionelle Beweglichkeit aller Strukturen im K\u00f6rper erm\u00f6glichen.<\/p>\n<p>Die osteopathische Behandlung erm\u00f6glicht es, auf alle Strukturen und Fl\u00fcssigkeiten des K\u00f6rpers Einfluss zu nehmen und somit den Patienten im ganzheitlichen Sinn k\u00f6rperlich, geistig und seelisch zu behandeln. Eine osteopathische Behandlung eignet sich f\u00fcr Patienten jeden Alters.<\/p>\n","protected":false},"excerpt":{"rendered":"<p>Die Osteopathie ist eine Heilkunde, die von der Annahme ausgeht, dass der K\u00f6rper selbst in der Lage ist sich zu<\/p>\n","protected":false},"author":1,"featured_media":0,"parent":742,"menu_order":0,"comment_status":"closed","ping_status":"closed","template":"","meta":{"footnotes":""},"class_list":["post-1307","page","type-page","status-publish","hentry"],"translation":{"provider":"WPGlobus","version":"3.0.2","language":"gb","enabled_languages":["de","gb","es"],"languages":{"de":{"title":true,"content":true,"excerpt":false},"gb":{"title":false,"content":false,"excerpt":false},"es":{"title":false,"content":false,"excerpt":false}}},"_links":{"self":[{"href":"https:\/\/naturheilzentrum-buchweizenberg.de\/gb\/wp-json\/wp\/v2\/pages\/1307","targetHints":{"allow":["GET"]}}],"collection":[{"href":"https:\/\/naturheilzentrum-buchweizenberg.de\/gb\/wp-json\/wp\/v2\/pages"}],"about":[{"href":"https:\/\/naturheilzentrum-buchweizenberg.de\/gb\/wp-json\/wp\/v2\/types\/page"}],"author":[{"embeddable":true,"href":"https:\/\/naturheilzentrum-buchweizenberg.de\/gb\/wp-json\/wp\/v2\/users\/1"}],"replies":[{"embeddable":true,"href":"https:\/\/naturheilzentrum-buchweizenberg.de\/gb\/wp-json\/wp\/v2\/comments?post=1307"}],"version-history":[{"count":4,"href":"https:\/\/naturheilzentrum-buchweizenberg.de\/gb\/wp-json\/wp\/v2\/pages\/1307\/revisions"}],"predecessor-version":[{"id":2999,"href":"https:\/\/naturheilzentrum-buchweizenberg.de\/gb\/wp-json\/wp\/v2\/pages\/1307\/revisions\/2999"}],"up":[{"embeddable":true,"href":"https:\/\/naturheilzentrum-buchweizenberg.de\/gb\/wp-json\/wp\/v2\/pages\/742"}],"wp:attachment":[{"href":"https:\/\/naturheilzentrum-buchweizenberg.de\/gb\/wp-json\/wp\/v2\/media?parent=1307"}],"curies":[{"name":"wp","href":"https:\/\/api.w.org\/{rel}","templated":true}]}}