{"id":1548,"date":"2019-02-18T14:46:50","date_gmt":"2019-02-18T13:46:50","guid":{"rendered":"https:\/\/naturheilzentrum-buchweizenberg.de\/?page_id=1548"},"modified":"2019-03-16T23:58:50","modified_gmt":"2019-03-16T22:58:50","slug":"klassische-homoeopathie","status":"publish","type":"page","link":"https:\/\/naturheilzentrum-buchweizenberg.de\/gb\/therapien\/klassische-homoeopathie\/","title":{"rendered":"Klassische Hom\u00f6opathie"},"content":{"rendered":"<p>Das Wort Hom\u00f6opathie, das Samuel Hahnemann, der Begr\u00fcnder der klassischen Hom\u00f6opathie, f\u00fcr seine Therapie w\u00e4hlte, leitet sich aus dem Griechischen ab und bedeutet \u00c4hnlichkeit der Verstimmungen. Diese Definition f\u00fchrt direkt zu dem Leitsatz Hahnemanns, dass man \u00c4hnliches mit \u00c4hnlichem heilen kann : similia similibus curantur, der diese Hypothese bereits\u00a0 durch Hippokrates best\u00e4tigt sah.<\/p>\n<p>Es war Samuel Hahnemanns (geb. 1755 in Mei\u00dfen) einzigartiges Genie, das diese beiden Theorien als ein Naturgesetzt erkannte und daraus seine Gesetzm\u00e4\u00dfigkeiten erarbeitete.<\/p>\n<p>1796 ver\u00f6ffentlichte Hahnemann erstmals seine Beobachtungen und w\u00e4hlte den Begriff Hom\u00f6opathie f\u00fcr sein Therapieverfahren. Es ist das Gr\u00fcndungsjahr der klassischen Hom\u00f6opathie: Hahnemann vereint Theorien von Hippokrates, Medizin des Mittelalters, Paracelsus und Boerhaves und formuliert das Prinzip: Similia similibus curantur.<\/p>\n<p>In der klassischen Hom\u00f6opathie nach Hahnemann w\u00e4hlt man nach einer umfassenden Anamnese und Repertorisation f\u00fcr den jeweiligen Patienten ein einziges hom\u00f6opathisches Mittel in einer Hochpotenz (&gt;C30). Dieses Mittel vereint alle Symptome und Befindlichkeiten entsprechend dem \u00c4hnlichkeitsprinzip, das von Hahnemann formuliert wurde. Die Einnahme erfolgt dann gem\u00e4\u00df der Vorgaben Hahnemanns und der Kent\u00b4schen Skala. Der Patient bleibt w\u00e4hrend der gesamten hom\u00f6opathischen Behandlung in engen Kontakt mit dem Therapeuten und es erfolgt ein kontinuierliches Feedback. So kann\u00a0 die Behandlung optimal gelenkt werden.<\/p>\n<p>Die klassische Hom\u00f6opathie vereint, vielleicht mehr als jede andere naturheilkundliche Therapie, die Behandlung von K\u00f6rper, Geist und Seele. Ein hom\u00f6opathisches Mittel kann im Sinne Hahnemanns nur wirken wenn alle Befindlichkeiten auf allen Ebenen in die Mittelwahl eingeflossen sind. Daraus ergibt sich streng logisch, dass das passende hom\u00f6opathische Mittel auf allen Ebenen wirkt. Dies gilt unabh\u00e4ngig von dem Zeitraum, in dem das zu Behandelnde geschehen ist. Das bedeutet, dass man klassisch hom\u00f6opathisch auch k\u00f6rperliche und seelische Traumatas bzw. Erkrankungen behandeln kann egal zu welchem Zeitpunkt sie im Leben geschehen sind. Entscheidend f\u00fcr die Heilung sind lediglich die korrekte Mittelwahl und Potenz sowie die Applikation und die noch vorhandene Heilungskraft des K\u00f6rpers.<\/p>\n<p>Allen Kritikern und Zweiflern an der Hom\u00f6opathie m\u00f6chte ich zum Schluss noch ein Wort des Schweizer Arztes Dr. Voegli mit auf den Weg geben:<\/p>\n<p>Ein Hom\u00f6opath, der auf die Behandlung nach Hahnemann verzichten wollte, weil man das bei der Herstellung der Dynamisation in Frage kommende physikalische Ph\u00e4nomen noch nicht restlos gekl\u00e4rt hat, w\u00e4re einem Bauern vergleichbar, der mit der Aussaat der Samen wartet, bis die Biologie ihm das Wunder des entstehenden Lebens erkl\u00e4rt h\u00e4tte. Inzwischen w\u00fcrde die ganze Menschheit Hungers sterben. Es ist ein Gl\u00fcck, da\u00df die ersten Landwirte keine Wissenschaftler waren, sondern schlichte, unmittelbare Naturbeobachter, die ganz einfach das Verfahren nachmachten, das die Natur selbst anwendet.<\/p>\n<p>In diesem Sinne verzichten wir am Buchweizenberg auf eine &#8220;wissenschaftliche&#8221; Erkl\u00e4rung und sind f\u00fcr alle M\u00f6glichkeiten dankbar die uns die Natur gibt, um Menschen zu helfen.<\/p>\n","protected":false},"excerpt":{"rendered":"<p>Das Wort Hom\u00f6opathie, das Samuel Hahnemann, der Begr\u00fcnder der klassischen Hom\u00f6opathie, f\u00fcr seine Therapie w\u00e4hlte, leitet sich aus dem Griechischen<\/p>\n","protected":false},"author":1,"featured_media":0,"parent":15,"menu_order":0,"comment_status":"closed","ping_status":"closed","template":"","meta":{"footnotes":""},"class_list":["post-1548","page","type-page","status-publish","hentry"],"translation":{"provider":"WPGlobus","version":"3.0.2","language":"gb","enabled_languages":["de","gb","es"],"languages":{"de":{"title":true,"content":true,"excerpt":false},"gb":{"title":false,"content":false,"excerpt":false},"es":{"title":false,"content":false,"excerpt":false}}},"_links":{"self":[{"href":"https:\/\/naturheilzentrum-buchweizenberg.de\/gb\/wp-json\/wp\/v2\/pages\/1548","targetHints":{"allow":["GET"]}}],"collection":[{"href":"https:\/\/naturheilzentrum-buchweizenberg.de\/gb\/wp-json\/wp\/v2\/pages"}],"about":[{"href":"https:\/\/naturheilzentrum-buchweizenberg.de\/gb\/wp-json\/wp\/v2\/types\/page"}],"author":[{"embeddable":true,"href":"https:\/\/naturheilzentrum-buchweizenberg.de\/gb\/wp-json\/wp\/v2\/users\/1"}],"replies":[{"embeddable":true,"href":"https:\/\/naturheilzentrum-buchweizenberg.de\/gb\/wp-json\/wp\/v2\/comments?post=1548"}],"version-history":[{"count":3,"href":"https:\/\/naturheilzentrum-buchweizenberg.de\/gb\/wp-json\/wp\/v2\/pages\/1548\/revisions"}],"predecessor-version":[{"id":2266,"href":"https:\/\/naturheilzentrum-buchweizenberg.de\/gb\/wp-json\/wp\/v2\/pages\/1548\/revisions\/2266"}],"up":[{"embeddable":true,"href":"https:\/\/naturheilzentrum-buchweizenberg.de\/gb\/wp-json\/wp\/v2\/pages\/15"}],"wp:attachment":[{"href":"https:\/\/naturheilzentrum-buchweizenberg.de\/gb\/wp-json\/wp\/v2\/media?parent=1548"}],"curies":[{"name":"wp","href":"https:\/\/api.w.org\/{rel}","templated":true}]}}