{"id":1557,"date":"2019-02-18T14:49:27","date_gmt":"2019-02-18T13:49:27","guid":{"rendered":"https:\/\/naturheilzentrum-buchweizenberg.de\/?page_id=1557"},"modified":"2019-03-16T18:09:17","modified_gmt":"2019-03-16T17:09:17","slug":"akupressur","status":"publish","type":"page","link":"https:\/\/naturheilzentrum-buchweizenberg.de\/gb\/therapien\/akupressur\/","title":{"rendered":"Akupressur"},"content":{"rendered":"<p>Die Akupressur ist Teil der Traditionellen Chinesischen Medizin (TCM). Man kann sie als Vorl\u00e4ufer der Akupunktur ansehen.\u00a0 Mit den Fingern oder einem St\u00e4bchen wird Druck auf bestimmte Akupunkturpunkte ausge\u00fcbt. Dabei sind es die gleichen Akupunkturpunkte die wir in der traditionellen Akupunktur nadeln. Das Prinzip der TCM \u00e4ndert sich nicht, nur die Technik. Ziel ist es, die Selbstheilungskr\u00e4fte des K\u00f6rpers zu aktivieren und ein physisches oder psychisches Ungleichgewicht auszugleichen. Dadurch kann sie gegen eine Vielzahl von Beschwerden eingesetzt werden.<\/p>\n<p>Der Vorteil der Akupressur liegt darin, dass wir hiermit auch Patienten behandeln k\u00f6nnen bei denen eine traditionelle Akupunktur nicht m\u00f6glich ist. Zum Beispiel bei Kindern oder Menschen mit einer ausgepr\u00e4gten Angst vor Nadeln.<\/p>\n<p>Prinzipiell kann eine Akupressur zu Hause selbst durchgef\u00fchrt werden. Aber man muss die genauen Stellen der Akupressurpunkte kennen. Da diese Methode so einfach und unkompliziert ist, kann man dem Patienten f\u00fcr die Selbstbehandlung zu Hause die f\u00fcr eine Behandlung wesentlichen Punkte zeigen.<\/p>\n","protected":false},"excerpt":{"rendered":"<p>Die Akupressur ist Teil der Traditionellen Chinesischen Medizin (TCM). Man kann sie als Vorl\u00e4ufer der Akupunktur ansehen.\u00a0 Mit den Fingern<\/p>\n","protected":false},"author":1,"featured_media":0,"parent":15,"menu_order":0,"comment_status":"closed","ping_status":"closed","template":"","meta":{"footnotes":""},"class_list":["post-1557","page","type-page","status-publish","hentry"],"translation":{"provider":"WPGlobus","version":"3.0.2","language":"gb","enabled_languages":["de","gb","es"],"languages":{"de":{"title":true,"content":true,"excerpt":false},"gb":{"title":false,"content":false,"excerpt":false},"es":{"title":false,"content":false,"excerpt":false}}},"_links":{"self":[{"href":"https:\/\/naturheilzentrum-buchweizenberg.de\/gb\/wp-json\/wp\/v2\/pages\/1557","targetHints":{"allow":["GET"]}}],"collection":[{"href":"https:\/\/naturheilzentrum-buchweizenberg.de\/gb\/wp-json\/wp\/v2\/pages"}],"about":[{"href":"https:\/\/naturheilzentrum-buchweizenberg.de\/gb\/wp-json\/wp\/v2\/types\/page"}],"author":[{"embeddable":true,"href":"https:\/\/naturheilzentrum-buchweizenberg.de\/gb\/wp-json\/wp\/v2\/users\/1"}],"replies":[{"embeddable":true,"href":"https:\/\/naturheilzentrum-buchweizenberg.de\/gb\/wp-json\/wp\/v2\/comments?post=1557"}],"version-history":[{"count":3,"href":"https:\/\/naturheilzentrum-buchweizenberg.de\/gb\/wp-json\/wp\/v2\/pages\/1557\/revisions"}],"predecessor-version":[{"id":1803,"href":"https:\/\/naturheilzentrum-buchweizenberg.de\/gb\/wp-json\/wp\/v2\/pages\/1557\/revisions\/1803"}],"up":[{"embeddable":true,"href":"https:\/\/naturheilzentrum-buchweizenberg.de\/gb\/wp-json\/wp\/v2\/pages\/15"}],"wp:attachment":[{"href":"https:\/\/naturheilzentrum-buchweizenberg.de\/gb\/wp-json\/wp\/v2\/media?parent=1557"}],"curies":[{"name":"wp","href":"https:\/\/api.w.org\/{rel}","templated":true}]}}