{"id":1569,"date":"2019-02-18T14:52:49","date_gmt":"2019-02-18T13:52:49","guid":{"rendered":"https:\/\/naturheilzentrum-buchweizenberg.de\/?page_id=1569"},"modified":"2019-03-17T00:04:27","modified_gmt":"2019-03-16T23:04:27","slug":"spagyrik","status":"publish","type":"page","link":"https:\/\/naturheilzentrum-buchweizenberg.de\/gb\/therapien\/spagyrik\/","title":{"rendered":"Spagyrik"},"content":{"rendered":"<p>Spagyrik ist eine Behandlungsmethode der ganzheitlichen Medizin, deren geschichtliche Wurzeln bis in vorchristliche Zeiten zur\u00fcckreichen.<br \/>\nAls ein ganzheitliches Naturheilverfahren betrachtet die Spagyrik K\u00f6rper (Sal), Geist (Mercurius) und Seele (Sulfur) des Menschen als eine normalerweise im gesunden Gleichgewicht stehende Einheit. Diese philosophischen Prinzipien findet man in der Pflanze als arzneiliche Wirkstofftr\u00e4ger wieder: Mineralstoffe und Spurenelemente entsprechen dem SAL-Prinzip (K\u00f6rper), \u00e4therische \u00d6le und verwandte in der Pflanze angelegte Substanzen entsprechen dem SULFUR-Prinzip (Seele) und letztlich die Kohlenhydrate stehen f\u00fcr das Mercurius-Prinzip (Geist).<\/p>\n<div class=\"floatbox\">\n<p>Paracelsus (1493-1541), durch den das Wort Spagyrik in den heilk\u00fcnstlerischen Sprachschatz einging, gilt als bedeutendster Anwender spagyrischer Mittel im ausgehenden Mittelalter. Er kn\u00fcpfte an eine hermetische Tradition an, die mit Hermes Trismegistos begann. Paracelsus gebrauchte die Worte &#8220;Alchymie&#8221; und &#8220;Spagyrik&#8221; synonym und verstand unter Alchymie (=Spagyrik) die Kunst des &#8220;L\u00f6sens und Bindens&#8221;, des Trennen und Wiederzusammenf\u00fcgens. Er proklamierte die Spagyrik als umfassende \u00e4rztliche Disziplin und eine in ihrer Wissenschaftlichkeit philosophisch begr\u00fcndete Medizin. Unter seinen Nachfolgern sind Johann Rudolf Glauber und Carl Friedrich Zimpel zu erw\u00e4hnen.<\/p>\n<p>Die spagyrische Aufbereitung von Pflanzen legt Wert darauf, dass auch von der Pflanze alle drei Prinzipien (K\u00f6rper, Geist und Seele) verwendet werden und in der fertigen Tinktur in ausgewogenem Verh\u00e4ltnis vertreten sind. Der Begriff Spagyrik setzt sich aus span = trennen und ageirein = vereinen zusammen.<\/p>\n<\/div>\n<p><br class=\"clr\" \/>Nach Ansicht der Spagyriker enth\u00e4lt jede Substanz ein reines und gutes und ein dem widerstrebendes feindliches Prinzip. Diese Erkenntnis veranlasste die Spagyriker durch ein geeignetes Verfahren das Gute vom B\u00f6sen, das Grobe vom Feinen, das Geistige vom Materiellen, das Heilsame vom Gift zu trennen oder zu scheiden. Diese Scheidekunst nannte man die &#8220;Ars spagyrica&#8221;.<br \/>\nDie Spagyriker entwickelten aus diesem Prinzip eine spezifische Methode der Aufbereitung pflanzlicher und mineralischer Substanzen. Zur Anwendung kommen hierbei G\u00e4rung, Destillation, Veraschung, Extraktion und Filtration. Die Herstellung spagyrischer Pflanzenessenzen ist also eine sehr aufw\u00e4ndige Arbeit.<\/p>\n<p>Der Wirkmechanismus spagyrischer Essenzen ist bisheute wissenschaftlich noch nicht aufgekl\u00e4rt, wenngleich ihre Wirkung bei korrekter Anwendung deutlich vom Patienten positiv wahrgenommen wird. Daher nehmen Mediziner und Forscher der spagyrischen Arzneimittellehre heute an, dass die Wirkung spagyrischer Essenzen auf k\u00f6rperlicher und geistig-seelischer Ebene durch quantenphysikalische Interaktionen im lebenden Individuum generiert wird.<\/p>\n<p>Sei\u00b4s drum: es wirkt und wir sind sehr froh eine so machtvolle, ganzheitliche Therapiem\u00f6glichkeit am Buchweizenberg verwenden zu k\u00f6nnen.<\/p>\n","protected":false},"excerpt":{"rendered":"<p>Spagyrik ist eine Behandlungsmethode der ganzheitlichen Medizin, deren geschichtliche Wurzeln bis in vorchristliche Zeiten zur\u00fcckreichen. Als ein ganzheitliches Naturheilverfahren betrachtet<\/p>\n","protected":false},"author":1,"featured_media":0,"parent":15,"menu_order":0,"comment_status":"closed","ping_status":"closed","template":"","meta":{"footnotes":""},"class_list":["post-1569","page","type-page","status-publish","hentry"],"translation":{"provider":"WPGlobus","version":"3.0.2","language":"gb","enabled_languages":["de","gb","es"],"languages":{"de":{"title":true,"content":true,"excerpt":false},"gb":{"title":false,"content":false,"excerpt":false},"es":{"title":false,"content":false,"excerpt":false}}},"_links":{"self":[{"href":"https:\/\/naturheilzentrum-buchweizenberg.de\/gb\/wp-json\/wp\/v2\/pages\/1569","targetHints":{"allow":["GET"]}}],"collection":[{"href":"https:\/\/naturheilzentrum-buchweizenberg.de\/gb\/wp-json\/wp\/v2\/pages"}],"about":[{"href":"https:\/\/naturheilzentrum-buchweizenberg.de\/gb\/wp-json\/wp\/v2\/types\/page"}],"author":[{"embeddable":true,"href":"https:\/\/naturheilzentrum-buchweizenberg.de\/gb\/wp-json\/wp\/v2\/users\/1"}],"replies":[{"embeddable":true,"href":"https:\/\/naturheilzentrum-buchweizenberg.de\/gb\/wp-json\/wp\/v2\/comments?post=1569"}],"version-history":[{"count":3,"href":"https:\/\/naturheilzentrum-buchweizenberg.de\/gb\/wp-json\/wp\/v2\/pages\/1569\/revisions"}],"predecessor-version":[{"id":2274,"href":"https:\/\/naturheilzentrum-buchweizenberg.de\/gb\/wp-json\/wp\/v2\/pages\/1569\/revisions\/2274"}],"up":[{"embeddable":true,"href":"https:\/\/naturheilzentrum-buchweizenberg.de\/gb\/wp-json\/wp\/v2\/pages\/15"}],"wp:attachment":[{"href":"https:\/\/naturheilzentrum-buchweizenberg.de\/gb\/wp-json\/wp\/v2\/media?parent=1569"}],"curies":[{"name":"wp","href":"https:\/\/api.w.org\/{rel}","templated":true}]}}