{"id":1572,"date":"2019-02-18T14:53:32","date_gmt":"2019-02-18T13:53:32","guid":{"rendered":"https:\/\/naturheilzentrum-buchweizenberg.de\/?page_id=1572"},"modified":"2025-07-15T15:59:36","modified_gmt":"2025-07-15T13:59:36","slug":"aderlass-nach-hildegard-von-bingen","status":"publish","type":"page","link":"https:\/\/naturheilzentrum-buchweizenberg.de\/gb\/therapien\/aderlass-nach-hildegard-von-bingen\/","title":{"rendered":"Aderlass nach Hildegard von Bingen"},"content":{"rendered":"<p>Fallen wir gleich mit der T\u00fcr ins Haus: Herzinfarkt und Schlaganfall z\u00e4hlen zu den h\u00e4ufigsten Todesursachen in unserer Zeit. Diesen geht in der Regel eine jahrzehntelange, schleichende Vorgeschichte mit mehr oder weniger problematischen Durchblutungsst\u00f6rungen voraus. Damit sind wir bei der Entstehungsursache. Warum geschieht dies? Durch falsche Ern\u00e4hrung, \u00dcbers\u00e4uerung und Bewegungsmangel? Nat\u00fcrlich! Aber auch deshalb, weil wir es vers\u00e4umen, von Zeit zu Zeit unser Blut zu reinigen!\u00a0 Wir sind zwar pflegeleicht, aber eben doch nicht ganz \u201cservicefrei\u201d. Zur Ganzk\u00f6rperpflege geh\u00f6rt auch die Bluterneuerung, die Blutverj\u00fcngung, damit das Allerwichtigste, unser Blut und unsere Blutgef\u00e4\u00dfe, ja der gesamte Kreislauf in Ordnung gehalten wird.<br \/>\nGesundheit setzt sich \u00e4hnlich einem Mosaik aus vielen Faktoren zusammen. Ein sehr wesentlicher Teil in diesem Mosaik ist neben der gesunden Lebensweise der Aderla\u00df. Ihn aus Bequemlichkeit oder Unwissenheit zu unterlassen, l\u00e4\u00dft sich sp\u00e4ter nicht einmal m mehr mit Gold aufwiegen, weil der Preis daf\u00fcr mit dem (verk\u00fcrzten) Leben \u201cbezahlt\u201d werden mu\u00df. Die Folgen einer jahrzehntelangen Vernachl\u00e4ssigung der Blutgef\u00e4\u00dfe sind inzwischen bekannt.<\/p>\n<p><strong>Die Grundregel<\/strong><\/p>\n<p>Bei zunehmendem Mond nimmt der Saft in den B\u00e4umen und Pflanzen sowie das Blut im Menschen zu. Hingegen nimmt bei abnehmendem Mond der Saft bei den Pflanzen und B\u00e4umen und das Blut bei Mensch und Tier ab.<br \/>\nDiese Zu-und Abnahme des Blutes und der S\u00e4fte findet unabh\u00e4ngig davon statt, ob wir daran glauben oder nicht. Wer Beweise haben will, braucht nur einmal bei zu- und einmal bei abnehmendem Mond die gleiche Gewichtsmenge einer bestimmten Pflanze unter gleichen Verh\u00e4ltnissen auspressen und den Saft abwiegen. Der Unterschied ist so gro\u00df, da\u00df Sie den Versuch vermutlich wiederholen werden!<\/p>\n<p><strong>Wann soll man zur Ader lassen?<\/strong><\/p>\n<p>Weil es nicht so ganz einfach ist, aus dem gesamten Blut im Menschen \u201cnur\u201d das schlechte herauszuholen, erfordert dieser \u201cArbeitsvorgang\u201d gewisse Fachkenntnisse. Dazu geh\u00f6rt das Wissen um den Einflu\u00df des Mondes. Bei Hildegard steht:<br \/>\n<em>\u201cEr (der Mensch) soll aber bei abnehmendem Monde zur Ader gelassen werden, also am ersten Tag, wenn der Mond anf\u00e4ngt abzunehmen, oder am zweiten, dritten, vierten, f\u00fcnften oder sechten Tage, und dann nicht mehr, weil ein fr\u00fcherer oder sp\u00e4terer Aderla\u00df nicht soviel Nutzen bringen wird. Nicht aderlassen soll man bei zunehmendem Mond, weil solcher Aderla\u00df sch\u00e4dlich ist, da jetzt die mit dem Blut vermischte faulige Fl\u00fcssigkeit sich nicht leicht von ihm scheiden kann. Bei wachsendem (zunehmendem) Mond str\u00f6mt n\u00e4mlich das Blut und die zersetzte Fl\u00fcssigkeit gleichzeitig wie in gegenseitig richtiger Menge im Menschen und lassen sich nicht leicht voneinander trennen. Es ist so wie bei einem Strom, der, mit m\u00e4\u00dfiger Geschwindigkeit in seinem Bette flie\u00dfend, diese seine Art beibeh\u00e4lt. Nimmt aber der Mond ab, dann f\u00e4ngt das Blut mehr an, aufgeregt zu werden und sein Bett zu verlassen, l\u00e4\u00dft auch zuviel faulige Fl\u00fcssigkeit ausflie\u00dfen, wie es bei einer gro\u00dfen \u00dcberschwemmung der Fall ist, die das Verfaulte in ihr sichtbar macht und den Schaum aus sich auswirft.\u201d<\/em><\/p>\n<p><strong>Bedingung: N\u00fcchternheit<\/strong><\/p>\n<p><em>\u201cWill also ein Mensch eine Ader zur Verminderung des Blutes anschneiden, so soll er dies n\u00fcchtern tun; denn solange der Mensch n\u00fcchtern ist, sind die in ihm vorhandenen S\u00e4fte noch einigerma\u00dfen vom Blut getrennt, und das Blut flie\u00dft dann im Menschen in rechter Weise und nicht zu rasch, wie ein Bach, der in seinem Bette, frei von jeder Bewegung durch Wind und Wetter, richtig und ordentlich dahinflie\u00dft. Hat aber ein Mensch Speise zu sich genommen, dann beginnt das Blut in ihm etwas st\u00e4rker zuwogen, die S\u00e4fte vermischen sich so mehr mit ihm, und beide k\u00f6nnen dann nicht mehr leicht voneinander geschieden werden. Daher soll der Aderla\u00df vorgenommen werden, wenn der Mensch n\u00fcchtern ist, damit die vom Blut getrennten S\u00e4fte um so leichter ausflie\u00dfen k\u00f6nnen. Eine Ausnahme findet nur statt, wenn ein Mensch sehr hinf\u00e4llig und schwach ist. Der kann vor dem Anschneiden der Ader etwas Nahrung zu sich nehmen, damit er nicht ohnm\u00e4chtig wird.\u201d<\/em> (Hildegard von Bingen)<br \/>\nNeben dem richtigen Zeitpunkt \u2013 nach Vollmond \u2013 ist das Gebot der N\u00fcchternheit eine der wichtigsten Voraussetzungen f\u00fcr einen wirksamen Aderla\u00df. Das Blut darf nicht mit N\u00e4hrstoffen aus der Nahrung vermischt sein. Bereits ein Bonbon oder ein Schluck Wasser w\u00fcrde die N\u00fcchternheit aufheben. Wir d\u00fcrfen diese Voraussetzungen nicht leichtfertig auf\u00b4s Spiel setzen. Lieber einmal den Magen knurren lassen, als einen \u201cverpfuschten\u201d Aderla\u00df in Kauf nehmen.<\/p>\n<p><strong>Was bringt ein regelm\u00e4\u00dfiger Aderla\u00df?<\/strong><\/p>\n<ul>\n<li>beseitigt sch\u00e4dliche, verderbliche und krankmachende Stoffe im Blut.<\/li>\n<li>verhindert die Entstehung von Krankheiten, die Verkalkung der Gef\u00e4\u00dfe, die Bildung schlechter Blutwerte<\/li>\n<li>vermindert zu hohen Blutdruck<\/li>\n<li>regt die Blutbildung an, \u00a0die \u00b4Hausapotheke\u00b4 (Immunsystem), den Kreislauf<\/li>\n<li>erh\u00f6ht die Lebenserwartung, die Vitalit\u00e4t und Leistungsf\u00e4higkeit sowie die Gesamtdurchblutung<\/li>\n<li>bewirkt Bluterneuerung und vermehrt das Gesundheitspotential<\/li>\n<\/ul>\n<p>Dar\u00fcber hinaus kann er als zus\u00e4tzliche Therapieform bei Herzbeschwerden, Depressionen, Leber- und Milzleiden, bei Atembeschwerden, Sehschw\u00e4che, Durchblutungsst\u00f6rungen, Kopfleiden und vielen weiteren Indikationen eingesetzt werden.<\/p>\n<p><strong>\u00a0<\/strong><\/p>\n","protected":false},"excerpt":{"rendered":"<p>Fallen wir gleich mit der T\u00fcr ins Haus: Herzinfarkt und Schlaganfall z\u00e4hlen zu den h\u00e4ufigsten Todesursachen in unserer Zeit. Diesen<\/p>\n","protected":false},"author":1,"featured_media":0,"parent":15,"menu_order":0,"comment_status":"closed","ping_status":"closed","template":"","meta":{"footnotes":""},"class_list":["post-1572","page","type-page","status-publish","hentry"],"translation":{"provider":"WPGlobus","version":"3.0.2","language":"gb","enabled_languages":["de","gb","es"],"languages":{"de":{"title":true,"content":true,"excerpt":false},"gb":{"title":false,"content":false,"excerpt":false},"es":{"title":false,"content":false,"excerpt":false}}},"_links":{"self":[{"href":"https:\/\/naturheilzentrum-buchweizenberg.de\/gb\/wp-json\/wp\/v2\/pages\/1572","targetHints":{"allow":["GET"]}}],"collection":[{"href":"https:\/\/naturheilzentrum-buchweizenberg.de\/gb\/wp-json\/wp\/v2\/pages"}],"about":[{"href":"https:\/\/naturheilzentrum-buchweizenberg.de\/gb\/wp-json\/wp\/v2\/types\/page"}],"author":[{"embeddable":true,"href":"https:\/\/naturheilzentrum-buchweizenberg.de\/gb\/wp-json\/wp\/v2\/users\/1"}],"replies":[{"embeddable":true,"href":"https:\/\/naturheilzentrum-buchweizenberg.de\/gb\/wp-json\/wp\/v2\/comments?post=1572"}],"version-history":[{"count":3,"href":"https:\/\/naturheilzentrum-buchweizenberg.de\/gb\/wp-json\/wp\/v2\/pages\/1572\/revisions"}],"predecessor-version":[{"id":4361,"href":"https:\/\/naturheilzentrum-buchweizenberg.de\/gb\/wp-json\/wp\/v2\/pages\/1572\/revisions\/4361"}],"up":[{"embeddable":true,"href":"https:\/\/naturheilzentrum-buchweizenberg.de\/gb\/wp-json\/wp\/v2\/pages\/15"}],"wp:attachment":[{"href":"https:\/\/naturheilzentrum-buchweizenberg.de\/gb\/wp-json\/wp\/v2\/media?parent=1572"}],"curies":[{"name":"wp","href":"https:\/\/api.w.org\/{rel}","templated":true}]}}