{"id":1578,"date":"2019-02-18T14:55:22","date_gmt":"2019-02-18T13:55:22","guid":{"rendered":"https:\/\/naturheilzentrum-buchweizenberg.de\/?page_id=1578"},"modified":"2019-03-17T00:02:05","modified_gmt":"2019-03-16T23:02:05","slug":"moxibustion","status":"publish","type":"page","link":"https:\/\/naturheilzentrum-buchweizenberg.de\/gb\/therapien\/moxibustion\/","title":{"rendered":"Moxibustion"},"content":{"rendered":"<div id=\"paragraph_5324600\" class=\"rows rows_2 paragraph_content_structure paragraph therapie--area\">\n<div id=\"paragraph_5324600_inner\" class=\"paragraph_content_structure_inner\">\n<div id=\"paragraph_5324606\" class=\"paragraph_text paragraph therapie--box\">\n<div id=\"paragraph_5324606_inner\" class=\"paragraph_text_inner\">\n<p>Der Begriff Moxibustion wird mit \u201eBrennen\u201c \u00fcbersetzt. Diese Therapiemethode f\u00e4llt in den Bereich der Akupunktur oder in die chinesische Medizin und hat wie diese eine jahrtausendelange zur\u00fcckreichende Tradition. Man versteht unter Moxibustion das Erw\u00e4rmen von verschiedenen Arealen des K\u00f6rpers oder von Akupunkturpunkten mittels glimmenden Moxakrauts. Dieses besteht aus den getrockneten Bl\u00e4ttern der Artemisia vulgaris, dem Beifu\u00df, der die Eigenschaft besitzt, dass seine Hitze tief in den K\u00f6rper eindringt und damit die Zirkulation von Qi (Energie) und Blut stimuliert. Man unterscheidet die Moxibustion mittels einer Moxa-Zigarre (in d\u00fcnnes Papier gerollte Stangen aus Moxa) und dem Abbrennen von ungebundenem Moxakraut in einem Moxakasten bzw. eines Moxakegels auf einer Akupunkturnadel.<\/p>\n<\/div>\n<\/div>\n<\/div>\n<\/div>\n<div id=\"paragraph_5324609\" class=\"rows rows_2 paragraph_content_structure paragraph\">\n<div id=\"paragraph_5324609_inner\" class=\"paragraph_content_structure_inner\">\n<div id=\"paragraph_5324612\" class=\"rows rows_2 paragraph_content_structure paragraph therapie--area\">\n<div id=\"paragraph_5324612_inner\" class=\"paragraph_content_structure_inner\">\n<div id=\"paragraph_5324618\" class=\"paragraph_text paragraph therapie--box\">\n<div id=\"paragraph_5324618_inner\" class=\"paragraph_text_inner\">\n<p>Ziel der Behandlung ist aus Sichtweise der chinesischen Medizin die Vertreibung von K\u00e4lte und Feuchtigkeit aus den Meridianen, der K\u00f6rperoberfl\u00e4che sowie den Organen. Die Zirkulation von Qi (Energie) und Blut wird gef\u00f6rdert. In China und den umliegenden L\u00e4ndern wird Moxibustion ebenfalls zur Vorbeugung von Krankheiten angewendet.<\/p>\n<\/div>\n<\/div>\n<\/div>\n<\/div>\n<div id=\"paragraph_5324621\" class=\"rows rows_2 paragraph_content_structure paragraph therapie--area\">\n<div id=\"paragraph_5324621_inner\" class=\"paragraph_content_structure_inner\">\n<div id=\"paragraph_5324627\" class=\"paragraph_text paragraph therapie--box\">\n<div id=\"paragraph_5324627_inner\" class=\"paragraph_text_inner\">\n<p>Die Moxibustion kann erfahrungsgem\u00e4\u00df bei Erkrankungen angewendet werden, die durch innere K\u00e4lte (z. B. zuviel kalte Nahrung, die zu Durchf\u00e4llen gef\u00fchrt hat) oder \u00e4u\u00dfere K\u00e4lte (langer Aufenthalt in kalter Witterung, der zu Schmerzen im Bewegungsapparat gef\u00fchrt hat) entstanden sind. Sie kann auch bei Lumboischialgien und bei Anf\u00e4lligkeit gegen\u00fcber Infekten angewendet werden.<\/p>\n<\/div>\n<\/div>\n<\/div>\n<\/div>\n<\/div>\n<\/div>\n<div id=\"paragraph_5324630\" class=\"rows rows_2 paragraph_content_structure paragraph\">\n<div id=\"paragraph_5324630_inner\" class=\"paragraph_content_structure_inner\">\n<div id=\"paragraph_5324633\" class=\"rows rows_2 paragraph_content_structure paragraph therapie--area\">\n<div id=\"paragraph_5324633_inner\" class=\"paragraph_content_structure_inner\">\n<div id=\"paragraph_5324639\" class=\"paragraph_text paragraph therapie--box\">\n<div id=\"paragraph_5324639_inner\" class=\"paragraph_text_inner\">\n<p>Die Urspr\u00fcnge der Moxibustion reichen noch weiter zur\u00fcck als die der Akupunktur. Nachdem die Menschen sich das Feuer zunutze gemacht hatten, verwendeten sie angez\u00fcndete Beifu\u00dfbl\u00e4tter, die sie \u00fcber schmerzhaften K\u00f6rperstellen hielten, wie Grabfunde heute belegen. Als Teilbereich der Akupunktur kommt die Moxibustion in Kombination mit selbiger zum Einsatz.<\/p>\n<\/div>\n<\/div>\n<\/div>\n<\/div>\n<\/div>\n<\/div>\n","protected":false},"excerpt":{"rendered":"<p>Der Begriff Moxibustion wird mit \u201eBrennen\u201c \u00fcbersetzt. Diese Therapiemethode f\u00e4llt in den Bereich der Akupunktur oder in die chinesische Medizin<\/p>\n","protected":false},"author":1,"featured_media":0,"parent":15,"menu_order":0,"comment_status":"closed","ping_status":"closed","template":"","meta":{"footnotes":""},"class_list":["post-1578","page","type-page","status-publish","hentry"],"translation":{"provider":"WPGlobus","version":"3.0.2","language":"gb","enabled_languages":["de","gb","es"],"languages":{"de":{"title":true,"content":true,"excerpt":false},"gb":{"title":false,"content":false,"excerpt":false},"es":{"title":false,"content":false,"excerpt":false}}},"_links":{"self":[{"href":"https:\/\/naturheilzentrum-buchweizenberg.de\/gb\/wp-json\/wp\/v2\/pages\/1578","targetHints":{"allow":["GET"]}}],"collection":[{"href":"https:\/\/naturheilzentrum-buchweizenberg.de\/gb\/wp-json\/wp\/v2\/pages"}],"about":[{"href":"https:\/\/naturheilzentrum-buchweizenberg.de\/gb\/wp-json\/wp\/v2\/types\/page"}],"author":[{"embeddable":true,"href":"https:\/\/naturheilzentrum-buchweizenberg.de\/gb\/wp-json\/wp\/v2\/users\/1"}],"replies":[{"embeddable":true,"href":"https:\/\/naturheilzentrum-buchweizenberg.de\/gb\/wp-json\/wp\/v2\/comments?post=1578"}],"version-history":[{"count":3,"href":"https:\/\/naturheilzentrum-buchweizenberg.de\/gb\/wp-json\/wp\/v2\/pages\/1578\/revisions"}],"predecessor-version":[{"id":2268,"href":"https:\/\/naturheilzentrum-buchweizenberg.de\/gb\/wp-json\/wp\/v2\/pages\/1578\/revisions\/2268"}],"up":[{"embeddable":true,"href":"https:\/\/naturheilzentrum-buchweizenberg.de\/gb\/wp-json\/wp\/v2\/pages\/15"}],"wp:attachment":[{"href":"https:\/\/naturheilzentrum-buchweizenberg.de\/gb\/wp-json\/wp\/v2\/media?parent=1578"}],"curies":[{"name":"wp","href":"https:\/\/api.w.org\/{rel}","templated":true}]}}