{"id":1627,"date":"2019-02-18T15:31:08","date_gmt":"2019-02-18T14:31:08","guid":{"rendered":"https:\/\/naturheilzentrum-buchweizenberg.de\/?page_id=1627"},"modified":"2022-07-02T12:22:27","modified_gmt":"2022-07-02T10:22:27","slug":"gespraechsfuehrung-nach-rogers","status":"publish","type":"page","link":"https:\/\/naturheilzentrum-buchweizenberg.de\/gb\/therapien\/gespraechsfuehrung-nach-rogers\/","title":{"rendered":"Gespr\u00e4chsf\u00fchrung nach Rogers"},"content":{"rendered":"<p>Carl Rogers lebte von 1902 bis 1987. Seine von ihm entwickelte klientenzentrierte Gespr\u00e4chspsychotherapie geh\u00f6rt neben der Psychoanalyse und der Verhaltenstherapie zu den wirksamsten Therapieformen \u00fcberhaupt.<\/p>\n<p>\u201eEs ist im Leben sehr selten, dass uns jemand zuh\u00f6rt und wirklich versteht, ohne gleich zu urteilen. Dies ist eine sehr eindringliche Erfahrung.\u201c<\/p>\n<p>Karl Rogers\u00a0 \u00a0 \u00a0Ohio, 80er-Jahre<\/p>\n<p>&nbsp;<\/p>\n<p>Akzeptanz auf das Recht der Andersartigkeit des Klienten, die damit verbundene Wertsch\u00e4tzung und den Glauben an einen L\u00f6sungsweg, welchen der Klient bereits in sich tr\u00e4gt, sind die grundlegenden \u00dcberzeugungen des Psychologen Carl R. Rogers<\/p>\n<p>Der Therapeut orientiert sich entgegen der g\u00e4ngigen Psychotherapie mit seinem Ansatz v\u00f6llig neu.<\/p>\n<p>W\u00e4hrend seine Kollegen darauf bedacht waren, ihren Patienten von au\u00dfen auf die L\u00f6sung ihrer Probleme zu f\u00fchren, verfolgte Rogers die Methode, den Experten im Hilfesuchenden selbst zu finden und zu aktivieren. In seiner jahrzehntelangen Arbeit machte er immer wieder die Erfahrung, dass Beurteilungen oder Ratschl\u00e4ge aller Art, kontraproduktiv f\u00fcr die Probleml\u00f6sung des Klienten waren. Nur wenn der Therapeut sich zur\u00fccknahm und dabei versuchte wirklich das Problem aus den Augen des Hilfesuchenden zu verstehen, f\u00fchrte dies zu einem positiven Ergebnis.<\/p>\n<p><strong>Grundhaltung von Carl R. Rogers<\/strong><\/p>\n<p>Um sein Ziel zu erreichen, n\u00e4mlich eine Einstellungs- sowie Verhaltens\u00e4nderung des Klienten, befasste sich Rogers mit drei Grundhaltungen.<\/p>\n<ol>\n<li>Kongruenz: Kongruenz steht f\u00fcr die Echtheit, die der Therapeut seinem Klienten entgegenbringt. Mit Echtheit m\u00f6chte der Therapeut ein offenes Wahrnehmen seines Erlebens erzeugen umso eine optimale Beziehung zu dem Klienten aufbauen zu k\u00f6nnen.<\/li>\n<li>Bedingungslose positive Wertsch\u00e4tzung: Die bedingungslose positive Wertsch\u00e4tzung ist eine elementare Grundhaltung dem Klienten, seinen Eigenheiten und seiner Problematik gegen\u00fcber.<\/li>\n<li>Empathie: Die Empathie dient als Werkzeug um einf\u00fchlsam und zugleich verst\u00e4ndnisvoll der Welt und der Probleme des Klienten entgegenzutreten.<\/li>\n<\/ol>\n<p>Um zu erreichen, dass der Klient angstfrei und kreativ an seiner Problematik arbeiten kann, ist das Schaffen einer wertsch\u00e4tzenden und vertrauensvollen Atmosph\u00e4re von unsch\u00e4tzbarer Wichtigkeit. In der Arbeitsweise von Rogers, treten Ratschl\u00e4ge und Bewertungen des Therapeuten in den Hintergrund und werden durch aktives Zuh\u00f6ren, Empathie und einer nicht direktiven Verhaltensweise ersetzt. Im Mittelpunkt steht der Klient mit seinen Gef\u00fchlen, seinen W\u00fcnschen, seinen Wertevorstellungen und seinen Zielen.<\/p>\n<p><strong>Der Ansatz<\/strong><\/p>\n<ul>\n<li>Die Personenzentrierte Gespr\u00e4chsf\u00fchrung ist eine wissenschaftlich fundierte Grundlagenmethode und eignet sich als Erg\u00e4nzung zu weiteren Therapieformen.<\/li>\n<li>Die Basis bildet das humanistische Menschenbild. Es impliziert, dass der Mensch alles zu seiner Heilung Notwendige bereits in sich tr\u00e4gt und so am besten in der Lage ist, seine pers\u00f6nliche Situation zu analysieren und eine L\u00f6sung f\u00fcr sein Problem zu erarbeiten. In der humanistischen Psychologie wird der Fokus dem spezifisch Menschlichen gewidmet. Es sind also Eigenschaften, die beispielsweise Kreativit\u00e4t, Subjektivit\u00e4t oder das Streben nach Selbstausdruck hervorbringen.<\/li>\n<li>Es geht um die Entwicklung und Entfaltung der Kr\u00e4fte und F\u00e4higkeiten, die jeder Mensch bereits in sich tr\u00e4gt. Vor allem die F\u00e4higkeit, sein Selbst zu entdecken und damit eine Beziehung aufzubauen, unterscheidet den Menschen von allen anderen.<\/li>\n<li>Die von Rogers aufgestellte These geht davon aus, dass alles Lebendige nach Entfaltung strebt und sich erhalten m\u00f6chte. Er erkannte, dass Leben immer aus Wachstum und Entwicklung besteht. Diese Tendenz wird als Aktualisierungstendenz bezeichnet.<\/li>\n<li>Durch seinen Ansatz war der Klient in der Lage, eine Ver\u00e4nderung aus sich selbst heraus herbeizuf\u00fchren. Denn laut Rogers hat jeder Hilfesuchende nicht nur das Problem, sondern auch die L\u00f6sung in sich.<\/li>\n<li>Die Schlussfolgerung von Carl R. Rogers war also, ein optimales Klima f\u00fcr seine Psychotherapie zu erzeugen, um so eine Bew\u00e4ltigung f\u00fcr den gest\u00f6rten Regelprozess des Klienten zu schaffen. Diese konsequente durchgef\u00fchrte Entwicklungs- und Ressourcenorientierung des Klienten ist es, die den Personenzentrierten Ansatz von anderen Ans\u00e4tzen unterscheidet.<\/li>\n<li>Es wird also klar, dass sowohl in der klientenzentrierten Beratung als auch in der Therapiesituation im Mittelpunkt immer der Mensch steht.<\/li>\n<li>Studien zeigen immer wieder auf, dass die Beziehung zwischen Therapeut und Klient einen elementaren Teil f\u00fcr den Erfolg einer Therapie ausmachen. Die spezifischen Techniken spielen hingegen nur eine sekund\u00e4re Rolle.<\/li>\n<\/ul>\n<p>&nbsp;<\/p>\n","protected":false},"excerpt":{"rendered":"<p>Carl Rogers lebte von 1902 bis 1987. Seine von ihm entwickelte klientenzentrierte Gespr\u00e4chspsychotherapie geh\u00f6rt neben der Psychoanalyse und der Verhaltenstherapie<\/p>\n","protected":false},"author":1,"featured_media":0,"parent":15,"menu_order":0,"comment_status":"closed","ping_status":"closed","template":"","meta":{"footnotes":""},"class_list":["post-1627","page","type-page","status-publish","hentry"],"translation":{"provider":"WPGlobus","version":"3.0.2","language":"gb","enabled_languages":["de","gb","es"],"languages":{"de":{"title":true,"content":true,"excerpt":false},"gb":{"title":false,"content":false,"excerpt":false},"es":{"title":false,"content":false,"excerpt":false}}},"_links":{"self":[{"href":"https:\/\/naturheilzentrum-buchweizenberg.de\/gb\/wp-json\/wp\/v2\/pages\/1627","targetHints":{"allow":["GET"]}}],"collection":[{"href":"https:\/\/naturheilzentrum-buchweizenberg.de\/gb\/wp-json\/wp\/v2\/pages"}],"about":[{"href":"https:\/\/naturheilzentrum-buchweizenberg.de\/gb\/wp-json\/wp\/v2\/types\/page"}],"author":[{"embeddable":true,"href":"https:\/\/naturheilzentrum-buchweizenberg.de\/gb\/wp-json\/wp\/v2\/users\/1"}],"replies":[{"embeddable":true,"href":"https:\/\/naturheilzentrum-buchweizenberg.de\/gb\/wp-json\/wp\/v2\/comments?post=1627"}],"version-history":[{"count":2,"href":"https:\/\/naturheilzentrum-buchweizenberg.de\/gb\/wp-json\/wp\/v2\/pages\/1627\/revisions"}],"predecessor-version":[{"id":3772,"href":"https:\/\/naturheilzentrum-buchweizenberg.de\/gb\/wp-json\/wp\/v2\/pages\/1627\/revisions\/3772"}],"up":[{"embeddable":true,"href":"https:\/\/naturheilzentrum-buchweizenberg.de\/gb\/wp-json\/wp\/v2\/pages\/15"}],"wp:attachment":[{"href":"https:\/\/naturheilzentrum-buchweizenberg.de\/gb\/wp-json\/wp\/v2\/media?parent=1627"}],"curies":[{"name":"wp","href":"https:\/\/api.w.org\/{rel}","templated":true}]}}