{"id":3107,"date":"2020-03-26T10:47:02","date_gmt":"2020-03-26T09:47:02","guid":{"rendered":"https:\/\/naturheilzentrum-buchweizenberg.de\/?page_id=3107"},"modified":"2022-12-21T18:09:59","modified_gmt":"2022-12-21T17:09:59","slug":"tipps-fuer-ein-starkes-immunsystem","status":"publish","type":"page","link":"https:\/\/naturheilzentrum-buchweizenberg.de\/gb\/corona-was-nun\/tipps-fuer-ein-starkes-immunsystem\/","title":{"rendered":"Tipps f\u00fcr ein starkes Immunsystem"},"content":{"rendered":"<p><strong>Infusionen sind in unserer Praxis seit jeher ein fester Bestandteil bei unseren Behandlungskonzepten.<\/strong><\/p>\n<p>Uns ist sehr viel bewusster geworden wie wertvoll unsere Gesundheit ist und wie schnell sich das \u00e4ndern kann. Gleichzeitig machen wir uns Gedanken dar\u00fcber wie wir uns vor einer Infektion sch\u00fctzen k\u00f6nnen.<\/p>\n<p>Was in Amerika seit langem als \u201edrip spa\u201c bekannt ist wird nun auch in Deutschland immer gefragter. \u00dcber eine Infusion werden Vitamine, Mineralstoffe, Aminos\u00e4uren etc. dem K\u00f6rper zugef\u00fchrt, angepasst an den individuellen Bedarf. Durch diese Vorsorge profitiert der gesunde K\u00f6rper mit einem gest\u00e4rkten Immunsystem und einem optimierten Stoffwechsel.<\/p>\n<p><strong>Wenn Sie auch von einer Extra-Portion Mikron\u00e4hrstoffe profitieren m\u00f6chten sprechen Sie uns an.<\/strong><\/p>\n<p>Zitat: Claude Bernard: \u201eDer Erreger ist nichts, das Milieu ist alles\u201c<\/p>\n<p>Nobelpreistr\u00e4ger Dr. Otto Warburg: \u201eKeine Krankheit kann in einem basischen Milieu existieren, nicht einmal Krebs!\u201c<\/p>\n<p><strong>Noch ein Tipp:<\/strong><\/p>\n<p><strong>Machen Sie es in diesen schwierigen Zeiten allen Erregern so ungem\u00fctlich wie m\u00f6glich:<\/strong><\/p>\n<p>Unser Immunsystem ist ein geniales Wunderwerk und in der Lage, eindringende Erreger zu erkennen und zu bek\u00e4mpfen. Und wenn es einen Erreger einmal kennt, erinnert es sich auch an ihn. Kein Erreger der Welt kann gegen unser Immunsystem resistent werden! Auch Keime, die bereits Resistenzen gegen Antibiotika entwickelt haben, k\u00f6nnen in einem basischen Milieu mit einem aktiven Immunsystem nicht \u00fcberleben.<\/p>\n<p>Bringen Sie Ihren K\u00f6rper in ein basisches Milieu und st\u00e4rken Sie Ihr Immunsystem.<\/p>\n<p>Geben Sie Erregern keine Chance!<\/p>\n<p><strong>Unsere Tipps f\u00fcr ein starkes Immunsystem:<\/strong><\/p>\n<p>&#8211; Die Vitamine C und D u. a. sind wichtig f\u00fcr unser Immunsystem.<\/p>\n<p>Essen Sie viel frisches Obst (vor allem Beeren) und Gem\u00fcse, m\u00f6glichst in Bio-Qualit\u00e4t.<\/p>\n<p>Damit f\u00fcgen Sie dem K\u00f6rper auch notwendige Basen zu.<\/p>\n<p>&#8211; Bewegen Sie sich ausreichend an der frischen Luft, am Besten im Gr\u00fcnen.<\/p>\n<p>&#8211; Schlafen Sie ausreichend.<\/p>\n<p>&#8211; Vermeiden Sie Stress, Nikotin und Alkohol soweit Sie k\u00f6nnen.<\/p>\n<p>&#8211; Achten Sie auf eine gesunde Darmflora.<\/p>\n<p>&#8211; Waschen Sie sich oft und ausreichend die H\u00e4nde, am besten mit basischer Seife, z. B. von Marius Fabre<\/p>\n<p>Als pflanzliche Unterst\u00fctzung f\u00fcr ein starkes Immunsystem empfehlen wir:<\/p>\n<p><strong>Artemisia Annua\u00a0 &#8211; <\/strong>u. a. reich an Vitamin E, Selen und Zink<\/p>\n<p><strong>Kardenwurzel\u00a0 &#8211; <\/strong>man sagt ihr neben vielen, anderen immunstimulierende Eigenschaften nach<\/p>\n<p><strong>Prim\u00e4r Komplex 3 \u00a0\u00a0\u00a0\u00a0\u00a0\u00a0 \u00a0 \u00a0 \u00a0 \u00a0 \u00a0 \u00a0 \u00a0 \u00a0 \u00a0 \u00a0 \u00a0 \u00a0 \u00a0 \u00a0 \u00a0 \u00a0 \u00a0 \u00a0 \u00a0 \u00a0\u00a0 \u00a0\u00a0\u00a0\u00a0\u00a0\u00a0\u00a0\u00a0\u00a0\u00a0\u00a0\u00a0\u00a0\u00a0\u00a0\u00a0\u00a0\u00a0\u00a0\u00a0\u00a0\u00a0\u00a0\u00a0\u00a0\u00a0\u00a0\u00a0\u00a0\u00a0\u00a0\u00a0\u00a0\u00a0\u00a0\u00a0\u00a0\u00a0\u00a0\u00a0\u00a0\u00a0\u00a0\u00a0\u00a0\u00a0\u00a0\u00a0\u00a0\u00a0\u00a0\u00a0\u00a0\u00a0\u00a0\u00a0\u00a0\u00a0 <\/strong>Gem\u00e4\u00df den Erkenntnissen und Erfahrungen der Traditionellen Europ\u00e4ischen Medizin, die sich u. auf die Werke von Hildegard von Bingen und Paracelsus st\u00fctzt, sollen Grapefruit, B\u00e4rlauch, Teebaum, Myrrhe, Propolis, Walnuss, Tormentille, Wacholder, Weihrauch, Wermut, Anis und K\u00fcmmel gemeinsam ein nat\u00fcrliches Antibiotikum bilden, das Parasiten, Viren, Pilzen und sch\u00e4dlichen Bakterien den N\u00e4hrboden entzieht.<\/p>\n<p><strong>Buchweizenberg Immun Tabletten\u00a0 \u00a0 \u00a0 \u00a0 \u00a0 \u00a0 \u00a0 \u00a0 \u00a0 \u00a0 \u00a0 \u00a0 \u00a0 \u00a0 \u00a0 \u00a0 \u00a0 \u00a0 \u00a0 \u00a0 \u00a0 \u00a0 \u00a0 \u00a0 \u00a0 \u00a0 \u00a0 \u00a0 \u00a0 \u00a0 \u00a0 \u00a0 \u00a0 \u00a0 \u00a0 \u00a0 \u00a0 \u00a0 \u00a0 \u00a0 <\/strong>\u00df-D-Glucan (Polysaccharide) aus Saccharomyces cerevisae, Maitake- und Reishipulver stimmulieren das Immunsystem.<\/p>\n<p>F\u00fcr pers\u00f6nliche Fragen zu dem Thema St\u00e4rkung des Immunsystem und gesund bleiben beraten wir Sie gerne auch telefonisch.<\/p>\n<p><strong>Wir sind auch in der Praxis weiterhin f\u00fcr Sie da!<\/strong><\/p>\n<p>&nbsp;<\/p>\n","protected":false},"excerpt":{"rendered":"<p>Infusionen sind in unserer Praxis seit jeher ein fester Bestandteil bei unseren Behandlungskonzepten. Uns ist sehr viel bewusster geworden wie<\/p>\n","protected":false},"author":2,"featured_media":0,"parent":3083,"menu_order":1,"comment_status":"closed","ping_status":"closed","template":"","meta":{"footnotes":""},"class_list":["post-3107","page","type-page","status-publish","hentry"],"translation":{"provider":"WPGlobus","version":"3.0.2","language":"gb","enabled_languages":["de","gb","es"],"languages":{"de":{"title":true,"content":true,"excerpt":false},"gb":{"title":false,"content":false,"excerpt":false},"es":{"title":false,"content":false,"excerpt":false}}},"_links":{"self":[{"href":"https:\/\/naturheilzentrum-buchweizenberg.de\/gb\/wp-json\/wp\/v2\/pages\/3107","targetHints":{"allow":["GET"]}}],"collection":[{"href":"https:\/\/naturheilzentrum-buchweizenberg.de\/gb\/wp-json\/wp\/v2\/pages"}],"about":[{"href":"https:\/\/naturheilzentrum-buchweizenberg.de\/gb\/wp-json\/wp\/v2\/types\/page"}],"author":[{"embeddable":true,"href":"https:\/\/naturheilzentrum-buchweizenberg.de\/gb\/wp-json\/wp\/v2\/users\/2"}],"replies":[{"embeddable":true,"href":"https:\/\/naturheilzentrum-buchweizenberg.de\/gb\/wp-json\/wp\/v2\/comments?post=3107"}],"version-history":[{"count":7,"href":"https:\/\/naturheilzentrum-buchweizenberg.de\/gb\/wp-json\/wp\/v2\/pages\/3107\/revisions"}],"predecessor-version":[{"id":3807,"href":"https:\/\/naturheilzentrum-buchweizenberg.de\/gb\/wp-json\/wp\/v2\/pages\/3107\/revisions\/3807"}],"up":[{"embeddable":true,"href":"https:\/\/naturheilzentrum-buchweizenberg.de\/gb\/wp-json\/wp\/v2\/pages\/3083"}],"wp:attachment":[{"href":"https:\/\/naturheilzentrum-buchweizenberg.de\/gb\/wp-json\/wp\/v2\/media?parent=3107"}],"curies":[{"name":"wp","href":"https:\/\/api.w.org\/{rel}","templated":true}]}}