{"id":3239,"date":"2020-10-25T18:56:29","date_gmt":"2020-10-25T17:56:29","guid":{"rendered":"https:\/\/naturheilzentrum-buchweizenberg.de\/?page_id=3239"},"modified":"2024-06-25T21:45:34","modified_gmt":"2024-06-25T19:45:34","slug":"akademiedownloads","status":"publish","type":"page","link":"https:\/\/naturheilzentrum-buchweizenberg.de\/gb\/akademiedownloads\/","title":{"rendered":"Patientenakademie &#8211; Downloads"},"content":{"rendered":"<p>Hier m\u00f6chten wir Ihnen einige PDF Dokumente mit interessanten Inhalten kostenlos zur Verf\u00fcgung stellen.<\/p>\n<p><a href=\"https:\/\/naturheilzentrum-buchweizenberg.de\/wp-content\/uploads\/2020\/10\/Top-10-Tipps-Ernaehrung.pdf\" target=\"_blank\" rel=\"noopener noreferrer\">Top 10 Tipps Ern\u00e4hrung<\/a><br \/>\n10 allgemeing\u00fcltige Tipps zum Thema Ern\u00e4hrung<\/p>\n<p><a href=\"https:\/\/naturheilzentrum-buchweizenberg.de\/wp-content\/uploads\/2020\/10\/Verdauungsreise.pdf\" target=\"_blank\" rel=\"noopener noreferrer\">Verdauungsreise<\/a><br \/>\nEine kleine Verdauungsreise durch unseren genialen K\u00f6rper<\/p>\n<p><a href=\"https:\/\/naturheilzentrum-buchweizenberg.de\/wp-content\/uploads\/2020\/10\/Zusatzstoffe.pdf\" target=\"_blank\" rel=\"noopener noreferrer\">Zusatzstoffe<\/a><br \/>\nVersteckte Gifte &#8211; Zusatzstoffe in unserer Nahrung<br \/>\nEin Vortrag vom Tag der offenen T\u00fcr 2019<\/p>\n<p><a href=\"https:\/\/naturheilzentrum-buchweizenberg.de\/wp-content\/uploads\/2020\/10\/Organ-Food.pdf\" target=\"_blank\" rel=\"noopener noreferrer\">Organ Food<\/a><br \/>\nDas Lieblings-Essen unserer Organe<br \/>\nEin Vortrag vom Tag der offenen T\u00fcr 2018<\/p>\n<p><a href=\"https:\/\/naturheilzentrum-buchweizenberg.de\/wp-content\/uploads\/2020\/10\/Rezepte.pdf\" target=\"_blank\" rel=\"noopener noreferrer\">Rezepte<\/a><br \/>\nGourmet-Rohkost-Rezepte<\/p>\n","protected":false},"excerpt":{"rendered":"<p>Hier m\u00f6chten wir Ihnen einige PDF Dokumente mit interessanten Inhalten kostenlos zur Verf\u00fcgung stellen. Top 10 Tipps Ern\u00e4hrung 10 allgemeing\u00fcltige<\/p>\n","protected":false},"author":3,"featured_media":0,"parent":0,"menu_order":0,"comment_status":"closed","ping_status":"closed","template":"","meta":{"footnotes":""},"class_list":["post-3239","page","type-page","status-publish","hentry"],"translation":{"provider":"WPGlobus","version":"3.0.2","language":"gb","enabled_languages":["de","gb","es"],"languages":{"de":{"title":true,"content":true,"excerpt":false},"gb":{"title":false,"content":false,"excerpt":false},"es":{"title":false,"content":false,"excerpt":false}}},"_links":{"self":[{"href":"https:\/\/naturheilzentrum-buchweizenberg.de\/gb\/wp-json\/wp\/v2\/pages\/3239","targetHints":{"allow":["GET"]}}],"collection":[{"href":"https:\/\/naturheilzentrum-buchweizenberg.de\/gb\/wp-json\/wp\/v2\/pages"}],"about":[{"href":"https:\/\/naturheilzentrum-buchweizenberg.de\/gb\/wp-json\/wp\/v2\/types\/page"}],"author":[{"embeddable":true,"href":"https:\/\/naturheilzentrum-buchweizenberg.de\/gb\/wp-json\/wp\/v2\/users\/3"}],"replies":[{"embeddable":true,"href":"https:\/\/naturheilzentrum-buchweizenberg.de\/gb\/wp-json\/wp\/v2\/comments?post=3239"}],"version-history":[{"count":18,"href":"https:\/\/naturheilzentrum-buchweizenberg.de\/gb\/wp-json\/wp\/v2\/pages\/3239\/revisions"}],"predecessor-version":[{"id":4161,"href":"https:\/\/naturheilzentrum-buchweizenberg.de\/gb\/wp-json\/wp\/v2\/pages\/3239\/revisions\/4161"}],"wp:attachment":[{"href":"https:\/\/naturheilzentrum-buchweizenberg.de\/gb\/wp-json\/wp\/v2\/media?parent=3239"}],"curies":[{"name":"wp","href":"https:\/\/api.w.org\/{rel}","templated":true}]}}