{"id":339,"date":"2018-11-06T22:12:26","date_gmt":"2018-11-06T21:12:26","guid":{"rendered":"http:\/\/wordpress.heilpraktikerin-fischbach.de\/?page_id=339"},"modified":"2026-05-01T12:56:50","modified_gmt":"2026-05-01T10:56:50","slug":"naturheilkunde","status":"publish","type":"page","link":"https:\/\/naturheilzentrum-buchweizenberg.de\/gb\/naturheilkunde\/","title":{"rendered":"Naturheilkunde"},"content":{"rendered":"<h2><a href=\"https:\/\/naturheilzentrum-buchweizenberg.de\/beratung\/\">Allgemeine Informationen<\/a><\/h2>\n<h2><a href=\"https:\/\/naturheilzentrum-buchweizenberg.de\/aderlass-nach-hildegard-von-bingen\/\">Aderlass nach Hildegard von Bingen<\/a><\/h2>\n<h2><a href=\"https:\/\/naturheilzentrum-buchweizenberg.de\/akupressur\/\">Akupressur<\/a><\/h2>\n<h2><a href=\"https:\/\/naturheilzentrum-buchweizenberg.de\/therapien\/akupunktur\/\">Akupunktur<\/a><\/h2>\n<h2><a href=\"https:\/\/naturheilzentrum-buchweizenberg.de\/aromatherapie\/\">Aromatherapie<\/a><\/h2>\n<h2><a href=\"https:\/\/naturheilzentrum-buchweizenberg.de\/therapien\/ausleitungsverfahren\/\">Ausleitungsverfahren<\/a><\/h2>\n<h2><a href=\"https:\/\/naturheilzentrum-buchweizenberg.de\/therapien\/bioresonanz\/\">Bioresonanz<\/a><\/h2>\n<h2><a href=\"https:\/\/naturheilzentrum-buchweizenberg.de\/blutegel\/\">Blutegel<\/a><\/h2>\n<h2><a href=\"https:\/\/naturheilzentrum-buchweizenberg.de\/therapien\/colon-hydrotherapie\/\">Colon-Hydro-Therapie<\/a><\/h2>\n<h2><a href=\"https:\/\/naturheilzentrum-buchweizenberg.de\/fussreflexzonen\/\">Fu\u00dfreflexzonenmassage<\/a><\/h2>\n<h2><a href=\"https:\/\/naturheilzentrum-buchweizenberg.de\/therapien\/fuss-pure-detox\/\">Fu\u00df Pure-Detox<\/a><\/h2>\n<h2><a href=\"https:\/\/naturheilzentrum-buchweizenberg.de\/infusionen\/\">Infusionen<\/a><\/h2>\n<h2><a href=\"https:\/\/naturheilzentrum-buchweizenberg.de\/klassische-homoeopathie\/\">Klassische Hom\u00f6opathie<\/a><\/h2>\n<h2><a href=\"https:\/\/naturheilzentrum-buchweizenberg.de\/moxibustion\/\">Moxibustion<\/a><\/h2>\n<h2><a href=\"https:\/\/naturheilzentrum-buchweizenberg.de\/therapien\/ozon-sauerstoff-therapie\/\">Ozon-Sauerstoff-Therapie<\/a><\/h2>\n<h2><a href=\"https:\/\/naturheilzentrum-buchweizenberg.de\/spagyrik\/\">Spagyrik<\/a><\/h2>\n","protected":false},"excerpt":{"rendered":"<p>Allgemeine Informationen Aderlass nach Hildegard von Bingen Akupressur Akupunktur Aromatherapie Ausleitungsverfahren Bioresonanz Blutegel Colon-Hydro-Therapie Fu\u00dfreflexzonenmassage Fu\u00df Pure-Detox Infusionen Klassische Hom\u00f6opathie<\/p>\n","protected":false},"author":1,"featured_media":0,"parent":0,"menu_order":250,"comment_status":"closed","ping_status":"closed","template":"","meta":{"footnotes":""},"class_list":["post-339","page","type-page","status-publish","hentry"],"translation":{"provider":"WPGlobus","version":"3.0.2","language":"gb","enabled_languages":["de","gb","es"],"languages":{"de":{"title":true,"content":true,"excerpt":false},"gb":{"title":false,"content":false,"excerpt":false},"es":{"title":false,"content":false,"excerpt":false}}},"_links":{"self":[{"href":"https:\/\/naturheilzentrum-buchweizenberg.de\/gb\/wp-json\/wp\/v2\/pages\/339","targetHints":{"allow":["GET"]}}],"collection":[{"href":"https:\/\/naturheilzentrum-buchweizenberg.de\/gb\/wp-json\/wp\/v2\/pages"}],"about":[{"href":"https:\/\/naturheilzentrum-buchweizenberg.de\/gb\/wp-json\/wp\/v2\/types\/page"}],"author":[{"embeddable":true,"href":"https:\/\/naturheilzentrum-buchweizenberg.de\/gb\/wp-json\/wp\/v2\/users\/1"}],"replies":[{"embeddable":true,"href":"https:\/\/naturheilzentrum-buchweizenberg.de\/gb\/wp-json\/wp\/v2\/comments?post=339"}],"version-history":[{"count":15,"href":"https:\/\/naturheilzentrum-buchweizenberg.de\/gb\/wp-json\/wp\/v2\/pages\/339\/revisions"}],"predecessor-version":[{"id":4438,"href":"https:\/\/naturheilzentrum-buchweizenberg.de\/gb\/wp-json\/wp\/v2\/pages\/339\/revisions\/4438"}],"wp:attachment":[{"href":"https:\/\/naturheilzentrum-buchweizenberg.de\/gb\/wp-json\/wp\/v2\/media?parent=339"}],"curies":[{"name":"wp","href":"https:\/\/api.w.org\/{rel}","templated":true}]}}