{"id":3690,"date":"2022-03-06T20:31:35","date_gmt":"2022-03-06T19:31:35","guid":{"rendered":"https:\/\/naturheilzentrum-buchweizenberg.de\/?page_id=3690"},"modified":"2022-10-06T17:38:31","modified_gmt":"2022-10-06T15:38:31","slug":"ernaehrungsberatung","status":"publish","type":"page","link":"https:\/\/naturheilzentrum-buchweizenberg.de\/gb\/geist-und-seele\/ernaehrungsberatung\/","title":{"rendered":"Ern\u00e4hrungsberatung"},"content":{"rendered":"<p>Forschungen zeigen, dass bis zu 80% aller Krankheiten mit einer falschen Ern\u00e4hrung in Verbindung gebracht werden k\u00f6nnen, was Beobachtungen im (Klinik)alltag immer wieder best\u00e4tigen. Die richtige Ern\u00e4hrung ist die Basis f\u00fcr eine gute Gesundheit.<\/p>\n<p>Die vitalstoffreiche, biologische Vollwertkost von Dr. Max Otto Bruker, ist ein wichtigen Bausteine, der gerne auch nach pers\u00f6nlichem Bedarf z. B. Vegetarisch\/ Vegan oder auch mit Elementen aus der TCM und der Ayurveda erweitert werden kann.<\/p>\n<p>Ern\u00e4hrungsbedingte Krankheiten z.B. Zahnerkrankungen wie Karies und Parodontose; Erkrankungen des Bewegungsapparates: Arthrose, Gicht und Bandscheibenvorf\u00e4lle; Stoffwechselerkrankungen: Diabetes mellitus Typ 2, \u00dcbergewicht, Gallensteine; Erkrankungen der Verdauungsorgane; Gef\u00e4\u00dferkrankungen: Arteriosklerose, Herzinfarkt, Schlaganfall; ein schwaches Immunsystem mit h\u00e4ufigen Infekten; Allergien sowie Teile der Krebsentstehung nehmen weiterhin deutlich zu. Eine vitalstoffreiche Vollwertkost kann sie verh\u00fcten und lindern. Der regelm\u00e4\u00dfige Verzehr von Zucker und Auszugsmehlen, industriell hergestellten Fetten, gro\u00dfe Mengen tierischer Eiwei\u00dfe, Zusatzstoffe in der Nahrung und Genussmittel f\u00f6rdern die oben genannten Erkrankungen.<\/p>\n<p>Mit der richtigen Ern\u00e4hrung begleiten wir Sie gerne auch, wenn ein Kinderwunsch oder schon eine Schwangerschaft besteht, da gerade in dieser Zeit eine vollwertige, vitaminreiche Kost f\u00fcr Mutter und Kind sehr wichtig ist.<\/p>\n<p>&nbsp;<\/p>\n<p>Unsere Patienten bekommen im Naturheilzentrum Buchweizenberg eine ganzheitliche Ern\u00e4hrungsberatung die die Therapien sinnvoll erg\u00e4nzt und unterst\u00fctzt. Sie erhalten individuelle Tipps und Rezepte abgestimmt auf Ihre pers\u00f6nlichen Bed\u00fcrfnisse. Wir unterst\u00fctzen Sie bei Ihrer Ern\u00e4hrungsumstellung und stehen f\u00fcr Fragen zur Verf\u00fcgung.<\/p>\n<p>&nbsp;<\/p>\n","protected":false},"excerpt":{"rendered":"<p>Forschungen zeigen, dass bis zu 80% aller Krankheiten mit einer falschen Ern\u00e4hrung in Verbindung gebracht werden k\u00f6nnen, was Beobachtungen im<\/p>\n","protected":false},"author":3,"featured_media":0,"parent":745,"menu_order":0,"comment_status":"closed","ping_status":"closed","template":"","meta":{"footnotes":""},"class_list":["post-3690","page","type-page","status-publish","hentry"],"translation":{"provider":"WPGlobus","version":"3.0.2","language":"gb","enabled_languages":["de","gb","es"],"languages":{"de":{"title":true,"content":true,"excerpt":false},"gb":{"title":false,"content":false,"excerpt":false},"es":{"title":false,"content":false,"excerpt":false}}},"_links":{"self":[{"href":"https:\/\/naturheilzentrum-buchweizenberg.de\/gb\/wp-json\/wp\/v2\/pages\/3690","targetHints":{"allow":["GET"]}}],"collection":[{"href":"https:\/\/naturheilzentrum-buchweizenberg.de\/gb\/wp-json\/wp\/v2\/pages"}],"about":[{"href":"https:\/\/naturheilzentrum-buchweizenberg.de\/gb\/wp-json\/wp\/v2\/types\/page"}],"author":[{"embeddable":true,"href":"https:\/\/naturheilzentrum-buchweizenberg.de\/gb\/wp-json\/wp\/v2\/users\/3"}],"replies":[{"embeddable":true,"href":"https:\/\/naturheilzentrum-buchweizenberg.de\/gb\/wp-json\/wp\/v2\/comments?post=3690"}],"version-history":[{"count":2,"href":"https:\/\/naturheilzentrum-buchweizenberg.de\/gb\/wp-json\/wp\/v2\/pages\/3690\/revisions"}],"predecessor-version":[{"id":3785,"href":"https:\/\/naturheilzentrum-buchweizenberg.de\/gb\/wp-json\/wp\/v2\/pages\/3690\/revisions\/3785"}],"up":[{"embeddable":true,"href":"https:\/\/naturheilzentrum-buchweizenberg.de\/gb\/wp-json\/wp\/v2\/pages\/745"}],"wp:attachment":[{"href":"https:\/\/naturheilzentrum-buchweizenberg.de\/gb\/wp-json\/wp\/v2\/media?parent=3690"}],"curies":[{"name":"wp","href":"https:\/\/api.w.org\/{rel}","templated":true}]}}