{"id":3809,"date":"2022-12-21T18:15:48","date_gmt":"2022-12-21T17:15:48","guid":{"rendered":"https:\/\/naturheilzentrum-buchweizenberg.de\/?page_id=3809"},"modified":"2022-12-21T20:19:18","modified_gmt":"2022-12-21T19:19:18","slug":"alt-werden-gesund-bleiben","status":"publish","type":"page","link":"https:\/\/naturheilzentrum-buchweizenberg.de\/gb\/alt-werden-gesund-bleiben\/","title":{"rendered":"Alt werden \/ gesund bleiben"},"content":{"rendered":"<p><a href=\"https:\/\/naturheilzentrum-buchweizenberg.de\/darmsanierung-und-leber-reinigung\/\">Darmsanierung und Leber-Reinigung<\/a><\/p>\n<p><a href=\"https:\/\/naturheilzentrum-buchweizenberg.de\/ruecken-und-gelenkschmerzen\/\">R\u00fccken- und Gelenkschmerzen<\/a><\/p>\n<p><a href=\"https:\/\/naturheilzentrum-buchweizenberg.de\/tinnitus-und-hoersturz\/\">Tinnitus und H\u00f6rsturz<\/a><\/p>\n<p><a href=\"https:\/\/naturheilzentrum-buchweizenberg.de\/corona-was-nun\/tipps-fuer-ein-starkes-immunsystem\/\">Tipps f\u00fcr ein starkes Immunsystem<\/a><\/p>\n","protected":false},"excerpt":{"rendered":"<p>Darmsanierung und Leber-Reinigung R\u00fccken- und Gelenkschmerzen Tinnitus und H\u00f6rsturz Tipps f\u00fcr ein starkes Immunsystem<\/p>\n","protected":false},"author":1,"featured_media":0,"parent":0,"menu_order":0,"comment_status":"closed","ping_status":"closed","template":"","meta":{"footnotes":""},"class_list":["post-3809","page","type-page","status-publish","hentry"],"translation":{"provider":"WPGlobus","version":"3.0.2","language":"gb","enabled_languages":["de","gb","es"],"languages":{"de":{"title":true,"content":true,"excerpt":false},"gb":{"title":false,"content":false,"excerpt":false},"es":{"title":false,"content":false,"excerpt":false}}},"_links":{"self":[{"href":"https:\/\/naturheilzentrum-buchweizenberg.de\/gb\/wp-json\/wp\/v2\/pages\/3809","targetHints":{"allow":["GET"]}}],"collection":[{"href":"https:\/\/naturheilzentrum-buchweizenberg.de\/gb\/wp-json\/wp\/v2\/pages"}],"about":[{"href":"https:\/\/naturheilzentrum-buchweizenberg.de\/gb\/wp-json\/wp\/v2\/types\/page"}],"author":[{"embeddable":true,"href":"https:\/\/naturheilzentrum-buchweizenberg.de\/gb\/wp-json\/wp\/v2\/users\/1"}],"replies":[{"embeddable":true,"href":"https:\/\/naturheilzentrum-buchweizenberg.de\/gb\/wp-json\/wp\/v2\/comments?post=3809"}],"version-history":[{"count":4,"href":"https:\/\/naturheilzentrum-buchweizenberg.de\/gb\/wp-json\/wp\/v2\/pages\/3809\/revisions"}],"predecessor-version":[{"id":3865,"href":"https:\/\/naturheilzentrum-buchweizenberg.de\/gb\/wp-json\/wp\/v2\/pages\/3809\/revisions\/3865"}],"wp:attachment":[{"href":"https:\/\/naturheilzentrum-buchweizenberg.de\/gb\/wp-json\/wp\/v2\/media?parent=3809"}],"curies":[{"name":"wp","href":"https:\/\/api.w.org\/{rel}","templated":true}]}}