{"id":40,"date":"2017-11-18T19:16:48","date_gmt":"2017-11-18T18:16:48","guid":{"rendered":"http:\/\/wordpress.heilpraktikerin-fischbach.de\/?page_id=40"},"modified":"2025-01-02T16:48:49","modified_gmt":"2025-01-02T15:48:49","slug":"impressum","status":"publish","type":"page","link":"https:\/\/naturheilzentrum-buchweizenberg.de\/gb\/impressum\/","title":{"rendered":"Impressum"},"content":{"rendered":"<h2>Impressum:<\/h2>\n<p>Heilpraktikerin Heike Fischbach, ebenfalls Verantwortliche f\u00fcr den Inhalt nach \u00a755 Abs. 2 RStV<br \/>\nim Naturheilzentrum Buchweizenberg<br \/>\nSchorberger Str. 4<br \/>\n42699 Solingen<br \/>\nTelefon: 0212 6500300<br \/>\nE-Mail: <a href=\"mailto:info@naturheilzentrum-buchweizenberg.de\">info[at]naturheilzentrum-buchweizenberg.de<\/a><\/p>\n<h3>USt-IdNr.:<\/h3>\n<p>Heilkundliche T\u00e4tigkeit befreit von der Umsatzsteuer gem. \u00a74 Nr. 14 UStG<\/p>\n<h3>Gesetzliche Berufsbezeichnung<\/h3>\n<p>Heilpraktikerin (verliehen in der Bundesrepublik Deutschland)<\/p>\n<h3>Aufsichtsbeh\u00f6rde<\/h3>\n<p>Stadtdienst Gesundheit, Rathausplatz 3, 42651 Solingen, Telefon 0212 290-0,<br \/>\n<a href=\"http:\/\/gesundheit.solingen.de\" target=\"_blank\" rel=\"noopener noreferrer\">gesundheit.solingen.de <\/a><\/p>\n<h3>Besonderer Hinweis zum <a href=\"http:\/\/www.gesetze-im-internet.de\/bundesrecht\/heilmwerbg\/gesamt.pdf\" target=\"_blank\" rel=\"noopener noreferrer\">Heilmittelwerbegesetz <\/a><\/h3>\n<h3>Urheberrecht<\/h3>\n<p>Die durch mich als Seitenbetreiber erstellten Inhalte und Werke auf diesen Seiten unterliegen dem deutschen Urheberrecht. Beitr\u00e4ge Dritter sind als solche gekennzeichnet. Die Vervielf\u00e4ltigung, Bearbeitung, Verbreitung und jede Art der Verwertung au\u00dferhalb der Grenzen des Urheberrechtes bed\u00fcrfen meiner schriftlichen Zustimmung oder\/und der schriftlichen Zustimmung des jeweiligen Autors bzw. Erstellers. Downloads und Kopien dieser Seite sind nur f\u00fcr den privaten, nicht kommerziellen Gebrauch gestattet. Ich bin bem\u00fcht, stets die Urheberrechte anderer zu beachten bzw. auf selbst erstellte sowie lizenzfreie Werke zur\u00fcckzugreifen.<\/p>\n","protected":false},"excerpt":{"rendered":"<p>Impressum: Heilpraktikerin Heike Fischbach, ebenfalls Verantwortliche f\u00fcr den Inhalt nach \u00a755 Abs. 2 RStV im Naturheilzentrum Buchweizenberg Schorberger Str. 4<\/p>\n","protected":false},"author":1,"featured_media":0,"parent":0,"menu_order":5,"comment_status":"closed","ping_status":"closed","template":"","meta":{"footnotes":""},"class_list":["post-40","page","type-page","status-publish","hentry"],"translation":{"provider":"WPGlobus","version":"3.0.2","language":"gb","enabled_languages":["de","gb","es"],"languages":{"de":{"title":true,"content":true,"excerpt":false},"gb":{"title":false,"content":false,"excerpt":false},"es":{"title":false,"content":false,"excerpt":false}}},"_links":{"self":[{"href":"https:\/\/naturheilzentrum-buchweizenberg.de\/gb\/wp-json\/wp\/v2\/pages\/40","targetHints":{"allow":["GET"]}}],"collection":[{"href":"https:\/\/naturheilzentrum-buchweizenberg.de\/gb\/wp-json\/wp\/v2\/pages"}],"about":[{"href":"https:\/\/naturheilzentrum-buchweizenberg.de\/gb\/wp-json\/wp\/v2\/types\/page"}],"author":[{"embeddable":true,"href":"https:\/\/naturheilzentrum-buchweizenberg.de\/gb\/wp-json\/wp\/v2\/users\/1"}],"replies":[{"embeddable":true,"href":"https:\/\/naturheilzentrum-buchweizenberg.de\/gb\/wp-json\/wp\/v2\/comments?post=40"}],"version-history":[{"count":37,"href":"https:\/\/naturheilzentrum-buchweizenberg.de\/gb\/wp-json\/wp\/v2\/pages\/40\/revisions"}],"predecessor-version":[{"id":4298,"href":"https:\/\/naturheilzentrum-buchweizenberg.de\/gb\/wp-json\/wp\/v2\/pages\/40\/revisions\/4298"}],"wp:attachment":[{"href":"https:\/\/naturheilzentrum-buchweizenberg.de\/gb\/wp-json\/wp\/v2\/media?parent=40"}],"curies":[{"name":"wp","href":"https:\/\/api.w.org\/{rel}","templated":true}]}}