{"id":475,"date":"2018-12-09T22:40:11","date_gmt":"2018-12-09T21:40:11","guid":{"rendered":"https:\/\/naturheilzentrum-buchweizenberg.de\/?page_id=475"},"modified":"2019-11-10T14:22:29","modified_gmt":"2019-11-10T13:22:29","slug":"ozon-sauerstoff-therapie","status":"publish","type":"page","link":"https:\/\/naturheilzentrum-buchweizenberg.de\/gb\/therapien\/ozon-sauerstoff-therapie\/","title":{"rendered":"Ozon-Sauerstoff-Therapie"},"content":{"rendered":"<div class=\"gdl-page-item\">\n<div class=\"gdl-page-content\">\n<p>Die Wirkung des Sauerstoffes ist seit jeher bekannt, die des medizinischen OZON seit Anfang letzten Jahrhunderts. Diese segensreichen biologischen Therapien wurden besonders bekannt durch die Pionierarbeiten von Professor von Ardenne.<\/p>\n<p>Sauerstoff kann je nach Problemlage als Inhalation (ionisierter Sauerstoff, Sauerstoff-Mehrschritt-Therapie), \u00fcber den Blutweg ( Ozon-Sauerstoff-Therapie bzw. \u201cgro\u00dfe Blutw\u00e4sche\u201d) oder lokal (Beutel-Begasung z.B. bei \u201coffenen Beinen\u201d) oder mittels Darminsufflation verabreicht werden.<\/p>\n<p>Gl\u00fccklicherweise gibt es auch in diesem Bereich immer mehr Menschen, die diese Therapie nicht nur bei bestehender Krankheit, sondern auch als Vorbeugung einsetzen.<\/p>\n<p>Bei Durchblutungs- bzw. Immunproblemen empfehlen wir die OZON-Therapie. Die Inhalation von ionisiertem Sauerstoff ist besonders bei Schw\u00e4che des Atemtraktes und als allgemeine Vorbeugung eine \u00e4u\u00dferst wirkungsvolle Hilfestellung f\u00fcr den Gesamtorganismus.<br \/>\nZur Vorbeugung ist jeweils eine kurm\u00e4\u00dfige Anwendung von 6 bis 8 Behandlungen pro Jahr sehr effektiv.<\/p>\n<p>In der Wasser-Ozonisierung kennt man au\u00dfer der keimt\u00f6tenden Wirkung auch die ausflockenden, abbauenden Eigenschaften. \u00a0Das hohe Oxidationspotential baut h\u00f6hermolekulare Stoffe oxidativ ab, es entstehen biologisch abbaubare und ausf\u00e4llbare Substanzen. Die bakterien-, viren- und pilzvernichtende Wirkung kommt im feuchten Medium am st\u00e4rksten zur Wirkung. Ozon hat eine 1000-fach st\u00e4rkere keimt\u00f6tende Wirkung als Chlor.<\/p>\n<p><u>Hauptwirkungen und Eigenschaften die man dem Ozon zuschreibt<br \/>\n<\/u><\/p>\n<p>-Die Sauerstoffversorgung wird erheblich verbessert.<\/p>\n<p>-Das Flie\u00dfverhalten des Blutes wird ma\u00dfgeblich ver\u00e4ndert.<\/p>\n<p>-Die Verformbarkeit und Beweglichkeit der Erythrozyten wird gr\u00f6\u00dfer.<\/p>\n<p>-Das Blut wird kapillarg\u00e4ngiger, dadurch gesteigerte oder \u00fcberhaupt m\u00f6gliche Durchblutung.<\/p>\n<p>-Im Blut reagiert Ozon mit verschiedensten chemischen\u00a0 Verbindungen, insbesondere unges\u00e4ttigten Fetts\u00e4uren.<\/p>\n<p>-Entz\u00fcndungshemmend<\/p>\n<p>-Ozon aktiviert den Zellstoffwechsel, insbesondere den Glycose-Stoffwechsel. Die Verbrennung ist besser, es gibt weniger Schlackenstoffe.<\/p>\n<p>-Ozon aktiviert den Fettstoffwechsel (baut Cholesterin, Triglyceride u. Phosphlipide im Blut st\u00e4rker ab)<\/p>\n<p>-Ozon baut Harns\u00e4ure im Blut ab und wirkt so bei Gicht und Nierensteinen. Die Ablagerungen in den Gef\u00e4\u00dfen werden erheblich reduziert.<\/p>\n<p>-Ozon oxydiert nicht abbaubare Substanzen zu abbaubaren Spaltprodukten.<\/p>\n<p>-Ozon lenkt die Immunlage.<\/p>\n<p>-Verbesserung der Zellatmung bei fortgeschrittener Arteriosklerose.<\/p>\n<p>-Bakterizid, viruzid, fungizid<\/p>\n<p>-Ozon verz\u00f6gert den Alterungsproze\u00df<\/p>\n<p>-Wirkt toxisch auf das Lungenepithel, daher unter Umgehung der Atemwege zu verabreichen.<\/p>\n<p>F\u00fcr Heilpraktiker und \u00c4rzte, die diese wundersch\u00f6ne Therapie anwenden m\u00f6chten, sei auf das Buch \u201cEs geht um eine Zukunft ohne Krebs\u201d (Jean-Claude Alix, Spurbuch-Verlag) hingewiesen in welchem eine spezielle Form der Ozon-Therapie-Methode im Detail beschrieben ist.<\/p>\n<p>Im Naturheilzentrum Buchweizenberg wird die Therapie mit Ozon selbstverst\u00e4ndlich gem\u00e4\u00df der aktuellen Rechtslage lege artis und sicher angewendet.<\/p>\n<\/div>\n<\/div>\n<div class=\"col-lg-12 col-md-12 \">\n<div class=\"message-box-wrapper blue\">\n<div class=\"message-box-content\">\n<p style=\"text-align: center;\">\n<\/div>\n<\/div>\n<\/div>\n","protected":false},"excerpt":{"rendered":"<p>Die Wirkung des Sauerstoffes ist seit jeher bekannt, die des medizinischen OZON seit Anfang letzten Jahrhunderts. Diese segensreichen biologischen Therapien<\/p>\n","protected":false},"author":1,"featured_media":0,"parent":15,"menu_order":2120,"comment_status":"closed","ping_status":"closed","template":"","meta":{"footnotes":""},"class_list":["post-475","page","type-page","status-publish","hentry"],"translation":{"provider":"WPGlobus","version":"3.0.2","language":"gb","enabled_languages":["de","gb","es"],"languages":{"de":{"title":true,"content":true,"excerpt":false},"gb":{"title":false,"content":false,"excerpt":false},"es":{"title":false,"content":false,"excerpt":false}}},"_links":{"self":[{"href":"https:\/\/naturheilzentrum-buchweizenberg.de\/gb\/wp-json\/wp\/v2\/pages\/475","targetHints":{"allow":["GET"]}}],"collection":[{"href":"https:\/\/naturheilzentrum-buchweizenberg.de\/gb\/wp-json\/wp\/v2\/pages"}],"about":[{"href":"https:\/\/naturheilzentrum-buchweizenberg.de\/gb\/wp-json\/wp\/v2\/types\/page"}],"author":[{"embeddable":true,"href":"https:\/\/naturheilzentrum-buchweizenberg.de\/gb\/wp-json\/wp\/v2\/users\/1"}],"replies":[{"embeddable":true,"href":"https:\/\/naturheilzentrum-buchweizenberg.de\/gb\/wp-json\/wp\/v2\/comments?post=475"}],"version-history":[{"count":6,"href":"https:\/\/naturheilzentrum-buchweizenberg.de\/gb\/wp-json\/wp\/v2\/pages\/475\/revisions"}],"predecessor-version":[{"id":2669,"href":"https:\/\/naturheilzentrum-buchweizenberg.de\/gb\/wp-json\/wp\/v2\/pages\/475\/revisions\/2669"}],"up":[{"embeddable":true,"href":"https:\/\/naturheilzentrum-buchweizenberg.de\/gb\/wp-json\/wp\/v2\/pages\/15"}],"wp:attachment":[{"href":"https:\/\/naturheilzentrum-buchweizenberg.de\/gb\/wp-json\/wp\/v2\/media?parent=475"}],"curies":[{"name":"wp","href":"https:\/\/api.w.org\/{rel}","templated":true}]}}