{"id":577,"date":"2018-12-16T19:48:35","date_gmt":"2018-12-16T18:48:35","guid":{"rendered":"https:\/\/naturheilzentrum-buchweizenberg.de\/?page_id=577"},"modified":"2019-04-22T14:43:31","modified_gmt":"2019-04-22T12:43:31","slug":"chiropraktik","status":"publish","type":"page","link":"https:\/\/naturheilzentrum-buchweizenberg.de\/gb\/partner\/therapeuten\/chiropraktik\/","title":{"rendered":"Therapeuten &#8211; Chiropraktik"},"content":{"rendered":"<h2>Sanfte Chiropraktik nach der Buchweizenberg-Methode<\/h2>\n<p>Alle Kolleginnen und Kollegen auf diese Liste haben mindestens eine Ausbildung im Hause Buchweizenberg erfolgreich absolviert.<\/p>\n<p>Nachfolgend finden Sie Therapeutinnen und Therapeuten in Ihrer N\u00e4he f\u00fcr alle Probleme der Wirbels\u00e4ule, des Beckens und der Gelenke.<\/p>\n<p>Jean-Claude Alix<\/p>\n<p>Alle aufgelisteten Kollegen\/Kolleginnen haben uns ihre Einwilligung gem\u00e4\u00df DSGVO 25. Mai 2018 gegeben<\/p>\n<p>Diese Einwilligung kann nat\u00fcrlich jederzeit m\u00fcndlich oder schriftlich widerrufen werden. Der Widerruf ist zu richten an: Naturheilzentrum Buchweizenberg, Buchweizenberg 32, 42699 SOLINGEN oder per E-Mail an <a href=\"mailto:info@naturheilzentrum-buchweizenberg.de\">info@naturheilzentrum-buchweizenberg.de<\/a><\/p>\n\n<table id=\"tablepress-1\" class=\"tablepress tablepress-id-1\">\n<thead>\n<tr class=\"row-1\">\n\t<th class=\"column-1\">Name<\/th><th class=\"column-2\">Anschrift<\/th><th class=\"column-3\">Land<\/th><th class=\"column-4\">PLZ<\/th><th class=\"column-5\">Ort<\/th><th class=\"column-6\">Telefon<\/th><th class=\"column-7\">E-Mail<\/th><th class=\"column-8\">Webseite<\/th>\n<\/tr>\n<\/thead>\n<tbody class=\"row-striping row-hover\">\n<tr class=\"row-2\">\n\t<td class=\"column-1\">Schlosser Jorg<\/td><td class=\"column-2\">Wernsdorfer Str. 16<\/td><td class=\"column-3\">D<\/td><td class=\"column-4\">08371<\/td><td class=\"column-5\">Glauchau<\/td><td class=\"column-6\">03763 717708<\/td><td class=\"column-7\">mail@physiotherapie-schlosser-glauchau.de<\/td><td class=\"column-8\">https:\/\/www.physiotherapie-schlosser-glauchau.de<\/td>\n<\/tr>\n<tr class=\"row-3\">\n\t<td class=\"column-1\">Geidel-Peck Karla<\/td><td class=\"column-2\">Feldfichten 48<\/td><td class=\"column-3\">D<\/td><td class=\"column-4\">14532<\/td><td class=\"column-5\">Kleinmachnow<\/td><td class=\"column-6\">0178-5516223<\/td><td class=\"column-7\">empfang@naturheilpraxis-in-kleinmachnow.de<\/td><td class=\"column-8\">http:\/\/www.naturheilpraxis-in-kleinmachnow.de<\/td>\n<\/tr>\n<tr class=\"row-4\">\n\t<td class=\"column-1\">Grossmann Brigitte<\/td><td class=\"column-2\">Basdorferstr. 33<\/td><td class=\"column-3\">D<\/td><td class=\"column-4\">16321<\/td><td class=\"column-5\">Bernau<\/td><td class=\"column-6\">0151-1740-1746<\/td><td class=\"column-7\">brigitte-grossmann@gmx.de<\/td><td class=\"column-8\">http:\/\/www.brigitte-grossmann.de<\/td>\n<\/tr>\n<tr class=\"row-5\">\n\t<td class=\"column-1\">K\u00f6ster Dagmar<\/td><td class=\"column-2\">Norderstr. 83<\/td><td class=\"column-3\">D<\/td><td class=\"column-4\">24939<\/td><td class=\"column-5\">Flensburg<\/td><td class=\"column-6\">0461-6609339<\/td><td class=\"column-7\">hp-dagmarkoester@gmx.de<\/td><td class=\"column-8\">http:\/\/www.dagmar-koester.de<\/td>\n<\/tr>\n<tr class=\"row-6\">\n\t<td class=\"column-1\">Stephanie Nasenberg-Gonsen<\/td><td class=\"column-2\">Kuhlacker 7<\/td><td class=\"column-3\">D<\/td><td class=\"column-4\">24994<\/td><td class=\"column-5\">Medelby<\/td><td class=\"column-6\">04605-188877<\/td><td class=\"column-7\">info@naturheilpraxis-medelby.de<\/td><td class=\"column-8\">http:\/\/www.naturheilpraxis-medelby.de<\/td>\n<\/tr>\n<tr class=\"row-7\">\n\t<td class=\"column-1\">Franziska Neuenroth<\/td><td class=\"column-2\">Dorfstr. 5b<\/td><td class=\"column-3\">D<\/td><td class=\"column-4\">37318<\/td><td class=\"column-5\">Asbach<\/td><td class=\"column-6\">036087-97856<\/td><td class=\"column-7\">franziska.neuenroth@googlemail.com<\/td><td class=\"column-8\">http:\/\/www.hp-neuenroth.de<\/td>\n<\/tr>\n<tr class=\"row-8\">\n\t<td class=\"column-1\">Vorbau-Konzak Heike<\/td><td class=\"column-2\">K\u00fchlwetterstr. 53<\/td><td class=\"column-3\">D<\/td><td class=\"column-4\">40239<\/td><td class=\"column-5\">D\u00fcsseldorf<\/td><td class=\"column-6\">0211-41652353<\/td><td class=\"column-7\">info@duesseldorf-heilpraktikerin.de<\/td><td class=\"column-8\">http:\/\/www.duesseldorf-heilpraktikerin.de<\/td>\n<\/tr>\n<tr class=\"row-9\">\n\t<td class=\"column-1\">Marina Gr\u00f6pper<\/td><td class=\"column-2\">Kreiersiepen 2<\/td><td class=\"column-3\">D<\/td><td class=\"column-4\">42555<\/td><td class=\"column-5\">Velbert-Langenberg<\/td><td class=\"column-6\">02052-926275<\/td><td class=\"column-7\">maringroepper@t-online.de<\/td><td class=\"column-8\">http:\/\/www.maringroepper.de<\/td>\n<\/tr>\n<tr class=\"row-10\">\n\t<td class=\"column-1\">Columbus Mike<\/td><td class=\"column-2\">Gl\u00fcck-Auf-Str. 21<\/td><td class=\"column-3\">D<\/td><td class=\"column-4\">46284<\/td><td class=\"column-5\">Dorsten<\/td><td class=\"column-6\">02362-793026<\/td><td class=\"column-7\">praxiscolumbus@gmail.com<\/td><td class=\"column-8\">https:\/\/www.naturheilpraxis-columbus.de\/<\/td>\n<\/tr>\n<tr class=\"row-11\">\n\t<td class=\"column-1\">Anette Lehnigk<\/td><td class=\"column-2\">Friesenstr. 50<\/td><td class=\"column-3\">D<\/td><td class=\"column-4\">50670<\/td><td class=\"column-5\">K\u00f6ln<\/td><td class=\"column-6\">0221-29499297 0171-7048585<\/td><td class=\"column-7\">info@heilpraktiker-lehnigk.de<\/td><td class=\"column-8\">www.heilpraktiker-lehnigk.de<\/td>\n<\/tr>\n<tr class=\"row-12\">\n\t<td class=\"column-1\">Martina Schmelzer<\/td><td class=\"column-2\">Hauptstr. 389<\/td><td class=\"column-3\">D<\/td><td class=\"column-4\">51143<\/td><td class=\"column-5\">K\u00f6ln<\/td><td class=\"column-6\">0162-2635125<\/td><td class=\"column-7\">info-martinaschmelzer@t-online.de<\/td><td class=\"column-8\"><\/td>\n<\/tr>\n<tr class=\"row-13\">\n\t<td class=\"column-1\">Hommes Erika<\/td><td class=\"column-2\">Wildrosenweg 22<\/td><td class=\"column-3\">D<\/td><td class=\"column-4\">54550<\/td><td class=\"column-5\">Daun<\/td><td class=\"column-6\">06592-985678<\/td><td class=\"column-7\">erika_hommes@web.de<\/td><td class=\"column-8\"><\/td>\n<\/tr>\n<tr class=\"row-14\">\n\t<td class=\"column-1\">Eckers Petra<\/td><td class=\"column-2\">Hubertusstra\u00dfe 10<\/td><td class=\"column-3\">D<\/td><td class=\"column-4\">54636<\/td><td class=\"column-5\">Dahlem<\/td><td class=\"column-6\">06562-931211<\/td><td class=\"column-7\">info@naturheilpraxis-eckers.de<\/td><td class=\"column-8\">www.naturheilpraxis-eckers.de<\/td>\n<\/tr>\n<tr class=\"row-15\">\n\t<td class=\"column-1\">Langer Kerstin<\/td><td class=\"column-2\">Heinzenbacher Str. 9<\/td><td class=\"column-3\">D<\/td><td class=\"column-4\">55471<\/td><td class=\"column-5\">Biebern<\/td><td class=\"column-6\">06761-9196470<\/td><td class=\"column-7\">physiotherapie.langer@gmail.com<\/td><td class=\"column-8\"><\/td>\n<\/tr>\n<tr class=\"row-16\">\n\t<td class=\"column-1\">Jungbluth Angela<\/td><td class=\"column-2\">Oberstweiler 2<\/td><td class=\"column-3\">D<\/td><td class=\"column-4\">55743<\/td><td class=\"column-5\">Idar-Oberstein<\/td><td class=\"column-6\">06781-981818<\/td><td class=\"column-7\">info@physio-care.de<\/td><td class=\"column-8\">http:\/\/physio-care-de<\/td>\n<\/tr>\n<tr class=\"row-17\">\n\t<td class=\"column-1\">Christine M. Amrhein<\/td><td class=\"column-2\">Oberstr. 151<\/td><td class=\"column-3\">D<\/td><td class=\"column-4\">56154<\/td><td class=\"column-5\">Boppard<\/td><td class=\"column-6\">0160-96 40 11 37<\/td><td class=\"column-7\">hp-amrhein@t-online.de<\/td><td class=\"column-8\"><\/td>\n<\/tr>\n<tr class=\"row-18\">\n\t<td class=\"column-1\">Boos-Schuth Heike<\/td><td class=\"column-2\">M\u00fchlbergweg 17<\/td><td class=\"column-3\">D<\/td><td class=\"column-4\">61137<\/td><td class=\"column-5\">Sch\u00f6neck<\/td><td class=\"column-6\">06187-4191358<\/td><td class=\"column-7\">info@naturheilpraxis-energie.de<\/td><td class=\"column-8\">http:\/\/naturheilpraxis-energie.de<\/td>\n<\/tr>\n<tr class=\"row-19\">\n\t<td class=\"column-1\">Ballmann-Tack Andrea<\/td><td class=\"column-2\">Galgenfeld 40 a<\/td><td class=\"column-3\">D<\/td><td class=\"column-4\">61389<\/td><td class=\"column-5\">Schmitten<\/td><td class=\"column-6\">06084-9020<\/td><td class=\"column-7\">a.ballmann-tack@web.de<\/td><td class=\"column-8\">http:\/\/naturheilpraxis-ballmann-tack.de<\/td>\n<\/tr>\n<tr class=\"row-20\">\n\t<td class=\"column-1\">Palberg Anke<\/td><td class=\"column-2\">Ringstr. 13<\/td><td class=\"column-3\">D<\/td><td class=\"column-4\">64832<\/td><td class=\"column-5\">Babenhausen<\/td><td class=\"column-6\">06073-7258517<\/td><td class=\"column-7\">anke.palberg@gmail.com<\/td><td class=\"column-8\">http:\/\/www.praxis.palberg.eu<\/td>\n<\/tr>\n<tr class=\"row-21\">\n\t<td class=\"column-1\">Wei\u00df Achim<\/td><td class=\"column-2\">Johannisbergstr. 8<\/td><td class=\"column-3\">D<\/td><td class=\"column-4\">65719<\/td><td class=\"column-5\">Hofheim<\/td><td class=\"column-6\">0176-74718556<\/td><td class=\"column-7\">info@hp-weiss.de<\/td><td class=\"column-8\">http:\/\/www.hp-weiss.de<\/td>\n<\/tr>\n<tr class=\"row-22\">\n\t<td class=\"column-1\">H\u00e4ffner Kirsten Maria<\/td><td class=\"column-2\">Sandhofer Stra\u00dfe 275<\/td><td class=\"column-3\">D<\/td><td class=\"column-4\">68307<\/td><td class=\"column-5\">Mannheim<\/td><td class=\"column-6\">0621-76089916<\/td><td class=\"column-7\">ki@kmh-heilpraxis.de<\/td><td class=\"column-8\">www.kmh-heilpraxis.de<\/td>\n<\/tr>\n<tr class=\"row-23\">\n\t<td class=\"column-1\">Richartz Sabine<\/td><td class=\"column-2\">Augsburgerstr. 670<\/td><td class=\"column-3\">D<\/td><td class=\"column-4\">70329<\/td><td class=\"column-5\">Stuttgart<\/td><td class=\"column-6\">0711-93342621<\/td><td class=\"column-7\">info@hp-stuttgart.de<\/td><td class=\"column-8\">http:\/\/www.hp-stuttgart.de<\/td>\n<\/tr>\n<tr class=\"row-24\">\n\t<td class=\"column-1\">Wei\u00df Achim<\/td><td class=\"column-2\">Eisenbahnstr. 2<\/td><td class=\"column-3\">D<\/td><td class=\"column-4\">70794<\/td><td class=\"column-5\">Filderstadt<\/td><td class=\"column-6\">0176-74718556<\/td><td class=\"column-7\">info@hp-weiss.de<\/td><td class=\"column-8\">http:\/\/www.hp-weiss.de<\/td>\n<\/tr>\n<tr class=\"row-25\">\n\t<td class=\"column-1\">Komm Claudia<\/td><td class=\"column-2\">Kirchbachweg 10<\/td><td class=\"column-3\">D<\/td><td class=\"column-4\">79295<\/td><td class=\"column-5\">Sulzburg<\/td><td class=\"column-6\">07634-592645<\/td><td class=\"column-7\">info@lebensenergie-komm.de<\/td><td class=\"column-8\">http:\/\/www.lebensenergie-komm.de<\/td>\n<\/tr>\n<tr class=\"row-26\">\n\t<td class=\"column-1\">Normann Marcell<\/td><td class=\"column-2\">Markdorfer Str. 22<\/td><td class=\"column-3\">D<\/td><td class=\"column-4\">88682<\/td><td class=\"column-5\">Salem<\/td><td class=\"column-6\">07553\/6565<\/td><td class=\"column-7\">marcell.normann@gmx.de<\/td><td class=\"column-8\">http:\/\/www.physio-normann.de<\/td>\n<\/tr>\n<tr class=\"row-27\">\n\t<td class=\"column-1\">Rommet Susanne<\/td><td class=\"column-2\">Maximilianstr. 3<\/td><td class=\"column-3\">D<\/td><td class=\"column-4\">93047<\/td><td class=\"column-5\">Regensburg<\/td><td class=\"column-6\">0941-5 86 25 37<\/td><td class=\"column-7\">rommet@lebens-form.de<\/td><td class=\"column-8\">http:\/\/www.heilpraktiker-regensburg-rommet.de<\/td>\n<\/tr>\n<tr class=\"row-28\">\n\t<td class=\"column-1\">Schreiner Ruth<\/td><td class=\"column-2\">Poststra\u00dfe 12<\/td><td class=\"column-3\">D<\/td><td class=\"column-4\">94568<\/td><td class=\"column-5\">St. Oswald<\/td><td class=\"column-6\">08552-91400<\/td><td class=\"column-7\">ruth.schreiner@t-online.de<\/td><td class=\"column-8\"><\/td>\n<\/tr>\n<\/tbody>\n<\/table>\n<!-- #tablepress-1 from cache -->\n","protected":false},"excerpt":{"rendered":"<p>Sanfte Chiropraktik nach der Buchweizenberg-Methode Alle Kolleginnen und Kollegen auf diese Liste haben mindestens eine Ausbildung im Hause Buchweizenberg erfolgreich<\/p>\n","protected":false},"author":1,"featured_media":0,"parent":574,"menu_order":4210,"comment_status":"closed","ping_status":"closed","template":"template-fullwidth.php","meta":{"footnotes":""},"class_list":["post-577","page","type-page","status-publish","hentry"],"translation":{"provider":"WPGlobus","version":"3.0.2","language":"gb","enabled_languages":["de","gb","es"],"languages":{"de":{"title":true,"content":true,"excerpt":false},"gb":{"title":false,"content":false,"excerpt":false},"es":{"title":false,"content":false,"excerpt":false}}},"_links":{"self":[{"href":"https:\/\/naturheilzentrum-buchweizenberg.de\/gb\/wp-json\/wp\/v2\/pages\/577","targetHints":{"allow":["GET"]}}],"collection":[{"href":"https:\/\/naturheilzentrum-buchweizenberg.de\/gb\/wp-json\/wp\/v2\/pages"}],"about":[{"href":"https:\/\/naturheilzentrum-buchweizenberg.de\/gb\/wp-json\/wp\/v2\/types\/page"}],"author":[{"embeddable":true,"href":"https:\/\/naturheilzentrum-buchweizenberg.de\/gb\/wp-json\/wp\/v2\/users\/1"}],"replies":[{"embeddable":true,"href":"https:\/\/naturheilzentrum-buchweizenberg.de\/gb\/wp-json\/wp\/v2\/comments?post=577"}],"version-history":[{"count":9,"href":"https:\/\/naturheilzentrum-buchweizenberg.de\/gb\/wp-json\/wp\/v2\/pages\/577\/revisions"}],"predecessor-version":[{"id":2556,"href":"https:\/\/naturheilzentrum-buchweizenberg.de\/gb\/wp-json\/wp\/v2\/pages\/577\/revisions\/2556"}],"up":[{"embeddable":true,"href":"https:\/\/naturheilzentrum-buchweizenberg.de\/gb\/wp-json\/wp\/v2\/pages\/574"}],"wp:attachment":[{"href":"https:\/\/naturheilzentrum-buchweizenberg.de\/gb\/wp-json\/wp\/v2\/media?parent=577"}],"curies":[{"name":"wp","href":"https:\/\/api.w.org\/{rel}","templated":true}]}}