{"id":652,"date":"2018-12-30T15:28:03","date_gmt":"2018-12-30T14:28:03","guid":{"rendered":"https:\/\/naturheilzentrum-buchweizenberg.de\/?page_id=652"},"modified":"2019-01-12T18:02:40","modified_gmt":"2019-01-12T17:02:40","slug":"silke-rathert","status":"publish","type":"page","link":"https:\/\/naturheilzentrum-buchweizenberg.de\/gb\/unser-team\/silke-rathert\/","title":{"rendered":"Silke Rathert"},"content":{"rendered":"<div class=\"single-port-thumbnail-image mt10\"><\/div>\n<div class=\"clear\"><a href=\"https:\/\/naturheilzentrum-buchweizenberg.de\/wp-content\/uploads\/2019\/01\/Silke-2019-neu.jpg\"><img loading=\"lazy\" decoding=\"async\" class=\"alignnone size-medium wp-image-1045\" src=\"https:\/\/naturheilzentrum-buchweizenberg.de\/wp-content\/uploads\/2019\/01\/Silke-2019-neu-300x200.jpg\" alt=\"\" width=\"300\" height=\"200\" srcset=\"https:\/\/naturheilzentrum-buchweizenberg.de\/wp-content\/uploads\/2019\/01\/Silke-2019-neu-300x200.jpg 300w, https:\/\/naturheilzentrum-buchweizenberg.de\/wp-content\/uploads\/2019\/01\/Silke-2019-neu-768x512.jpg 768w, https:\/\/naturheilzentrum-buchweizenberg.de\/wp-content\/uploads\/2019\/01\/Silke-2019-neu-1024x683.jpg 1024w, https:\/\/naturheilzentrum-buchweizenberg.de\/wp-content\/uploads\/2019\/01\/Silke-2019-neu-120x80.jpg 120w\" sizes=\"auto, (max-width: 300px) 100vw, 300px\" \/><\/a><\/div>\n<div class=\"single-port-content\">\n<p><strong>Heilpraktikerin<\/strong> (Pr\u00fcfung am Gesundheitsamt Minden im Jahr 2000)<\/p>\n<p><strong>Dozentin<\/strong> f\u00fcr Naturheilverfahren und Heilpraktiker -Aus -und Weiterbildung seit 2004<\/p>\n<p>Ich habe im Jahr 2004 f\u00fcr mehrere Monate mit Begeisterung bei Jean-Claude Alix assistiert und bin dann 2005 als Therapeutin an den Buchweizenberg gekommen. Neben meiner T\u00e4tigkeit in der eigenen Heilpraktiker- Praxis in Neuss (<a href=\"http:\/\/www.hp-rathert.de\">www.hp-rathert.de<\/a> ), arbeite ich seitdem regelm\u00e4\u00dfig montags und freitags im Naturheilzentrum Buchweizenberg.<\/p>\n<p>Die Schwerpunkte meiner Arbeit sind:<\/p>\n<p>Beratungen, Colon-Hydrotherapie, Heilpflanzenkunde, Aromatherapie, Aromatogramm, Infusionen, Aderlass nach Hildegard von Bingen, Spagyrik, Time-Waver-Anwendung<\/p>\n<p>In der Buchweizenberg Schule unterrichte ich im Rahmen der Heilpraktiker-Ausbildung, und gemeinsam mit Herrn Alix und Team, den Stoffwechsel Kurs I\/II.<\/p>\n<p>Ich freue mich, schon so viele Jahre, Teil von diesem Ort f\u00fcr Naturheilkunde und diesem Team zu sein, und bin Jean-Claude Alix f\u00fcr die Erschaffung des Naturheilzentrums dankbar. Es ist gro\u00dfartig, dass das Naturheilzentrum Buchweizenberg durch Heike Fischbach erhalten bleibt.<\/p>\n<p><span class=\"xr_s4\"><span class=\"xr_tl\">Kommentar von Jean-Claude Alix: <\/span><\/span><\/p>\n<p><span class=\"xr_s4\"><span class=\"xr_tl\">Silke Rathert besitzt ein sehr feines Gef\u00fchl f\u00fcr die Vorg\u00e4nge im Stoffwechsel. Es ist <\/span> <span class=\"xr_tl\">eine seltene Gabe und ich freue mich sie in \u201cmeinem\u201d Naturheilzentrum als Kollegin zu haben. Sie ist eine Bereicherung <\/span> <span class=\"xr_tl\">f\u00fcr unser Haus.<\/span><\/span><\/p>\n<\/div>\n","protected":false},"excerpt":{"rendered":"<p>Heilpraktikerin (Pr\u00fcfung am Gesundheitsamt Minden im Jahr 2000) Dozentin f\u00fcr Naturheilverfahren und Heilpraktiker -Aus -und Weiterbildung seit 2004 Ich habe<\/p>\n","protected":false},"author":1,"featured_media":0,"parent":369,"menu_order":1070,"comment_status":"closed","ping_status":"closed","template":"","meta":{"footnotes":""},"class_list":["post-652","page","type-page","status-publish","hentry"],"translation":{"provider":"WPGlobus","version":"3.0.2","language":"gb","enabled_languages":["de","gb","es"],"languages":{"de":{"title":true,"content":true,"excerpt":false},"gb":{"title":false,"content":false,"excerpt":false},"es":{"title":false,"content":false,"excerpt":false}}},"_links":{"self":[{"href":"https:\/\/naturheilzentrum-buchweizenberg.de\/gb\/wp-json\/wp\/v2\/pages\/652","targetHints":{"allow":["GET"]}}],"collection":[{"href":"https:\/\/naturheilzentrum-buchweizenberg.de\/gb\/wp-json\/wp\/v2\/pages"}],"about":[{"href":"https:\/\/naturheilzentrum-buchweizenberg.de\/gb\/wp-json\/wp\/v2\/types\/page"}],"author":[{"embeddable":true,"href":"https:\/\/naturheilzentrum-buchweizenberg.de\/gb\/wp-json\/wp\/v2\/users\/1"}],"replies":[{"embeddable":true,"href":"https:\/\/naturheilzentrum-buchweizenberg.de\/gb\/wp-json\/wp\/v2\/comments?post=652"}],"version-history":[{"count":6,"href":"https:\/\/naturheilzentrum-buchweizenberg.de\/gb\/wp-json\/wp\/v2\/pages\/652\/revisions"}],"predecessor-version":[{"id":2256,"href":"https:\/\/naturheilzentrum-buchweizenberg.de\/gb\/wp-json\/wp\/v2\/pages\/652\/revisions\/2256"}],"up":[{"embeddable":true,"href":"https:\/\/naturheilzentrum-buchweizenberg.de\/gb\/wp-json\/wp\/v2\/pages\/369"}],"wp:attachment":[{"href":"https:\/\/naturheilzentrum-buchweizenberg.de\/gb\/wp-json\/wp\/v2\/media?parent=652"}],"curies":[{"name":"wp","href":"https:\/\/api.w.org\/{rel}","templated":true}]}}