{"id":661,"date":"2018-12-30T15:29:43","date_gmt":"2018-12-30T14:29:43","guid":{"rendered":"https:\/\/naturheilzentrum-buchweizenberg.de\/?page_id=661"},"modified":"2019-07-29T10:16:19","modified_gmt":"2019-07-29T08:16:19","slug":"markus-philipp","status":"publish","type":"page","link":"https:\/\/naturheilzentrum-buchweizenberg.de\/gb\/unser-team\/markus-philipp\/","title":{"rendered":"Markus Philipp"},"content":{"rendered":"<div class=\"single-port-thumbnail-image mt10\"><a href=\"https:\/\/naturheilzentrum-buchweizenberg.de\/wp-content\/uploads\/2019\/02\/Markus.jpg\"><img loading=\"lazy\" decoding=\"async\" class=\"alignnone size-full wp-image-1749\" src=\"https:\/\/naturheilzentrum-buchweizenberg.de\/wp-content\/uploads\/2019\/02\/Markus.jpg\" alt=\"\" width=\"200\" height=\"195\" \/><\/a><\/div>\n<div class=\"clear\"><\/div>\n<div class=\"single-port-content\">\n<p><strong>Ausbildung in:<\/strong><br \/>\nAkupunktur<br \/>\nchinesischer und europ\u00e4ischer Phytotherapie<br \/>\nTuinamassage<\/p>\n<p><strong>Chirotherapie Methode Buchweizenberg<\/strong><\/p>\n<p>Nachdem ich meine Grundausbildung zum Heilpraktiker 2000 in Solingen absolvierte und mich in verschiedenen Lehrg\u00e4ngen auf die traditionelle chinesische Medizin mit Akupunktur, Schr\u00f6pfen und der Phytotherapie spezialisierte, lernte ich schlie\u00dflich die Tuinamassage kennen und praktiziere diese seitdem besonders in Betrieben.<\/p>\n<p>Seit 2014 erg\u00e4nze ich das Team Buchweizenberg und f\u00fchre dort die Chiropraktik nach der hauseigenen Methode durch.<\/p>\n<p>Beide Therapien, Chirotherapie und Tuinamassage, sind nach meinen Erfahrungen bestens dazu geeignet, muskul\u00e4re Verspannungen zu l\u00f6sen und die K\u00f6rperstatik zu justieren um schiefe Haltungsmuster wieder ins \u201eLot\u201c zu bringen.<br \/>\nWenn man Schmerzen als Warnsignal einer \u00dcberlastung des K\u00f6rpers versteht, erkennt man die M\u00f6glichkeit, mit dieser manuellen Arbeit auf einfache und effektive Weise punktuelle \u00dcberlastungen zu beheben um akute sowie chronische Schmerzen des Bewegungsapparates zu behandeln.<\/p>\n<p>Im Naturheilzentrum Buchweizenberg besteht idealer Weise die M\u00f6glichkeit verschiedenste Therapien zu den vielf\u00e4ltigen Beschwerden von spezialisierten Kollegen in Anspruch zu nehmen und damit einen individuellen Weg zur Gesundheit zu finden.<\/p>\n<p>Gerne begleite ich Sie einen Teil auf diesem Wege.<\/p>\n<\/div>\n","protected":false},"excerpt":{"rendered":"<p>Ausbildung in: Akupunktur chinesischer und europ\u00e4ischer Phytotherapie Tuinamassage Chirotherapie Methode Buchweizenberg Nachdem ich meine Grundausbildung zum Heilpraktiker 2000 in Solingen<\/p>\n","protected":false},"author":1,"featured_media":0,"parent":369,"menu_order":1060,"comment_status":"closed","ping_status":"closed","template":"","meta":{"footnotes":""},"class_list":["post-661","page","type-page","status-publish","hentry"],"translation":{"provider":"WPGlobus","version":"3.0.2","language":"gb","enabled_languages":["de","gb","es"],"languages":{"de":{"title":true,"content":true,"excerpt":false},"gb":{"title":false,"content":false,"excerpt":false},"es":{"title":false,"content":false,"excerpt":false}}},"_links":{"self":[{"href":"https:\/\/naturheilzentrum-buchweizenberg.de\/gb\/wp-json\/wp\/v2\/pages\/661","targetHints":{"allow":["GET"]}}],"collection":[{"href":"https:\/\/naturheilzentrum-buchweizenberg.de\/gb\/wp-json\/wp\/v2\/pages"}],"about":[{"href":"https:\/\/naturheilzentrum-buchweizenberg.de\/gb\/wp-json\/wp\/v2\/types\/page"}],"author":[{"embeddable":true,"href":"https:\/\/naturheilzentrum-buchweizenberg.de\/gb\/wp-json\/wp\/v2\/users\/1"}],"replies":[{"embeddable":true,"href":"https:\/\/naturheilzentrum-buchweizenberg.de\/gb\/wp-json\/wp\/v2\/comments?post=661"}],"version-history":[{"count":6,"href":"https:\/\/naturheilzentrum-buchweizenberg.de\/gb\/wp-json\/wp\/v2\/pages\/661\/revisions"}],"predecessor-version":[{"id":2457,"href":"https:\/\/naturheilzentrum-buchweizenberg.de\/gb\/wp-json\/wp\/v2\/pages\/661\/revisions\/2457"}],"up":[{"embeddable":true,"href":"https:\/\/naturheilzentrum-buchweizenberg.de\/gb\/wp-json\/wp\/v2\/pages\/369"}],"wp:attachment":[{"href":"https:\/\/naturheilzentrum-buchweizenberg.de\/gb\/wp-json\/wp\/v2\/media?parent=661"}],"curies":[{"name":"wp","href":"https:\/\/api.w.org\/{rel}","templated":true}]}}