{"id":695,"date":"2018-12-30T15:54:33","date_gmt":"2018-12-30T14:54:33","guid":{"rendered":"https:\/\/naturheilzentrum-buchweizenberg.de\/?page_id=695"},"modified":"2019-02-07T14:02:51","modified_gmt":"2019-02-07T13:02:51","slug":"iris-muench","status":"publish","type":"page","link":"https:\/\/naturheilzentrum-buchweizenberg.de\/gb\/unser-team\/iris-muench\/","title":{"rendered":"Iris M\u00fcnch"},"content":{"rendered":"<p><img loading=\"lazy\" decoding=\"async\" class=\"wp-image-1203 alignleft\" src=\"https:\/\/naturheilzentrum-buchweizenberg.de\/wp-content\/uploads\/2019\/02\/IMG-20190131-WA0000.jpg\" alt=\"\" width=\"179\" height=\"272\" srcset=\"https:\/\/naturheilzentrum-buchweizenberg.de\/wp-content\/uploads\/2019\/02\/IMG-20190131-WA0000.jpg 758w, https:\/\/naturheilzentrum-buchweizenberg.de\/wp-content\/uploads\/2019\/02\/IMG-20190131-WA0000-197x300.jpg 197w, https:\/\/naturheilzentrum-buchweizenberg.de\/wp-content\/uploads\/2019\/02\/IMG-20190131-WA0000-674x1024.jpg 674w\" sizes=\"auto, (max-width: 179px) 100vw, 179px\" \/><\/p>\n<p>In den letzten 16 Jahren habe ich in einer ganz anderen Branche gearbeitet. Ich freue mich darauf, ab dem 01.03.2019 den Bereich Empfang von Frau Schiefer zu \u00fcbernehmen und das Team tatkr\u00e4ftig zu unterst\u00fctzen. Ich werde in der Zeit zwischen 8:15 und 12:00 Uhr f\u00fcr Sie da sein.<\/p>\n<p>Sie k\u00f6nnen sich gerne mit allen Fragen an mich wenden.<\/p>\n<p>Meine Aufgaben: Termin- und Koordination, Buchhaltung, Administration.<\/p>\n","protected":false},"excerpt":{"rendered":"<p>In den letzten 16 Jahren habe ich in einer ganz anderen Branche gearbeitet. Ich freue mich darauf, ab dem 01.03.2019<\/p>\n","protected":false},"author":1,"featured_media":0,"parent":369,"menu_order":1050,"comment_status":"closed","ping_status":"closed","template":"","meta":{"footnotes":""},"class_list":["post-695","page","type-page","status-publish","hentry"],"translation":{"provider":"WPGlobus","version":"3.0.2","language":"gb","enabled_languages":["de","gb","es"],"languages":{"de":{"title":true,"content":true,"excerpt":false},"gb":{"title":false,"content":false,"excerpt":false},"es":{"title":false,"content":false,"excerpt":false}}},"_links":{"self":[{"href":"https:\/\/naturheilzentrum-buchweizenberg.de\/gb\/wp-json\/wp\/v2\/pages\/695","targetHints":{"allow":["GET"]}}],"collection":[{"href":"https:\/\/naturheilzentrum-buchweizenberg.de\/gb\/wp-json\/wp\/v2\/pages"}],"about":[{"href":"https:\/\/naturheilzentrum-buchweizenberg.de\/gb\/wp-json\/wp\/v2\/types\/page"}],"author":[{"embeddable":true,"href":"https:\/\/naturheilzentrum-buchweizenberg.de\/gb\/wp-json\/wp\/v2\/users\/1"}],"replies":[{"embeddable":true,"href":"https:\/\/naturheilzentrum-buchweizenberg.de\/gb\/wp-json\/wp\/v2\/comments?post=695"}],"version-history":[{"count":4,"href":"https:\/\/naturheilzentrum-buchweizenberg.de\/gb\/wp-json\/wp\/v2\/pages\/695\/revisions"}],"predecessor-version":[{"id":2254,"href":"https:\/\/naturheilzentrum-buchweizenberg.de\/gb\/wp-json\/wp\/v2\/pages\/695\/revisions\/2254"}],"up":[{"embeddable":true,"href":"https:\/\/naturheilzentrum-buchweizenberg.de\/gb\/wp-json\/wp\/v2\/pages\/369"}],"wp:attachment":[{"href":"https:\/\/naturheilzentrum-buchweizenberg.de\/gb\/wp-json\/wp\/v2\/media?parent=695"}],"curies":[{"name":"wp","href":"https:\/\/api.w.org\/{rel}","templated":true}]}}