{"id":834,"date":"2019-01-08T20:03:51","date_gmt":"2019-01-08T19:03:51","guid":{"rendered":"https:\/\/naturheilzentrum-buchweizenberg.de\/?page_id=834"},"modified":"2024-02-09T16:19:35","modified_gmt":"2024-02-09T15:19:35","slug":"kurlaub-am-buchweizenberg","status":"publish","type":"page","link":"https:\/\/naturheilzentrum-buchweizenberg.de\/gb\/partner\/kurlaub-am-buchweizenberg\/","title":{"rendered":"(K)Urlaub am Buchweizenberg"},"content":{"rendered":"<p>Urlaub ist zur Erholung und zum Kr\u00e4ftesammeln da.<\/p>\n<p><strong>(K)urlaub am Buchweizenberg ist mehr.<\/strong><\/p>\n<p>Wir erstellen Ihnen aufgrund eines ausgiebigen Gespr\u00e4ches in Verbindung mit der erforderlichen Diagnostik (wie z.B. Dunkelfeld, Time-Waver oder Labor) einen individuellen Therapieplan. Dieser Plan ber\u00fccksichtigt sowohl Ihre pers\u00f6nlichen Beschwerden als auch Ihre Fitness, das Ihnen zur Verf\u00fcgung stehende Zeitfenster und Ihr Ziel, sprich was m\u00f6chten Sie mit diesem (K)urlaub erreichen.<\/p>\n<p>Neben den t\u00e4glichen Anwendungen wohnen Sie in einer Pension Ihrer Wahl in unserer unmittelbaren N\u00e4he und k\u00f6nnen in den anwendungsfreien Zeiten ausruhen und das sch\u00f6ne bergische Land genie\u00dfen.<\/p>\n<p>Nach der Zeit bei uns sind Sie nat\u00fcrlich wohlversorgt mit einem Plan, wie es nun zu Hause weitergeht um die wiedererlangte Gesundheit zu erhalten.<\/p>\n<p><strong>Beispiel f\u00fcr 1 Woche (K)urlaub am Buchweizenberg:<\/strong><\/p>\n<p>Anamnese, Time-Waver und Dunkelfelduntersuchung inclusive Beratung<\/p>\n<p>2x Colon-Hydrotherapie<\/p>\n<p>2 x Fu\u00df-Detox<\/p>\n<p>1x Chiro und Rehatron nach Bedarf<\/p>\n<p>1x Massage<\/p>\n<p>1x Ern\u00e4hrungsberatung: Wie stelle ich meine Ern\u00e4hrung langfristig um? Wie bereite ich vegane Ern\u00e4hrung zu?<\/p>\n<p>Abschlussgespr\u00e4ch mit einer umfangreichen Mappe f\u00fcr zu Hause.<\/p>\n<p>Diese Mappe enth\u00e4lt u.a. einen Ern\u00e4hrungs- und Fitnessplan sowie viele Anregungen zur Gesunderhaltung<\/p>\n<p>Kosten: 690,00 Euro (zzgl. Kosten f\u00fcr Mittel wie Merlins Pulver, Zeolith, Bitterkraft, etc.)<\/p>\n<p>M\u00f6gliche Erg\u00e4nzung nach Bedarf:<\/p>\n<p>Infusionstherapie je nach Behandlungsschwerpunkt und als sinnvolle Erg\u00e4nzung<\/p>\n<p>Physiotherapie: Beratung und \u00dcbungen f\u00fcr zu Hause<\/p>\n<p>Osteopathische Behandlung<\/p>\n<p>Klassisch-hom\u00f6opathische Anamnese<\/p>\n<p>&nbsp;<\/p>\n<p><strong>Das Ziel der Woche: <\/strong><\/p>\n<ul>\n<li><strong>Fit und vital im Alltag und Beruf<\/strong><\/li>\n<li><strong>Innerlicher Fr\u00fchjahrsputz<\/strong><\/li>\n<li><strong>Regeneration und neue Energie<\/strong><\/li>\n<\/ul>\n","protected":false},"excerpt":{"rendered":"<p>Urlaub ist zur Erholung und zum Kr\u00e4ftesammeln da. (K)urlaub am Buchweizenberg ist mehr. Wir erstellen Ihnen aufgrund eines ausgiebigen Gespr\u00e4ches<\/p>\n","protected":false},"author":1,"featured_media":0,"parent":571,"menu_order":0,"comment_status":"closed","ping_status":"closed","template":"","meta":{"footnotes":""},"class_list":["post-834","page","type-page","status-publish","hentry"],"translation":{"provider":"WPGlobus","version":"3.0.2","language":"gb","enabled_languages":["de","gb","es"],"languages":{"de":{"title":true,"content":true,"excerpt":false},"gb":{"title":false,"content":false,"excerpt":false},"es":{"title":false,"content":false,"excerpt":false}}},"_links":{"self":[{"href":"https:\/\/naturheilzentrum-buchweizenberg.de\/gb\/wp-json\/wp\/v2\/pages\/834","targetHints":{"allow":["GET"]}}],"collection":[{"href":"https:\/\/naturheilzentrum-buchweizenberg.de\/gb\/wp-json\/wp\/v2\/pages"}],"about":[{"href":"https:\/\/naturheilzentrum-buchweizenberg.de\/gb\/wp-json\/wp\/v2\/types\/page"}],"author":[{"embeddable":true,"href":"https:\/\/naturheilzentrum-buchweizenberg.de\/gb\/wp-json\/wp\/v2\/users\/1"}],"replies":[{"embeddable":true,"href":"https:\/\/naturheilzentrum-buchweizenberg.de\/gb\/wp-json\/wp\/v2\/comments?post=834"}],"version-history":[{"count":5,"href":"https:\/\/naturheilzentrum-buchweizenberg.de\/gb\/wp-json\/wp\/v2\/pages\/834\/revisions"}],"predecessor-version":[{"id":4090,"href":"https:\/\/naturheilzentrum-buchweizenberg.de\/gb\/wp-json\/wp\/v2\/pages\/834\/revisions\/4090"}],"up":[{"embeddable":true,"href":"https:\/\/naturheilzentrum-buchweizenberg.de\/gb\/wp-json\/wp\/v2\/pages\/571"}],"wp:attachment":[{"href":"https:\/\/naturheilzentrum-buchweizenberg.de\/gb\/wp-json\/wp\/v2\/media?parent=834"}],"curies":[{"name":"wp","href":"https:\/\/api.w.org\/{rel}","templated":true}]}}