{"id":952,"date":"2019-01-11T14:32:56","date_gmt":"2019-01-11T13:32:56","guid":{"rendered":"https:\/\/naturheilzentrum-buchweizenberg.de\/?page_id=952"},"modified":"2022-03-06T11:52:04","modified_gmt":"2022-03-06T10:52:04","slug":"patienten-akademie","status":"publish","type":"page","link":"https:\/\/naturheilzentrum-buchweizenberg.de\/gb\/patienten-akademie\/","title":{"rendered":"Patienten-Akademie"},"content":{"rendered":"<div class=\"entry-content clearfix\">\n<p>Seit \u00fcber 20 Jahren ist es am Buchweizenberg nicht nur unser Anliegen, unsere Patienten tatkr\u00e4ftig zu unterst\u00fctzen ihre Gesundheit wieder herzustellen, sondern auch zu erhalten. W\u00e4hrend einer Behandlung k\u00f6nnen wir leider nicht unser ganzes Wissen vermitteln.<\/p>\n<p>Aus dieser Erfahrung heraus haben wir die Idee der Patienten-Akademie entwickelt. Seit dem 08.07.2018 haben Sie als Patient am Buchweizenberg die M\u00f6glichkeit, in diversen Seminaren vieles aus unserem Wissensschatz zu erfahren, um selbst aktiv Ihre Gesundheit zu erhalten.<\/p>\n<p>M\u00f6chten Sie lernen, k\u00f6stliche vegane Gerichte zuzubereiten, durch \u00dcbungen und Training den Bewegungsapparat fit zu halten, selbst Salben und Tees herzustellen oder den Alltag durch schamanische Rituale mal ganz anders zu erleben?<\/p>\n<\/div>\n<div class=\"entry-content clearfix\">\n<p>Unsere Patienten-Akademie lebt von und f\u00fcr unsere Patienten. So sind wir dankbar f\u00fcr Ihre Anregungen, durch die wir immer wieder neue Seminare entwickeln und anbieten k\u00f6nnen. Durch die au\u00dfergew\u00f6hnliche Situation seit 2 Jahren konnten wir leider keine Seminare mehr vor Ort anbieten. Als Alternative haben wir begonnen, einige interessante Vortr\u00e4ge zum Anschauen online auf die Webseite zu laden.<\/p>\n<p>Wir hoffen sehr, dass es bald wieder im Naturheilzentrum Buchweizenberg los gehen kann und wir Sie hier zu einem regen Informationsaustausch begr\u00fc\u00dfen k\u00f6nnen.<\/p>\n<p>Wenn Sie ein Thema besonders interessiert, sprechen Sie uns gerne an.<\/p>\n<p>Ihr Buchweizenberg-Team<\/p>\n<p><strong>Termine<\/strong><br \/>\n<a href=\"\/events\/categories\/patienten-akadamie\/\">Termine Patienten-Akademie<\/a><\/p>\n<p><strong>Anmeldung per E-Mail<\/strong><br \/>\n<a href=\"mailto:info@naturheilzentrum-buchweizenberg.de?subject=Anmeldung%20Patienten-Akademie&amp;body=Sehr%20geehrte%20Damen%20und%20Herren%2C%0D%0A%0D%0AHiermit%20melde%20ich%20mich%20verbindlich%20zu%20folgender%2Fm%20Veranstaltung%2FSeminar%20an%3A%0D%0A%0D%0ASeminartitel%3A%20%0D%0A%0D%0ASeminardatum%3A%20%0D%0A%0D%0AKosten%3A%20%0D%0A%0D%0AName%3A%20%0D%0A%0D%0AVorname%3A%20%0D%0A%0D%0AAdresse%3A%20%0D%0A%0D%0ATelefon%3A%20%0D%0A%0D%0AVeranstaltungsort%3A%20Buchweizenberg%2032%2C%2042699%20Solingen%2C%20Tel.%3A%200212-6500300%20%0D%0A%E2%80%8BDie%20AGB%20%28Allgemeine%20Gesch%C3%A4ftsbedingungen%2C%20einsehbar%20unter%20https%3A%2F%2Fnaturheilzentrum-buchweizenberg.de%2Fpatienten-akademie%29%20habe%20ich%20gelesen%2C%20verstanden%20und%20akzeptiert.%20%0D%0A%0D%0A\">Anmeldung Patienten-Akademie<\/a><\/p>\n<p><strong>Anmeldung per Formular<\/strong><br \/>\n<a href=\"https:\/\/naturheilzentrum-buchweizenberg.de\/wp-content\/uploads\/2021\/02\/Anmeldeformular-Patienten-Akademie.pdf\">Anmeldeformular Patienten-Akademie<\/a><\/p>\n<p><strong>AGB<\/strong><br \/>\n<a href=\"https:\/\/naturheilzentrum-buchweizenberg.de\/wp-content\/uploads\/2021\/02\/Allgemeine-Geschaeftsbedingungen-Patienten-Akademie.pdf\">Allgemeine-Gesch\u00e4ftsbedingungen-Patienten Akademie<\/a><\/p>\n<p><strong><span style=\"color: #ff0000;\">NEU<\/span> &#8211; Downloads<br \/>\n<\/strong><a href=\"https:\/\/naturheilzentrum-buchweizenberg.de\/akademiedownloads\/\">Interessante Inhalte kostenlos als PDF Dokument &#8211; hier f\u00fcr Sie zum Herunterladen<\/a><strong><br \/>\n<\/strong><\/p>\n<p><strong><span style=\"color: #ff0000;\">NEU<\/span> &#8211; Vortr\u00e4ge<br \/>\n<\/strong><a href=\"https:\/\/naturheilzentrum-buchweizenberg.de\/patienten-akademie\/vortraege\/\">Interessante Videos &#8211; kostenlos f\u00fcr Sie zum Ansehen<\/a><\/p>\n<\/div>\n","protected":false},"excerpt":{"rendered":"<p>Seit \u00fcber 20 Jahren ist es am Buchweizenberg nicht nur unser Anliegen, unsere Patienten tatkr\u00e4ftig zu unterst\u00fctzen ihre Gesundheit wieder<\/p>\n","protected":false},"author":2,"featured_media":0,"parent":0,"menu_order":0,"comment_status":"closed","ping_status":"closed","template":"","meta":{"footnotes":""},"class_list":["post-952","page","type-page","status-publish","hentry"],"translation":{"provider":"WPGlobus","version":"3.0.2","language":"gb","enabled_languages":["de","gb","es"],"languages":{"de":{"title":true,"content":true,"excerpt":false},"gb":{"title":false,"content":false,"excerpt":false},"es":{"title":false,"content":false,"excerpt":false}}},"_links":{"self":[{"href":"https:\/\/naturheilzentrum-buchweizenberg.de\/gb\/wp-json\/wp\/v2\/pages\/952","targetHints":{"allow":["GET"]}}],"collection":[{"href":"https:\/\/naturheilzentrum-buchweizenberg.de\/gb\/wp-json\/wp\/v2\/pages"}],"about":[{"href":"https:\/\/naturheilzentrum-buchweizenberg.de\/gb\/wp-json\/wp\/v2\/types\/page"}],"author":[{"embeddable":true,"href":"https:\/\/naturheilzentrum-buchweizenberg.de\/gb\/wp-json\/wp\/v2\/users\/2"}],"replies":[{"embeddable":true,"href":"https:\/\/naturheilzentrum-buchweizenberg.de\/gb\/wp-json\/wp\/v2\/comments?post=952"}],"version-history":[{"count":29,"href":"https:\/\/naturheilzentrum-buchweizenberg.de\/gb\/wp-json\/wp\/v2\/pages\/952\/revisions"}],"predecessor-version":[{"id":3661,"href":"https:\/\/naturheilzentrum-buchweizenberg.de\/gb\/wp-json\/wp\/v2\/pages\/952\/revisions\/3661"}],"wp:attachment":[{"href":"https:\/\/naturheilzentrum-buchweizenberg.de\/gb\/wp-json\/wp\/v2\/media?parent=952"}],"curies":[{"name":"wp","href":"https:\/\/api.w.org\/{rel}","templated":true}]}}